{"id":3584,"date":"2026-04-29T08:41:39","date_gmt":"2026-04-29T08:41:39","guid":{"rendered":"https:\/\/odewinery.com\/?post_type=product&#038;p=3584"},"modified":"2026-04-30T20:28:07","modified_gmt":"2026-04-30T20:28:07","slug":"astrology-wine-workshop","status":"publish","type":"product","link":"https:\/\/odewinery.com\/pt\/produto\/astrology-wine-workshop\/","title":{"rendered":"Astrology &#038; Wine Workshop"},"content":{"rendered":"","protected":false},"excerpt":{"rendered":"<p class=\"p1\">No dia <strong>17 de maio<\/strong>, convidamo-lo a explorar os astros e os sentidos num workshop \u00fanico que cruza astrologia e vinho.<\/p>\n<p class=\"p1\">Durante uma manh\u00e3 na sala de eventos, a astr\u00f3loga <strong>In\u00eas Miranda<\/strong> conduz uma viagem pelos signos, os elementos e os perfis astrais. Uma experi\u00eancia pensada para curiosos e para apaixonados por vinho.<\/p>\n<p class=\"p1\">O workshop decorre das <strong>10h30 \u00e0s 13h30<\/strong> e ser\u00e1 guiado num ambiente descontra\u00eddo e envolvente de partilha e descoberta!<\/p>\n<p class=\"p1\">Ap\u00f3s o workshop, os participantes poder\u00e3o prolongar a experi\u00eancia com um almo\u00e7o opcional, com um menu especial criado exclusivamente para o grupo, por 25\u20ac por pessoa.<\/p>","protected":false},"featured_media":3585,"template":"","meta":{"inline_featured_image":false,"_exactmetrics_skip_tracking":false,"_exactmetrics_sitenote_active":false,"_exactmetrics_sitenote_note":"","_exactmetrics_sitenote_category":0},"product_brand":[],"product_cat":[104],"product_tag":[],"class_list":{"0":"post-3584","1":"product","2":"type-product","3":"status-publish","4":"has-post-thumbnail","6":"product_cat-events","8":"first","9":"instock","10":"virtual","11":"purchasable","12":"product-type-simple"},"group_of_quantity":0,"min_quantity":0,"max_quantity":"","exclude_order_quantity_value_rules":"no","exclude_category_quantity_rules":"no","combine_variations":"no","jetpack_sharing_enabled":true,"_links":{"self":[{"href":"https:\/\/odewinery.com\/pt\/wp-json\/wp\/v2\/product\/3584","targetHints":{"allow":["GET"]}}],"collection":[{"href":"https:\/\/odewinery.com\/pt\/wp-json\/wp\/v2\/product"}],"about":[{"href":"https:\/\/odewinery.com\/pt\/wp-json\/wp\/v2\/types\/product"}],"wp:featuredmedia":[{"embeddable":true,"href":"https:\/\/odewinery.com\/pt\/wp-json\/wp\/v2\/media\/3585"}],"wp:attachment":[{"href":"https:\/\/odewinery.com\/pt\/wp-json\/wp\/v2\/media?parent=3584"}],"wp:term":[{"taxonomy":"product_brand","embeddable":true,"href":"https:\/\/odewinery.com\/pt\/wp-json\/wp\/v2\/product_brand?post=3584"},{"taxonomy":"product_cat","embeddable":true,"href":"https:\/\/odewinery.com\/pt\/wp-json\/wp\/v2\/product_cat?post=3584"},{"taxonomy":"product_tag","embeddable":true,"href":"https:\/\/odewinery.com\/pt\/wp-json\/wp\/v2\/product_tag?post=3584"}],"curies":[{"name":"wp","href":"https:\/\/api.w.org\/{rel}","templated":true}]}}