{"id":3466,"date":"2026-03-18T13:03:10","date_gmt":"2026-03-18T13:03:10","guid":{"rendered":"https:\/\/odewinery.com\/?post_type=product&#038;p=3466"},"modified":"2026-04-18T07:25:03","modified_gmt":"2026-04-18T07:25:03","slug":"food-love-fest","status":"publish","type":"product","link":"https:\/\/odewinery.com\/pt\/produto\/food-love-fest\/","title":{"rendered":"Food Love Fest"},"content":{"rendered":"","protected":false},"excerpt":{"rendered":"<p><strong>\u00daltimos bilhetes \u00e0 venda na porta do evento | Last tickets on sale at the door<\/strong><\/p>\n<p>&nbsp;<\/p>\n<p>No dia <strong>18 de Abril, das 11h \u00e0s 17h,<\/strong>\u00a0recebemos na ODE Winery o Food Love Fest , que re\u00fane gastronomia, vinho, produtores, chefs e experi\u00eancias em diferentes localiza\u00e7\u00f5es, criando um percurso \u00fanico por sabores, paisagens e pessoas.<\/p>\n<p>Integrado num roteiro que re\u00fane alguns dos melhores chefs do Alentejo e Ribatejo, o festival convida a descobrir menus exclusivos inspirados nos produtos, tradi\u00e7\u00f5es e sabores destas regi\u00f5es, numa verdadeira celebra\u00e7\u00e3o do patrim\u00f3nio gastron\u00f3mico local.<\/p>\n<p>Chefs Confirmados:<\/p>\n<p><strong>Rafael Duarte<\/strong><br \/>\nP\u00e1tio da Gra\u00e7a<\/p>\n<p><strong>Rui Lima<\/strong><br \/>\nDeselegante<\/p>\n<p><strong>Tiago Gaspar<\/strong><br \/>\nGimbrinhas<\/p>\n<p><strong>Maur\u00edcio Lage<\/strong><br \/>\nAmassa<\/p>\n<p><strong>Gon\u00e7alo Reguinga<\/strong><br \/>\nJardim do Sard\u00e3o<\/p>\n<p><strong>Rafael Selvagem<\/strong><br \/>\nOde Winery<\/p>\n<p><strong>Jo\u00e3o Correia<\/strong><br \/>\nAltis Avenida, Rossio Gastrobar<\/p>\n<p><strong>Hugo Guerra<\/strong><br \/>\nBica do Sapato<\/p>\n<p>Bilhetes: 75\u20ac por pessoa<br \/>\n<strong>Inclui 3 bebidas e comida \u00e0 discri\u00e7\u00e3o<\/strong><\/p>\n<p><strong>18 de Abril &#8211; 11h \u00e0s 17h<\/strong><br \/>\nODE Winery &#8211; R. Cor. Lopes Mateus, 13 &#8211; Vila Ch\u00e3 de Ourique<\/p>","protected":false},"featured_media":3540,"template":"","meta":{"inline_featured_image":false,"_exactmetrics_skip_tracking":false,"_exactmetrics_sitenote_active":false,"_exactmetrics_sitenote_note":"","_exactmetrics_sitenote_category":0},"product_brand":[],"product_cat":[104],"product_tag":[],"class_list":{"0":"post-3466","1":"product","2":"type-product","3":"status-publish","4":"has-post-thumbnail","6":"product_cat-events","8":"first","9":"outofstock","10":"virtual","11":"purchasable","12":"product-type-simple"},"group_of_quantity":0,"min_quantity":0,"max_quantity":"","exclude_order_quantity_value_rules":"no","exclude_category_quantity_rules":"no","combine_variations":"no","jetpack_sharing_enabled":true,"_links":{"self":[{"href":"https:\/\/odewinery.com\/pt\/wp-json\/wp\/v2\/product\/3466","targetHints":{"allow":["GET"]}}],"collection":[{"href":"https:\/\/odewinery.com\/pt\/wp-json\/wp\/v2\/product"}],"about":[{"href":"https:\/\/odewinery.com\/pt\/wp-json\/wp\/v2\/types\/product"}],"wp:featuredmedia":[{"embeddable":true,"href":"https:\/\/odewinery.com\/pt\/wp-json\/wp\/v2\/media\/3540"}],"wp:attachment":[{"href":"https:\/\/odewinery.com\/pt\/wp-json\/wp\/v2\/media?parent=3466"}],"wp:term":[{"taxonomy":"product_brand","embeddable":true,"href":"https:\/\/odewinery.com\/pt\/wp-json\/wp\/v2\/product_brand?post=3466"},{"taxonomy":"product_cat","embeddable":true,"href":"https:\/\/odewinery.com\/pt\/wp-json\/wp\/v2\/product_cat?post=3466"},{"taxonomy":"product_tag","embeddable":true,"href":"https:\/\/odewinery.com\/pt\/wp-json\/wp\/v2\/product_tag?post=3466"}],"curies":[{"name":"wp","href":"https:\/\/api.w.org\/{rel}","templated":true}]}}