{"id":3395,"date":"2026-03-05T10:49:53","date_gmt":"2026-03-05T10:49:53","guid":{"rendered":"https:\/\/odewinery.com\/?post_type=product&#038;p=3395"},"modified":"2026-03-20T16:41:50","modified_gmt":"2026-03-20T16:41:50","slug":"notas-de-amphora-wine-dinner","status":"publish","type":"product","link":"https:\/\/odewinery.com\/pt\/produto\/notas-de-amphora-wine-dinner\/","title":{"rendered":"Notas de Amphora &#8211; Wine Dinner"},"content":{"rendered":"","protected":false},"excerpt":{"rendered":"<p class=\"p1\">No dia 20 de mar\u00e7o, convidamo-lo a descer \u00e0s caves da ODE Winery para para uma experi\u00eancia \u00fanica e sensorial.<\/p>\n<p class=\"p1\">A noite come\u00e7a no ODE Cellar Door com um welcome drink, e depois segue para o ambiente subterr\u00e2neo da adega, onde ser\u00e1 servido um menu exclusivo concebido especialmente para esta ocasi\u00e3o.<\/p>\n<p class=\"p1\">O jantar ser\u00e1 harmonizado com dois vinhos de \u00e2nfora muito especiais: <span class=\"s1\"><b>ODE Amphora<\/b><\/span> e <span class=\"s1\"><b>ODE Feito \u00e0 M\u00e3o,<\/b><\/span>\u00a0express\u00f5es puras da nossa filosofia de <em>\u201cm\u00ednima interven\u00e7\u00e3o, m\u00e1xima aten\u00e7\u00e3o\u201d<\/em>.<\/p>\n<p class=\"p1\">Ao longo do jantar, a m\u00fasica do duo <span class=\"s1\"><b>Tessitori<\/b><\/span> acompanha a experi\u00eancia. Formado por <span class=\"s1\"><b>Isabel Pereira<\/b><\/span> e <span class=\"s1\"><b>Jo\u00e3o Loureiro<\/b><\/span>, m\u00fasicos premiados nacional e internacionalmente, o duo se formou na Royal Academy of Music, em Londres e desde ent\u00e3o, t\u00eam-se apresentado em salas como o Teatro Nacional de S\u00e3o Carlos, a Funda\u00e7\u00e3o Calouste Gulbenkian, o Festival Terras sem Sombra, a National Portrait Gallery e a St James\u2019s Piccadilly, entre muitos outros.<\/p>\n<p class=\"p1\">Nesta noite apresentam o programa <i>\u201cDue Voci\u201d<\/i>, que entrela\u00e7a as vozes de dois grandes compositores \u2014 J. S. Bach e B\u00e9la Bart\u00f3k \u2014 numa tape\u00e7aria musical de contrastes e afinidades inesperadas.<\/p>\n<p>Menu*<\/p>\n<p>Welcome Drink<\/p>\n<p>Novo Amphora<\/p>\n<p>\u00c0 Mesa<br \/>\nP\u00e3o caseiro<br \/>\nAzeite Sele\u00e7\u00e3o ODE<br \/>\nAzeitonas com furikake<br \/>\nTorresmos crocantes<\/p>\n<p>Entrada<br \/>\nPastel de cozido<br \/>\nHarmoniza\u00e7\u00e3o: ODE Feito \u00e0 M\u00e3o<\/p>\n<p>Prato Principal<br \/>\nBorrego em molho rico, com polenta frita<br \/>\nHarmoniza\u00e7\u00e3o: ODE Amphora Alicante Bouschet<\/p>\n<p>Sobremesa<br \/>\nSericaia, creme de ovo e gelado<br \/>\nHarmoniza\u00e7\u00e3o: Colheita Tardia Starwines<\/p>\n<p>*Op\u00e7\u00f5es vegetarianas tamb\u00e9m dispon\u00edveis.<\/p>\n<p class=\"p1\">As vagas s\u00e3o limitadas.<\/p>","protected":false},"featured_media":3411,"template":"","meta":{"inline_featured_image":false,"_exactmetrics_skip_tracking":false,"_exactmetrics_sitenote_active":false,"_exactmetrics_sitenote_note":"","_exactmetrics_sitenote_category":0},"product_brand":[],"product_cat":[104],"product_tag":[],"class_list":{"0":"post-3395","1":"product","2":"type-product","3":"status-publish","4":"has-post-thumbnail","6":"product_cat-events","8":"first","9":"outofstock","10":"virtual","11":"purchasable","12":"product-type-simple"},"group_of_quantity":0,"min_quantity":0,"max_quantity":"","exclude_order_quantity_value_rules":"no","exclude_category_quantity_rules":"no","combine_variations":"no","jetpack_sharing_enabled":true,"_links":{"self":[{"href":"https:\/\/odewinery.com\/pt\/wp-json\/wp\/v2\/product\/3395","targetHints":{"allow":["GET"]}}],"collection":[{"href":"https:\/\/odewinery.com\/pt\/wp-json\/wp\/v2\/product"}],"about":[{"href":"https:\/\/odewinery.com\/pt\/wp-json\/wp\/v2\/types\/product"}],"wp:featuredmedia":[{"embeddable":true,"href":"https:\/\/odewinery.com\/pt\/wp-json\/wp\/v2\/media\/3411"}],"wp:attachment":[{"href":"https:\/\/odewinery.com\/pt\/wp-json\/wp\/v2\/media?parent=3395"}],"wp:term":[{"taxonomy":"product_brand","embeddable":true,"href":"https:\/\/odewinery.com\/pt\/wp-json\/wp\/v2\/product_brand?post=3395"},{"taxonomy":"product_cat","embeddable":true,"href":"https:\/\/odewinery.com\/pt\/wp-json\/wp\/v2\/product_cat?post=3395"},{"taxonomy":"product_tag","embeddable":true,"href":"https:\/\/odewinery.com\/pt\/wp-json\/wp\/v2\/product_tag?post=3395"}],"curies":[{"name":"wp","href":"https:\/\/api.w.org\/{rel}","templated":true}]}}