{"id":3233,"date":"2025-12-10T16:44:26","date_gmt":"2025-12-10T16:44:26","guid":{"rendered":"https:\/\/odewinery.com\/?post_type=product&#038;p=3233"},"modified":"2025-12-10T16:47:28","modified_gmt":"2025-12-10T16:47:28","slug":"ode-enologa-tinto-2023","status":"publish","type":"product","link":"https:\/\/odewinery.com\/pt\/produto\/ode-enologa-tinto-2023\/","title":{"rendered":"ODE En\u00f3loga Tinto 2023"},"content":{"rendered":"","protected":false},"excerpt":{"rendered":"<div class=\"page\" title=\"Page 3\">\n<div class=\"layoutArea\">\n<div class=\"column\">\n<h3 style=\"text-align: left;\">NOTAS DE PROVA<\/h3>\n<p>Our &#8216;En\u00f3loga&#8217; wines represent unique, limited expressions of the best of our vineyards in any given year.<\/p>\n<p>Touriga Nacional is our principal red variety and it is fitting that this variety produces our finest red expression.<\/p>\n<p>Este vinho \u00e9 o resultado da \"Aten\u00e7\u00e3o M\u00e1xima\" que a nossa en\u00f3loga, Maria Vicente, presta a cada vinho e, neste caso, a cada barrica.<\/p>\n<p>Our best Touriga Nacional was carefully selected, and then fermented in temperature controlled stainless steel deposits before a gentle maturation in 500L French oak barrels 12 months. A beautiful example of restrained power. Deep red and black fruits are seamlessly melded together in an elegant, textured wine.<\/p>\n<div class=\"column\">\n<h3 style=\"text-align: left;\">SUGEST\u00d5ES DE HARMONIZA\u00c7\u00c3O<\/h3>\n<p style=\"text-align: left;\">Such a refined red wine as this deserved to be paired with the finest cuts of red meat. En\u00f3loga Tinto is the perfect accompaniment for seared lamb or venison loin a beautiful piece of A5 Wagyu striploin.<\/p>\n<\/div>\n<h3 style=\"text-align: left;\">POTENCIAL DE ENVELHECIMENTO<\/h3>\n<div class=\"page\" title=\"Page 3\">\n<div class=\"layoutArea\">\n<div class=\"column\">\n<p style=\"text-align: left;\">Drinking well on release, this will continue to develop beautifully over the next 15 years.<\/p>\n<\/div>\n<\/div>\n<\/div>\n<\/div>\n<\/div>\n<\/div>","protected":false},"featured_media":3234,"template":"","meta":{"inline_featured_image":false,"_exactmetrics_skip_tracking":false,"_exactmetrics_sitenote_active":false,"_exactmetrics_sitenote_note":"","_exactmetrics_sitenote_category":0},"product_brand":[],"product_cat":[32],"product_tag":[],"class_list":{"0":"post-3233","1":"product","2":"type-product","3":"status-publish","4":"has-post-thumbnail","6":"product_cat-red-wine","7":"has-subscription-plans","8":"member-discount","9":"discount-restricted","11":"first","12":"instock","13":"shipping-taxable","14":"purchasable","15":"product-type-simple"},"group_of_quantity":0,"min_quantity":0,"max_quantity":"","exclude_order_quantity_value_rules":"no","exclude_category_quantity_rules":"no","combine_variations":"no","jetpack_sharing_enabled":true,"_links":{"self":[{"href":"https:\/\/odewinery.com\/pt\/wp-json\/wp\/v2\/product\/3233","targetHints":{"allow":["GET"]}}],"collection":[{"href":"https:\/\/odewinery.com\/pt\/wp-json\/wp\/v2\/product"}],"about":[{"href":"https:\/\/odewinery.com\/pt\/wp-json\/wp\/v2\/types\/product"}],"wp:featuredmedia":[{"embeddable":true,"href":"https:\/\/odewinery.com\/pt\/wp-json\/wp\/v2\/media\/3234"}],"wp:attachment":[{"href":"https:\/\/odewinery.com\/pt\/wp-json\/wp\/v2\/media?parent=3233"}],"wp:term":[{"taxonomy":"product_brand","embeddable":true,"href":"https:\/\/odewinery.com\/pt\/wp-json\/wp\/v2\/product_brand?post=3233"},{"taxonomy":"product_cat","embeddable":true,"href":"https:\/\/odewinery.com\/pt\/wp-json\/wp\/v2\/product_cat?post=3233"},{"taxonomy":"product_tag","embeddable":true,"href":"https:\/\/odewinery.com\/pt\/wp-json\/wp\/v2\/product_tag?post=3233"}],"curies":[{"name":"wp","href":"https:\/\/api.w.org\/{rel}","templated":true}]}}