{"id":3231,"date":"2025-12-10T16:37:06","date_gmt":"2025-12-10T16:37:06","guid":{"rendered":"https:\/\/odewinery.com\/?post_type=product&#038;p=3231"},"modified":"2026-03-28T13:15:23","modified_gmt":"2026-03-28T13:15:23","slug":"ode-enologa-branco-2023","status":"publish","type":"product","link":"https:\/\/odewinery.com\/pt\/produto\/ode-enologa-branco-2023\/","title":{"rendered":"ODE En\u00f3loga Branco 2023"},"content":{"rendered":"","protected":false},"excerpt":{"rendered":"<div class=\"page\" title=\"Page 3\">\n<div class=\"layoutArea\">\n<div class=\"column\">\n<h3 style=\"text-align: left;\">NOTAS DE PROVA<\/h3>\n<p>Our &#8216;En\u00f3Ioga&#8217; wines represent unique, limited expressions of the best of our vineyards in any given year.<\/p>\n<p>In 2023 we were blessed with an excellent harvest of both Arinto and Fern\u00e3o Pires, two grape varieties that have special synergy together. These wines were aged for 12 months in 500L French oak barrels. The best barrels were then selected to create the special blend which is our En\u00f3loga.<\/p>\n<p>Este vinho \u00e9 o resultado da \"Aten\u00e7\u00e3o M\u00e1xima\" que a nossa en\u00f3loga, Maria Vicente, presta a cada vinho e, neste caso, a cada barrica.<\/p>\n<p>Incredibly complex and structured on the nose, with aromatic green apple toasted nuts. The pallet is full bodied but well defined and toned with persistent acidity that transforms into a long, elegant finish. This is an ode to the 2023 vintage.<\/p>\n<div class=\"column\">\n<h3 style=\"text-align: left;\">SUGEST\u00d5ES DE HARMONIZA\u00c7\u00c3O<\/h3>\n<p style=\"text-align: left;\">A beautiful wine to pair roasted poultry of grilled seafood. Think roasted guinea fowl with chantarelles or grilled langostines with herb butter.<\/p>\n<\/div>\n<h3 style=\"text-align: left;\">POTENCIAL DE ENVELHECIMENTO<\/h3>\n<div class=\"page\" title=\"Page 3\">\n<div class=\"layoutArea\">\n<div class=\"column\">\n<p style=\"text-align: left;\">Este vinho est\u00e1 pronto para beber no lan\u00e7amento e continuar\u00e1 a aprofundar a complexidade nos pr\u00f3ximos 10 anos.<\/p>\n<\/div>\n<\/div>\n<\/div>\n<\/div>\n<\/div>\n<\/div>","protected":false},"featured_media":3317,"template":"","meta":{"inline_featured_image":false,"_exactmetrics_skip_tracking":false,"_exactmetrics_sitenote_active":false,"_exactmetrics_sitenote_note":"","_exactmetrics_sitenote_category":0},"product_brand":[],"product_cat":[33],"product_tag":[],"class_list":{"0":"post-3231","1":"product","2":"type-product","3":"status-publish","4":"has-post-thumbnail","6":"product_cat-white-wine","7":"has-subscription-plans","8":"member-discount","9":"discount-restricted","11":"first","12":"instock","13":"shipping-taxable","14":"purchasable","15":"product-type-simple"},"group_of_quantity":0,"min_quantity":0,"max_quantity":"","exclude_order_quantity_value_rules":"no","exclude_category_quantity_rules":"no","combine_variations":"no","jetpack_sharing_enabled":true,"_links":{"self":[{"href":"https:\/\/odewinery.com\/pt\/wp-json\/wp\/v2\/product\/3231","targetHints":{"allow":["GET"]}}],"collection":[{"href":"https:\/\/odewinery.com\/pt\/wp-json\/wp\/v2\/product"}],"about":[{"href":"https:\/\/odewinery.com\/pt\/wp-json\/wp\/v2\/types\/product"}],"wp:featuredmedia":[{"embeddable":true,"href":"https:\/\/odewinery.com\/pt\/wp-json\/wp\/v2\/media\/3317"}],"wp:attachment":[{"href":"https:\/\/odewinery.com\/pt\/wp-json\/wp\/v2\/media?parent=3231"}],"wp:term":[{"taxonomy":"product_brand","embeddable":true,"href":"https:\/\/odewinery.com\/pt\/wp-json\/wp\/v2\/product_brand?post=3231"},{"taxonomy":"product_cat","embeddable":true,"href":"https:\/\/odewinery.com\/pt\/wp-json\/wp\/v2\/product_cat?post=3231"},{"taxonomy":"product_tag","embeddable":true,"href":"https:\/\/odewinery.com\/pt\/wp-json\/wp\/v2\/product_tag?post=3231"}],"curies":[{"name":"wp","href":"https:\/\/api.w.org\/{rel}","templated":true}]}}