{"id":3183,"date":"2025-11-20T15:37:55","date_gmt":"2025-11-20T15:37:55","guid":{"rendered":"https:\/\/odewinery.com\/?post_type=product&#038;p=3183"},"modified":"2026-02-19T12:35:20","modified_gmt":"2026-02-19T12:35:20","slug":"ode-feito-a-mao-2023","status":"publish","type":"product","link":"https:\/\/odewinery.com\/pt\/produto\/ode-feito-a-mao-2023\/","title":{"rendered":"ODE Feito \u00e0 M\u00e3o 2023"},"content":{"rendered":"","protected":false},"excerpt":{"rendered":"<div class=\"page\" title=\"Page 3\">\n<div class=\"layoutArea\">\n<div class=\"column\">\n<h3 style=\"text-align: left;\">NOTAS DE PROVA<\/h3>\n<p>A test vineyard, field blend of Fernao Pires, Arinto, Encruzado, Antao Vaz, Viosinho, Cercial, Riesling, Chardonnay &amp; Sauvignon Blanc<\/p>\n<p>Feito \u00c0 M\u00e3o (Hand Made) is a fitting name for this wine as in every step of the wine making process, including picking, destemming, fermentation and bottling was completely made by hand. Fermented on stalks and skins for 270 days in traditional 500L Talhas before racking, and one month in French oak prior to bottling. This wine is an ode to traditional techniques.<\/p>\n<p>Amazing &amp; bright in the glass without any oxidative colour. On the nose it shows aromas of bright white flowers with hints of chamomile and fresh fruits. The palate is complex and textural, rich but at the same time well defined and long.<\/p>\n<div class=\"column\">\n<h3 style=\"text-align: left;\">SUGEST\u00d5ES DE HARMONIZA\u00c7\u00c3O<\/h3>\n<p style=\"text-align: left;\">This is a very food friendly wine lending itself to work across a wide range of seafood, shellfish and rice dishes. Where it really shines is when it is paired with slow roast Iberico Pork belly. Mmmm.<\/p>\n<\/div>\n<h3 style=\"text-align: left;\">POTENCIAL DE ENVELHECIMENTO<\/h3>\n<div class=\"page\" title=\"Page 3\">\n<div class=\"layoutArea\">\n<div class=\"column\">\n<p style=\"text-align: left;\">The wine will continue to develop in the bottle over the next 3-5 years.<\/p>\n<\/div>\n<\/div>\n<\/div>\n<\/div>\n<\/div>\n<\/div>","protected":false},"featured_media":3318,"template":"","meta":{"inline_featured_image":false,"_exactmetrics_skip_tracking":false,"_exactmetrics_sitenote_active":false,"_exactmetrics_sitenote_note":"","_exactmetrics_sitenote_category":0},"product_brand":[],"product_cat":[33],"product_tag":[],"class_list":{"0":"post-3183","1":"product","2":"type-product","3":"status-publish","4":"has-post-thumbnail","6":"product_cat-white-wine","7":"has-subscription-plans","8":"member-discount","9":"discount-restricted","11":"first","12":"instock","13":"shipping-taxable","14":"purchasable","15":"product-type-simple"},"group_of_quantity":0,"min_quantity":0,"max_quantity":"","exclude_order_quantity_value_rules":"no","exclude_category_quantity_rules":"no","combine_variations":"no","jetpack_sharing_enabled":true,"_links":{"self":[{"href":"https:\/\/odewinery.com\/pt\/wp-json\/wp\/v2\/product\/3183","targetHints":{"allow":["GET"]}}],"collection":[{"href":"https:\/\/odewinery.com\/pt\/wp-json\/wp\/v2\/product"}],"about":[{"href":"https:\/\/odewinery.com\/pt\/wp-json\/wp\/v2\/types\/product"}],"wp:featuredmedia":[{"embeddable":true,"href":"https:\/\/odewinery.com\/pt\/wp-json\/wp\/v2\/media\/3318"}],"wp:attachment":[{"href":"https:\/\/odewinery.com\/pt\/wp-json\/wp\/v2\/media?parent=3183"}],"wp:term":[{"taxonomy":"product_brand","embeddable":true,"href":"https:\/\/odewinery.com\/pt\/wp-json\/wp\/v2\/product_brand?post=3183"},{"taxonomy":"product_cat","embeddable":true,"href":"https:\/\/odewinery.com\/pt\/wp-json\/wp\/v2\/product_cat?post=3183"},{"taxonomy":"product_tag","embeddable":true,"href":"https:\/\/odewinery.com\/pt\/wp-json\/wp\/v2\/product_tag?post=3183"}],"curies":[{"name":"wp","href":"https:\/\/api.w.org\/{rel}","templated":true}]}}