{"id":3182,"date":"2025-11-20T15:27:30","date_gmt":"2025-11-20T15:27:30","guid":{"rendered":"https:\/\/odewinery.com\/?post_type=product&#038;p=3182"},"modified":"2026-02-16T13:22:16","modified_gmt":"2026-02-16T13:22:16","slug":"ode-fernao-pires-2024","status":"publish","type":"product","link":"https:\/\/odewinery.com\/pt\/produto\/ode-fernao-pires-2024\/","title":{"rendered":"ODE Fern\u00e3o Pires 2024"},"content":{"rendered":"","protected":false},"excerpt":{"rendered":"<div class=\"page\" title=\"Page 3\">\n<div class=\"layoutArea\">\n<div class=\"column\">\n<h3 style=\"text-align: left;\">NOTAS DE PROVA<\/h3>\n<p>Casta ind\u00edgena da regi\u00e3o.<\/p>\n<p>Fern\u00e3o Pires \u00e9 uma casta bastante vers\u00e1til que nos permite desenhar diferentes estilos de vinho. O nosso objetivo era criar um vinho que representasse o lado tropical da fruta, mas ao mesmo tempo bem\nestruturado e gastron\u00f3mico. 50% desse vinho envelheceu em barricas novas de 500l de carvalho franc\u00eas por 5 meses.<\/p>\n<p>Na boca, arrojado, mas fresco, com notas de fruta tropical e herb\u00e1ceos. A madeira criou um suporte e\nadicionou uma textura formid\u00e1vel ao vinho.<\/p>\n<div class=\"column\">\n<h3 style=\"text-align: left;\">SUGEST\u00d5ES DE HARMONIZA\u00c7\u00c3O<\/h3>\n<p style=\"text-align: left;\">Um vinho muito gastron\u00f3mico, que harmoniza com facilidade com marisco e saladas, mas tamb\u00e9m com porco ou vitela grelhada.<\/p>\n<\/div>\n<h3 style=\"text-align: left;\">POTENCIAL DE ENVELHECIMENTO<\/h3>\n<div class=\"page\" title=\"Page 3\">\n<div class=\"layoutArea\">\n<div class=\"column\">\n<p style=\"text-align: left;\">Este vinho tem o potencial de desenvolver a sua complexidade durante os 3 anos seguintes ao seu engarrafamento.<\/p>\n<\/div>\n<\/div>\n<\/div>\n<\/div>\n<\/div>\n<\/div>","protected":false},"featured_media":3319,"template":"","meta":{"inline_featured_image":false,"_exactmetrics_skip_tracking":false,"_exactmetrics_sitenote_active":false,"_exactmetrics_sitenote_note":"","_exactmetrics_sitenote_category":0},"product_brand":[],"product_cat":[33],"product_tag":[],"class_list":{"0":"post-3182","1":"product","2":"type-product","3":"status-publish","4":"has-post-thumbnail","6":"product_cat-white-wine","7":"has-subscription-plans","8":"member-discount","9":"discount-restricted","11":"first","12":"instock","13":"shipping-taxable","14":"purchasable","15":"product-type-simple"},"group_of_quantity":0,"min_quantity":0,"max_quantity":"","exclude_order_quantity_value_rules":"no","exclude_category_quantity_rules":"no","combine_variations":"no","jetpack_sharing_enabled":true,"_links":{"self":[{"href":"https:\/\/odewinery.com\/pt\/wp-json\/wp\/v2\/product\/3182","targetHints":{"allow":["GET"]}}],"collection":[{"href":"https:\/\/odewinery.com\/pt\/wp-json\/wp\/v2\/product"}],"about":[{"href":"https:\/\/odewinery.com\/pt\/wp-json\/wp\/v2\/types\/product"}],"wp:featuredmedia":[{"embeddable":true,"href":"https:\/\/odewinery.com\/pt\/wp-json\/wp\/v2\/media\/3319"}],"wp:attachment":[{"href":"https:\/\/odewinery.com\/pt\/wp-json\/wp\/v2\/media?parent=3182"}],"wp:term":[{"taxonomy":"product_brand","embeddable":true,"href":"https:\/\/odewinery.com\/pt\/wp-json\/wp\/v2\/product_brand?post=3182"},{"taxonomy":"product_cat","embeddable":true,"href":"https:\/\/odewinery.com\/pt\/wp-json\/wp\/v2\/product_cat?post=3182"},{"taxonomy":"product_tag","embeddable":true,"href":"https:\/\/odewinery.com\/pt\/wp-json\/wp\/v2\/product_tag?post=3182"}],"curies":[{"name":"wp","href":"https:\/\/api.w.org\/{rel}","templated":true}]}}