{"id":3179,"date":"2025-11-20T15:10:13","date_gmt":"2025-11-20T15:10:13","guid":{"rendered":"https:\/\/odewinery.com\/?post_type=product&#038;p=3179"},"modified":"2026-01-15T15:51:58","modified_gmt":"2026-01-15T15:51:58","slug":"ode-phosphorus-2024","status":"publish","type":"product","link":"https:\/\/odewinery.com\/pt\/produto\/ode-phosphorus-2024\/","title":{"rendered":"ODE Phosphorus 2024"},"content":{"rendered":"","protected":false},"excerpt":{"rendered":"<h3>NOTAS DE PROVA<\/h3>\n<p>Sometimes nature offers us unique expressions of our wines.<\/p>\n<p>Phosphorus, from the Latin for &#8220;bright light&#8221;, is made from some of our best Semillon grapes that have been fermented and then aged for 12 months in 500L French oak barrels.<\/p>\n<p>A complex nose of preserved lemon, grapefruit, quince &amp; white flowers which is enhanced by a flinty, smoky edge. Elegant and delicate, with a very long extremely balanced palate.<\/p>\n<p>In the mouth it has great texture which is exceptional in such a light bodied wine. Over time, with careful cellaring this will become even more complex and enticing.<\/p>\n<h3>SUGEST\u00d5ES DE HARMONIZA\u00c7\u00c3O<\/h3>\n<p>Semillon is a great wine to pair with seafood and this is no exception. Very gastronomic it will match very well with pan-seared scallops or freshly picked crab. In addition this wine will work extremely well with more robust white meats such as pheasant or slow roast pork, and fine soft cheeses.<\/p>\n<h3>POTENCIAL DE ENVELHECIMENTO<\/h3>\n<p>Elegant and approachable now, but with the ability to mature spectacularly of the next 15 years.<\/p>","protected":false},"featured_media":3320,"template":"","meta":{"inline_featured_image":false,"_exactmetrics_skip_tracking":false,"_exactmetrics_sitenote_active":false,"_exactmetrics_sitenote_note":"","_exactmetrics_sitenote_category":0},"product_brand":[],"product_cat":[33],"product_tag":[],"class_list":{"0":"post-3179","1":"product","2":"type-product","3":"status-publish","4":"has-post-thumbnail","6":"product_cat-white-wine","7":"has-subscription-plans","8":"member-discount","9":"discount-restricted","11":"first","12":"instock","13":"shipping-taxable","14":"purchasable","15":"product-type-simple"},"group_of_quantity":0,"min_quantity":0,"max_quantity":"","exclude_order_quantity_value_rules":"no","exclude_category_quantity_rules":"no","combine_variations":"no","jetpack_sharing_enabled":true,"_links":{"self":[{"href":"https:\/\/odewinery.com\/pt\/wp-json\/wp\/v2\/product\/3179","targetHints":{"allow":["GET"]}}],"collection":[{"href":"https:\/\/odewinery.com\/pt\/wp-json\/wp\/v2\/product"}],"about":[{"href":"https:\/\/odewinery.com\/pt\/wp-json\/wp\/v2\/types\/product"}],"wp:featuredmedia":[{"embeddable":true,"href":"https:\/\/odewinery.com\/pt\/wp-json\/wp\/v2\/media\/3320"}],"wp:attachment":[{"href":"https:\/\/odewinery.com\/pt\/wp-json\/wp\/v2\/media?parent=3179"}],"wp:term":[{"taxonomy":"product_brand","embeddable":true,"href":"https:\/\/odewinery.com\/pt\/wp-json\/wp\/v2\/product_brand?post=3179"},{"taxonomy":"product_cat","embeddable":true,"href":"https:\/\/odewinery.com\/pt\/wp-json\/wp\/v2\/product_cat?post=3179"},{"taxonomy":"product_tag","embeddable":true,"href":"https:\/\/odewinery.com\/pt\/wp-json\/wp\/v2\/product_tag?post=3179"}],"curies":[{"name":"wp","href":"https:\/\/api.w.org\/{rel}","templated":true}]}}