{"id":3133,"date":"2025-11-14T13:53:12","date_gmt":"2025-11-14T13:53:12","guid":{"rendered":"https:\/\/odewinery.com\/?post_type=product&#038;p=3133"},"modified":"2025-11-14T16:09:21","modified_gmt":"2025-11-14T16:09:21","slug":"taxa-de-inscricao-ode-market-winter-2025","status":"publish","type":"product","link":"https:\/\/odewinery.com\/pt\/produto\/taxa-de-inscricao-ode-market-winter-2025\/","title":{"rendered":"Taxa de Inscri\u00e7\u00e3o &#8211; ODE Market Winter 2025"},"content":{"rendered":"","protected":false},"excerpt":{"rendered":"<p class=\"p1\"><b>Obrigado pela sua inscri\u00e7\u00e3o para participar no ODE Market!<\/b><b><\/b><\/p>\n<p class=\"p3\">\u00c9 com muito prazer que contamos com os vossos produtos na pr\u00f3xima edi\u00e7\u00e3o do ODE Market, a realizar-se no domingo dia 07 de Dezembro.<\/p>\n<p class=\"p3\">Para efetuar o pagamento da inscri\u00e7\u00e3o, basta concluir a \u201ccompra\u201d aqui na p\u00e1gina, identificando-se com o nome da loja e\/ou do respons\u00e1vel indicado no ato da inscri\u00e7\u00e3o. Assim que recebermos o pagamento, receber\u00e3o uma confirma\u00e7\u00e3o autom\u00e1tica e, logo que poss\u00edvel, enviaremos a respetiva fatura por email.<\/p>\n<p class=\"p3\">Quaisquer outras informa\u00e7\u00f5es ser\u00e3o comunicadas por email. Estamos \u00e0 disposi\u00e7\u00e3o para quaisquer d\u00favidas ou esclarecimentos atrav\u00e9s do contacto@odewinery.com<\/p>","protected":false},"featured_media":3134,"template":"","meta":{"inline_featured_image":false,"_exactmetrics_skip_tracking":false,"_exactmetrics_sitenote_active":false,"_exactmetrics_sitenote_note":"","_exactmetrics_sitenote_category":0},"product_brand":[],"product_cat":[104],"product_tag":[],"class_list":{"0":"post-3133","1":"product","2":"type-product","3":"status-publish","4":"has-post-thumbnail","6":"product_cat-events","8":"first","9":"instock","10":"virtual","11":"purchasable","12":"product-type-simple"},"group_of_quantity":0,"min_quantity":0,"max_quantity":"","exclude_order_quantity_value_rules":"no","exclude_category_quantity_rules":"no","combine_variations":"no","jetpack_sharing_enabled":true,"_links":{"self":[{"href":"https:\/\/odewinery.com\/pt\/wp-json\/wp\/v2\/product\/3133","targetHints":{"allow":["GET"]}}],"collection":[{"href":"https:\/\/odewinery.com\/pt\/wp-json\/wp\/v2\/product"}],"about":[{"href":"https:\/\/odewinery.com\/pt\/wp-json\/wp\/v2\/types\/product"}],"wp:featuredmedia":[{"embeddable":true,"href":"https:\/\/odewinery.com\/pt\/wp-json\/wp\/v2\/media\/3134"}],"wp:attachment":[{"href":"https:\/\/odewinery.com\/pt\/wp-json\/wp\/v2\/media?parent=3133"}],"wp:term":[{"taxonomy":"product_brand","embeddable":true,"href":"https:\/\/odewinery.com\/pt\/wp-json\/wp\/v2\/product_brand?post=3133"},{"taxonomy":"product_cat","embeddable":true,"href":"https:\/\/odewinery.com\/pt\/wp-json\/wp\/v2\/product_cat?post=3133"},{"taxonomy":"product_tag","embeddable":true,"href":"https:\/\/odewinery.com\/pt\/wp-json\/wp\/v2\/product_tag?post=3133"}],"curies":[{"name":"wp","href":"https:\/\/api.w.org\/{rel}","templated":true}]}}