{"id":3122,"date":"2025-11-12T11:22:33","date_gmt":"2025-11-12T11:22:33","guid":{"rendered":"https:\/\/odewinery.com\/?post_type=product&#038;p=3122"},"modified":"2026-01-07T08:01:13","modified_gmt":"2026-01-07T08:01:13","slug":"ode-unica-2025","status":"publish","type":"product","link":"https:\/\/odewinery.com\/pt\/produto\/ode-unica-2025\/","title":{"rendered":"ODE \u00danica 2025"},"content":{"rendered":"","protected":false},"excerpt":{"rendered":"<p>ODE \u00danica is an unique wine. That&#8217;s why each year it has a special label made by young artists in a partnership with Portugal&#8217;s arts schools. This year&#8217;s label comes in 3 different colours and was created by Mariana Santos Silva from Faculdade de Belas-Artes de Lisboa.<\/p>\n<h3 style=\"text-align: left;\">NOTAS DE PROVA<\/h3>\n<p>Elaborado atrav\u00e9s do processo de\nmacera\u00e7\u00e3o carb\u00f3nica, \"Unica\" \u00e9 um\nvinho ligeiro e divertido com taninos\nsuaves e notas de frutos silvestres e\npimenta preta.<\/p>\n<p>O vinho perfeito para celebrar o fim\ndas vindimas e festejar com\nfamiliares e amigos.<\/p>\n<h3>SUGEST\u00d5ES DE HARMONIZA\u00c7\u00c3O<\/h3>\n<p>O parceiro ideal para uma grande\nsele\u00e7\u00e3o de charcutaria. Funciona\nbem com uma grande variedade de\npratos de estilo tapas, e, pela sua\nestrutura suave de taninos. torna-o\n\u00f3timo com carnes para churrasco.<\/p>\n<h3>POTENCIAL DE ENVELHECIMENTO<\/h3>\n<p>Est\u00e1 pronto para beber, mas ir\u00e1\ndesenvolver maior complexidade\nnos pr\u00f3ximos 2 a 3 anos.<\/p>","protected":false},"featured_media":3244,"template":"","meta":{"inline_featured_image":false,"_exactmetrics_skip_tracking":false,"_exactmetrics_sitenote_active":false,"_exactmetrics_sitenote_note":"","_exactmetrics_sitenote_category":0},"product_brand":[],"product_cat":[32],"product_tag":[],"class_list":{"0":"post-3122","1":"product","2":"type-product","3":"status-publish","4":"has-post-thumbnail","6":"product_cat-red-wine","7":"has-subscription-plans","9":"first","10":"instock","11":"shipping-taxable","12":"purchasable","13":"product-type-simple"},"group_of_quantity":0,"min_quantity":0,"max_quantity":"","exclude_order_quantity_value_rules":"no","exclude_category_quantity_rules":"no","combine_variations":"no","jetpack_sharing_enabled":true,"_links":{"self":[{"href":"https:\/\/odewinery.com\/pt\/wp-json\/wp\/v2\/product\/3122","targetHints":{"allow":["GET"]}}],"collection":[{"href":"https:\/\/odewinery.com\/pt\/wp-json\/wp\/v2\/product"}],"about":[{"href":"https:\/\/odewinery.com\/pt\/wp-json\/wp\/v2\/types\/product"}],"wp:featuredmedia":[{"embeddable":true,"href":"https:\/\/odewinery.com\/pt\/wp-json\/wp\/v2\/media\/3244"}],"wp:attachment":[{"href":"https:\/\/odewinery.com\/pt\/wp-json\/wp\/v2\/media?parent=3122"}],"wp:term":[{"taxonomy":"product_brand","embeddable":true,"href":"https:\/\/odewinery.com\/pt\/wp-json\/wp\/v2\/product_brand?post=3122"},{"taxonomy":"product_cat","embeddable":true,"href":"https:\/\/odewinery.com\/pt\/wp-json\/wp\/v2\/product_cat?post=3122"},{"taxonomy":"product_tag","embeddable":true,"href":"https:\/\/odewinery.com\/pt\/wp-json\/wp\/v2\/product_tag?post=3122"}],"curies":[{"name":"wp","href":"https:\/\/api.w.org\/{rel}","templated":true}]}}