{"id":2918,"date":"2025-09-09T10:40:32","date_gmt":"2025-09-09T10:40:32","guid":{"rendered":"https:\/\/odewinery.com\/?post_type=product&#038;p=2918"},"modified":"2026-02-16T13:22:17","modified_gmt":"2026-02-16T13:22:17","slug":"ode-quarteto-2023","status":"publish","type":"product","link":"https:\/\/odewinery.com\/pt\/produto\/ode-quarteto-2023\/","title":{"rendered":"ODE Quarteto 2023"},"content":{"rendered":"","protected":false},"excerpt":{"rendered":"<h3 style=\"text-align: left;\">NOTAS DE PROVA<\/h3>\n<p>Estas quatro variedades foram co-fermentadas em a\u00e7o inoxid\u00e1vel antes de serem submetidas a uma\nlonga e lenta fermenta\u00e7\u00e3o malol\u00e1ctica. Este processo permite a harmoniza\u00e7\u00e3o completa das variedades como um todo, com os melhores atributos de cada uma trabalhando em sinergia. 50% do lote foi estagiado durante 10 meses em barricas usadas de carvalho franc\u00eas de 500L.<\/p>\n<p>Notas de frutos pretos, trufas, terra e especiarias, um vinho de sabores suaves com taninos picantes.<\/p>\n<h3>SUGEST\u00d5ES DE HARMONIZA\u00c7\u00c3O<\/h3>\n<p class=\"p1\">Um \u00f3timo vinho para carnes grelhadas como costeletas de cordeiro, carnes vermelhas, ou at\u00e9 mesmo uma grelhada mista do M\u00e9dio Oriente, caracterizada pelos sabores contrastantes das especiarias.<\/p>\n<h3>POTENCIAL DE ENVELHECIMENTO<\/h3>\n<p class=\"p1\">Embora em perfeita harmonia desde o lan\u00e7amento, este vinho ir\u00e1 desenvolver todo o seu potencial nos pr\u00f3ximos 10 anos e recompensar\u00e1 aqueles que puderem ser pacientes o suficiente para esperar.<\/p>","protected":false},"featured_media":3264,"template":"","meta":{"inline_featured_image":false,"_exactmetrics_skip_tracking":false,"_exactmetrics_sitenote_active":false,"_exactmetrics_sitenote_note":"","_exactmetrics_sitenote_category":0},"product_brand":[],"product_cat":[32],"product_tag":[],"class_list":{"0":"post-2918","1":"product","2":"type-product","3":"status-publish","4":"has-post-thumbnail","6":"product_cat-red-wine","7":"has-subscription-plans","8":"member-discount","9":"discount-restricted","11":"first","12":"instock","13":"shipping-taxable","14":"purchasable","15":"product-type-simple"},"group_of_quantity":0,"min_quantity":0,"max_quantity":"","exclude_order_quantity_value_rules":"no","exclude_category_quantity_rules":"no","combine_variations":"no","jetpack_sharing_enabled":true,"_links":{"self":[{"href":"https:\/\/odewinery.com\/pt\/wp-json\/wp\/v2\/product\/2918","targetHints":{"allow":["GET"]}}],"collection":[{"href":"https:\/\/odewinery.com\/pt\/wp-json\/wp\/v2\/product"}],"about":[{"href":"https:\/\/odewinery.com\/pt\/wp-json\/wp\/v2\/types\/product"}],"wp:featuredmedia":[{"embeddable":true,"href":"https:\/\/odewinery.com\/pt\/wp-json\/wp\/v2\/media\/3264"}],"wp:attachment":[{"href":"https:\/\/odewinery.com\/pt\/wp-json\/wp\/v2\/media?parent=2918"}],"wp:term":[{"taxonomy":"product_brand","embeddable":true,"href":"https:\/\/odewinery.com\/pt\/wp-json\/wp\/v2\/product_brand?post=2918"},{"taxonomy":"product_cat","embeddable":true,"href":"https:\/\/odewinery.com\/pt\/wp-json\/wp\/v2\/product_cat?post=2918"},{"taxonomy":"product_tag","embeddable":true,"href":"https:\/\/odewinery.com\/pt\/wp-json\/wp\/v2\/product_tag?post=2918"}],"curies":[{"name":"wp","href":"https:\/\/api.w.org\/{rel}","templated":true}]}}