{"id":2674,"date":"2025-07-02T13:12:35","date_gmt":"2025-07-02T13:12:35","guid":{"rendered":"https:\/\/odewinery.com\/?post_type=product&#038;p=2674"},"modified":"2026-01-15T15:57:40","modified_gmt":"2026-01-15T15:57:40","slug":"ode-rose-2024","status":"publish","type":"product","link":"https:\/\/odewinery.com\/pt\/produto\/ode-rose-2024\/","title":{"rendered":"ODE Ros\u00e9 2024"},"content":{"rendered":"","protected":false},"excerpt":{"rendered":"<h3 style=\"text-align: left;\">NOTAS DE PROVA<\/h3>\n<p>Este \u00e9 um estilo de ros\u00e9 muito inovador e fresco, feito a partir de uma mistura de Touriga Nacional fermentada em a\u00e7o inoxid\u00e1vel, e Pinot Gris que foi fermentado em barris de carvalho franc\u00eas de\nsegundo uso.\nA Touriga Nacional proporciona fruto e acidez \u00e0 mistura, enquanto o Pinot Gris adiciona complexidade \u00e0 textura. O resultado \u00e9 um estilo de\nros\u00e9 impressionante e gastron\u00f3mico.\nO nosso ros\u00e9 est\u00e1 repleto de sabores brilhantes e frutados de morango e framboesa, que t\u00eam um paladar cremoso. Extremamente refrescante\ne perigosamente beb\u00edvel, este \u00e9 o\nvinho perfeito para os meses de ver\u00e3o.<\/p>\n<h3>SUGEST\u00d5ES DE HARMONIZA\u00c7\u00c3O<\/h3>\n<p>Ros\u00e9 \u00e9 um vinho fant\u00e1stico e divertido para combinar com uma ampla variedade de alimentos. \u00c9 \u00f3timo com charcutaria, salm\u00e3o fumado, carnes brancas grelhadas, cozinha indiana e tailandesa picante e at\u00e9 morangos frescos com natas batidas. Este \u00e9 um vinho para quebrar as regras. Desfrute ao ar livre com amigos.<\/p>\n<h3>POTENCIAL DE ENVELHECIMENTO<\/h3>\n<p>Um vinho pronto para beber jovem e deve ser consumido dentro dos primeiros 3 anos.<\/p>","protected":false},"featured_media":3322,"template":"","meta":{"inline_featured_image":false,"_exactmetrics_skip_tracking":false,"_exactmetrics_sitenote_active":false,"_exactmetrics_sitenote_note":"","_exactmetrics_sitenote_category":0},"product_brand":[],"product_cat":[57],"product_tag":[],"class_list":{"0":"post-2674","1":"product","2":"type-product","3":"status-publish","4":"has-post-thumbnail","6":"product_cat-rose-wine","7":"has-subscription-plans","8":"member-discount","9":"discount-restricted","11":"first","12":"instock","13":"shipping-taxable","14":"purchasable","15":"product-type-simple"},"group_of_quantity":0,"min_quantity":0,"max_quantity":"","exclude_order_quantity_value_rules":"no","exclude_category_quantity_rules":"no","combine_variations":"no","jetpack_sharing_enabled":true,"_links":{"self":[{"href":"https:\/\/odewinery.com\/pt\/wp-json\/wp\/v2\/product\/2674","targetHints":{"allow":["GET"]}}],"collection":[{"href":"https:\/\/odewinery.com\/pt\/wp-json\/wp\/v2\/product"}],"about":[{"href":"https:\/\/odewinery.com\/pt\/wp-json\/wp\/v2\/types\/product"}],"wp:featuredmedia":[{"embeddable":true,"href":"https:\/\/odewinery.com\/pt\/wp-json\/wp\/v2\/media\/3322"}],"wp:attachment":[{"href":"https:\/\/odewinery.com\/pt\/wp-json\/wp\/v2\/media?parent=2674"}],"wp:term":[{"taxonomy":"product_brand","embeddable":true,"href":"https:\/\/odewinery.com\/pt\/wp-json\/wp\/v2\/product_brand?post=2674"},{"taxonomy":"product_cat","embeddable":true,"href":"https:\/\/odewinery.com\/pt\/wp-json\/wp\/v2\/product_cat?post=2674"},{"taxonomy":"product_tag","embeddable":true,"href":"https:\/\/odewinery.com\/pt\/wp-json\/wp\/v2\/product_tag?post=2674"}],"curies":[{"name":"wp","href":"https:\/\/api.w.org\/{rel}","templated":true}]}}