{"id":2128,"date":"2024-10-10T09:09:07","date_gmt":"2024-10-10T09:09:07","guid":{"rendered":"https:\/\/odewinery.com\/?post_type=product&#038;p=2128"},"modified":"2026-04-03T21:56:15","modified_gmt":"2026-04-03T21:56:15","slug":"ode-arinto-2023","status":"publish","type":"product","link":"https:\/\/odewinery.com\/pt\/produto\/ode-arinto-2023\/","title":{"rendered":"ODE Arinto 2023"},"content":{"rendered":"","protected":false},"excerpt":{"rendered":"<div class=\"page\" title=\"Page 4\">\n<div class=\"layoutArea\">\n<div class=\"column\">\n<h3 style=\"text-align: left;\">NOTAS DE PROVA<\/h3>\n<p>Ador\u00e1mos Arinto!<br>\nA sua acidez natural e o seu baixo n\u00edvel alco\u00f3lico v\u00e3o permitir um grande potencial de envelhecimento em garrafa.<\/p>\n<p>Quando manuseada corretamente a casta permite desenhar um vinho fant\u00e1stico num estilo semelhante ao Borgonha. 50% deste vinho envelheceu por 5 meses em barricas novas de 500l de carvalho franc\u00eas.<\/p>\n<p>Um verdadeiro e elegante exemplo do potencial da casta. Notas de pera e ma\u00e7\u00e3 verde, marmelo e baunilha.<\/p>\n<h3 style=\"text-align: left;\">SUGEST\u00d5ES DE HARMONIZA\u00c7\u00c3O<\/h3>\n<div class=\"page\" title=\"Page 4\">\n<div class=\"layoutArea\">\n<div class=\"column\">\n<p style=\"text-align: left;\">Um vinho com uma acidez natural, \u00e9 uma \u00f3tima op\u00e7\u00e3o para pato confitado. Tamb\u00e9m resulta bem com risoto de cogumelos e queijo.<\/p>\n<h3 style=\"text-align: left;\">POTENCIAL DE ENVELHECIMENTO<\/h3>\n<div class=\"page\" title=\"Page 4\">\n<div class=\"layoutArea\">\n<div class=\"column\">\n<p style=\"text-align: left;\">Um vinho pronto a beber, mas com um excelente potencial de envelhecimento nos pr\u00f3ximos 10 anos.<\/p>\n<\/div>\n<\/div>\n<\/div>\n<\/div>\n<\/div>\n<\/div>\n<\/div>\n<\/div>\n<\/div>","protected":false},"featured_media":3323,"template":"","meta":{"inline_featured_image":false,"_exactmetrics_skip_tracking":false,"_exactmetrics_sitenote_active":false,"_exactmetrics_sitenote_note":"","_exactmetrics_sitenote_category":0},"product_brand":[],"product_cat":[33],"product_tag":[],"class_list":{"0":"post-2128","1":"product","2":"type-product","3":"status-publish","4":"has-post-thumbnail","6":"product_cat-white-wine","7":"has-subscription-plans","8":"member-discount","9":"discount-restricted","11":"first","12":"instock","13":"shipping-taxable","14":"purchasable","15":"product-type-simple"},"group_of_quantity":0,"min_quantity":0,"max_quantity":"","exclude_order_quantity_value_rules":"no","exclude_category_quantity_rules":"no","combine_variations":"no","jetpack_sharing_enabled":true,"_links":{"self":[{"href":"https:\/\/odewinery.com\/pt\/wp-json\/wp\/v2\/product\/2128","targetHints":{"allow":["GET"]}}],"collection":[{"href":"https:\/\/odewinery.com\/pt\/wp-json\/wp\/v2\/product"}],"about":[{"href":"https:\/\/odewinery.com\/pt\/wp-json\/wp\/v2\/types\/product"}],"wp:featuredmedia":[{"embeddable":true,"href":"https:\/\/odewinery.com\/pt\/wp-json\/wp\/v2\/media\/3323"}],"wp:attachment":[{"href":"https:\/\/odewinery.com\/pt\/wp-json\/wp\/v2\/media?parent=2128"}],"wp:term":[{"taxonomy":"product_brand","embeddable":true,"href":"https:\/\/odewinery.com\/pt\/wp-json\/wp\/v2\/product_brand?post=2128"},{"taxonomy":"product_cat","embeddable":true,"href":"https:\/\/odewinery.com\/pt\/wp-json\/wp\/v2\/product_cat?post=2128"},{"taxonomy":"product_tag","embeddable":true,"href":"https:\/\/odewinery.com\/pt\/wp-json\/wp\/v2\/product_tag?post=2128"}],"curies":[{"name":"wp","href":"https:\/\/api.w.org\/{rel}","templated":true}]}}