{"id":1157,"date":"2023-11-02T01:50:33","date_gmt":"2023-11-02T01:50:33","guid":{"rendered":"https:\/\/odewinery.com\/?post_type=product&#038;p=1157"},"modified":"2026-01-06T15:54:56","modified_gmt":"2026-01-06T15:54:56","slug":"ode-lagares-touriga-nacional-2022","status":"publish","type":"product","link":"https:\/\/odewinery.com\/pt\/produto\/ode-lagares-touriga-nacional-2022\/","title":{"rendered":"ODE &#8216;Lagares&#8217; Touriga Nacional 2022"},"content":{"rendered":"","protected":false},"excerpt":{"rendered":"<h3 style=\"text-align: left;\">NOTAS DE PROVA<\/h3>\n<p>A casta Touriga Nacional, tal como a Syrah e Aragon\u00eas \u00e9 frequentemente associada \u00e0 produ\u00e7\u00e3o de vinhos t\u00e2nicos poderosos. No entanto, consegue tamb\u00e9m apresentar um lado mais macio. S\u00e3o as caracter\u00edsticas picantes e arom\u00e1ticas da Touriga que fazem da variedade algo especial.<\/p>\n<p>As melhores uvas da nossa Touriga Nacional s\u00e3o escolhidas manualmente antes de serem pisadas a p\u00e9s em lagares tradicionais de pisa de pedra. O vinho \u00e9 posteriormente amadurecido em a\u00e7o inoxid\u00e1vel e envelhecido em barricas de carvalho franc\u00eas de 500L durante 12 meses. Altamente estruturado e com aromas a frutos vermelhos picantes com um fim de boca fino e preciso. A Touriga Nacional na sua vers\u00e3o mais elegante.<\/p>\n<h3>SUGEST\u00d5ES DE HARMONIZA\u00c7\u00c3O<\/h3>\n<p class=\"p1\">Um vinho com esta delicadeza \u00e9 a combina\u00e7\u00e3o perfeita para aves, patos, codornizes ou fais\u00e3o. A sua\nestrutura delicada tamb\u00e9m permite combinar bem com peixes gordurosos como salm\u00e3o ou atum. Dito isto, \u00e9 tamb\u00e9m uma alegria beb\u00ea-lo sem acompanhamento. Sa\u00fade!<\/p>\n<h3>POTENCIAL DE ENVELHECIMENTO<\/h3>\n<p class=\"p1\">Este vinho continuar\u00e1 a melhorar em complexidade nos pr\u00f3ximos 10 anos.<\/p>","protected":false},"featured_media":3267,"template":"","meta":{"inline_featured_image":false,"_exactmetrics_skip_tracking":false,"_exactmetrics_sitenote_active":false,"_exactmetrics_sitenote_note":"","_exactmetrics_sitenote_category":0},"product_brand":[],"product_cat":[32],"product_tag":[],"class_list":{"0":"post-1157","1":"product","2":"type-product","3":"status-publish","4":"has-post-thumbnail","6":"product_cat-red-wine","7":"has-subscription-plans","8":"member-discount","9":"discount-restricted","11":"first","12":"instock","13":"shipping-taxable","14":"purchasable","15":"product-type-simple"},"group_of_quantity":0,"min_quantity":0,"max_quantity":"","exclude_order_quantity_value_rules":"no","exclude_category_quantity_rules":"no","combine_variations":"no","jetpack_sharing_enabled":true,"_links":{"self":[{"href":"https:\/\/odewinery.com\/pt\/wp-json\/wp\/v2\/product\/1157","targetHints":{"allow":["GET"]}}],"collection":[{"href":"https:\/\/odewinery.com\/pt\/wp-json\/wp\/v2\/product"}],"about":[{"href":"https:\/\/odewinery.com\/pt\/wp-json\/wp\/v2\/types\/product"}],"wp:featuredmedia":[{"embeddable":true,"href":"https:\/\/odewinery.com\/pt\/wp-json\/wp\/v2\/media\/3267"}],"wp:attachment":[{"href":"https:\/\/odewinery.com\/pt\/wp-json\/wp\/v2\/media?parent=1157"}],"wp:term":[{"taxonomy":"product_brand","embeddable":true,"href":"https:\/\/odewinery.com\/pt\/wp-json\/wp\/v2\/product_brand?post=1157"},{"taxonomy":"product_cat","embeddable":true,"href":"https:\/\/odewinery.com\/pt\/wp-json\/wp\/v2\/product_cat?post=1157"},{"taxonomy":"product_tag","embeddable":true,"href":"https:\/\/odewinery.com\/pt\/wp-json\/wp\/v2\/product_tag?post=1157"}],"curies":[{"name":"wp","href":"https:\/\/api.w.org\/{rel}","templated":true}]}}