{"id":1015,"date":"2023-05-01T22:48:02","date_gmt":"2023-05-01T22:48:02","guid":{"rendered":"https:\/\/odewinery.com\/?post_type=product&#038;p=1015"},"modified":"2026-02-16T13:22:16","modified_gmt":"2026-02-16T13:22:16","slug":"ode-semillon-2023","status":"publish","type":"product","link":"https:\/\/odewinery.com\/pt\/produto\/ode-semillon-2023\/","title":{"rendered":"ODE Semillon 2023"},"content":{"rendered":"","protected":false},"excerpt":{"rendered":"<div class=\"page\" title=\"Page 1\">\n<div class=\"layoutArea\">\n<div class=\"column\">\n<div class=\"page\" title=\"Page 1\">\n<div class=\"layoutArea\">\n<div class=\"column\">\n<div class=\"page\" title=\"Page 1\">\n<div class=\"layoutArea\">\n<div class=\"column\">\n<div class=\"page\" title=\"Page 1\">\n<div class=\"layoutArea\">\n<div class=\"column\">\n<div class=\"page\" title=\"Page 1\">\n<div class=\"layoutArea\">\n<div class=\"column\">\n<h3 style=\"text-align: left;\">NOTAS DE PROVA<\/h3>\n<p>Uma casta francesa que n\u00e3o \u00e9 muito\ncomum em Portugal. Apesar de ser\nnormalmente associada a vinhos\ndoces, o ODE Semillon \u00e9 um vinho\nseco, com baixo n\u00edvel alco\u00f3lico, e\ncom uma elevada acidez natural.<\/p>\n<p>Com o intuito de adicionar textura e\ndefini\u00e7\u00e3o, cerca de 15% deste vinho\nenvelheceu em barricas novas de\n500l de carvalho franc\u00eas durante 5\nmeses.<\/p>\n<p>Na boca, seco e c\u00edtrico - notas de\nlim\u00e3o e lima, assim como ma\u00e7\u00e3\nverde e um final de boca mineral.<\/p>\n<h3 style=\"text-align: left;\">SUGEST\u00d5ES DE HARMONIZA\u00c7\u00c3O<\/h3>\n<div class=\"page\" title=\"Page 1\">\n<div class=\"layoutArea\">\n<div class=\"column\">\n<p style=\"text-align: left;\">Como um vinho jovem, este vinho\nharmoniza com facilidade com\nmarisco grelhado ou frito.\nEnvelhecido \u00e9 o vinho perfeito para\nacompanhar assado de porco ou\naves como fais\u00e3o.<\/p>\n<h3 style=\"text-align: left;\">POTENCIAL DE ENVELHECIMENTO<\/h3>\n<div class=\"page\" title=\"Page 1\">\n<div class=\"layoutArea\">\n<div class=\"column\">\n<p style=\"text-align: left;\">Vinho para consumo jovem, mas\ncom potencial de envelhecer em\ngarrafa por 10 ou mais anos.<\/p>\n<\/div>\n<\/div>\n<\/div>\n<\/div>\n<\/div>\n<\/div>\n<\/div>\n<\/div>\n<\/div>\n<\/div>\n<\/div>\n<\/div>\n<\/div>\n<\/div>\n<\/div>\n<\/div>\n<\/div>\n<\/div>\n<\/div>\n<\/div>\n<\/div>","protected":false},"featured_media":3337,"template":"","meta":{"inline_featured_image":false,"_exactmetrics_skip_tracking":false,"_exactmetrics_sitenote_active":false,"_exactmetrics_sitenote_note":"","_exactmetrics_sitenote_category":0},"product_brand":[],"product_cat":[33],"product_tag":[],"class_list":{"0":"post-1015","1":"product","2":"type-product","3":"status-publish","4":"has-post-thumbnail","6":"product_cat-white-wine","7":"has-subscription-plans","8":"member-discount","9":"discount-restricted","11":"first","12":"instock","13":"shipping-taxable","14":"purchasable","15":"product-type-simple"},"group_of_quantity":0,"min_quantity":0,"max_quantity":"","exclude_order_quantity_value_rules":"no","exclude_category_quantity_rules":"no","combine_variations":"no","jetpack_sharing_enabled":true,"_links":{"self":[{"href":"https:\/\/odewinery.com\/pt\/wp-json\/wp\/v2\/product\/1015","targetHints":{"allow":["GET"]}}],"collection":[{"href":"https:\/\/odewinery.com\/pt\/wp-json\/wp\/v2\/product"}],"about":[{"href":"https:\/\/odewinery.com\/pt\/wp-json\/wp\/v2\/types\/product"}],"wp:featuredmedia":[{"embeddable":true,"href":"https:\/\/odewinery.com\/pt\/wp-json\/wp\/v2\/media\/3337"}],"wp:attachment":[{"href":"https:\/\/odewinery.com\/pt\/wp-json\/wp\/v2\/media?parent=1015"}],"wp:term":[{"taxonomy":"product_brand","embeddable":true,"href":"https:\/\/odewinery.com\/pt\/wp-json\/wp\/v2\/product_brand?post=1015"},{"taxonomy":"product_cat","embeddable":true,"href":"https:\/\/odewinery.com\/pt\/wp-json\/wp\/v2\/product_cat?post=1015"},{"taxonomy":"product_tag","embeddable":true,"href":"https:\/\/odewinery.com\/pt\/wp-json\/wp\/v2\/product_tag?post=1015"}],"curies":[{"name":"wp","href":"https:\/\/api.w.org\/{rel}","templated":true}]}}