{"id":1014,"date":"2023-05-01T22:48:01","date_gmt":"2023-05-01T22:48:01","guid":{"rendered":"https:\/\/odewinery.com\/?post_type=product&#038;p=1014"},"modified":"2026-03-30T11:41:37","modified_gmt":"2026-03-30T11:41:37","slug":"ode-touriga-nacional-2023","status":"publish","type":"product","link":"https:\/\/odewinery.com\/pt\/produto\/ode-touriga-nacional-2023\/","title":{"rendered":"ODE Touriga Nacional 2023"},"content":{"rendered":"","protected":false},"excerpt":{"rendered":"<div class=\"page\" title=\"Page 5\">\n<div class=\"section\">\n<div class=\"layoutArea\">\n<div class=\"column\">\n<h3 style=\"text-align: left;\">NOTAS DE PROVA<\/h3>\n<p>Uma casta que se encontra por todo o pa\u00eds, esta variedade adapta-se bem \u00e0 regi\u00e3o do Tejo. O seu amadurecimento \u00e9 mais tardio e comporta-se bem em temperaturas mais quentes.<\/p>\n<p>As melhores uvas s\u00e3o escolhidas e maceradas a baixa temperatura antes de serem pisadas a p\u00e9 em lagares tradicionais de pisa de pedra. Posteriormente o vinho fica 3 meses no Ovoide - dep\u00f3sito poroso em forma de ovo - para permitir micro-oxigena\u00e7\u00e3o. 30% deste vinho envelheceu por 4 meses em barricas\nnovas de carvalho franc\u00eas.<\/p>\n<p>Aos olhos, um roxo intenso e vibrante, na boca ameixa, amora e especiarias.<\/p>\n<p>Este vinho \u00e9 envelhecido para real\u00e7ar os tons arom\u00e1ticos da casta.<\/p>\n<h3 style=\"text-align: left;\">SUGEST\u00d5ES DE HARMONIZA\u00c7\u00c3O<\/h3>\n<div class=\"page\" title=\"Page 5\">\n<div class=\"section\">\n<div class=\"layoutArea\">\n<div class=\"column\">\n<p style=\"text-align: left;\">O vinho ideal para churrasco e carnes vermelhas grelhadas, assim como para pratos mais complexos e molhos com base de tomate.<\/p>\n<h3 style=\"text-align: left;\">POTENCIAL DE ENVELHECIMENTO<\/h3>\n<div class=\"page\" title=\"Page 5\">\n<div class=\"section\">\n<div class=\"layoutArea\">\n<div class=\"column\">\n<p style=\"text-align: left;\">Pronto a beber, deve ser consumido nos primeiros 5 anos ap\u00f3s o engarrafamento.<\/p>\n<\/div>\n<\/div>\n<\/div>\n<\/div>\n<\/div>\n<\/div>\n<\/div>\n<\/div>\n<\/div>\n<\/div>\n<\/div>\n<\/div>","protected":false},"featured_media":3268,"template":"","meta":{"inline_featured_image":false,"_exactmetrics_skip_tracking":false,"_exactmetrics_sitenote_active":false,"_exactmetrics_sitenote_note":"","_exactmetrics_sitenote_category":0},"product_brand":[],"product_cat":[32],"product_tag":[],"class_list":{"0":"post-1014","1":"product","2":"type-product","3":"status-publish","4":"has-post-thumbnail","6":"product_cat-red-wine","7":"has-subscription-plans","8":"member-discount","9":"discount-restricted","11":"first","12":"instock","13":"shipping-taxable","14":"purchasable","15":"product-type-simple"},"group_of_quantity":0,"min_quantity":0,"max_quantity":"","exclude_order_quantity_value_rules":"no","exclude_category_quantity_rules":"no","combine_variations":"no","jetpack_sharing_enabled":true,"_links":{"self":[{"href":"https:\/\/odewinery.com\/pt\/wp-json\/wp\/v2\/product\/1014","targetHints":{"allow":["GET"]}}],"collection":[{"href":"https:\/\/odewinery.com\/pt\/wp-json\/wp\/v2\/product"}],"about":[{"href":"https:\/\/odewinery.com\/pt\/wp-json\/wp\/v2\/types\/product"}],"wp:featuredmedia":[{"embeddable":true,"href":"https:\/\/odewinery.com\/pt\/wp-json\/wp\/v2\/media\/3268"}],"wp:attachment":[{"href":"https:\/\/odewinery.com\/pt\/wp-json\/wp\/v2\/media?parent=1014"}],"wp:term":[{"taxonomy":"product_brand","embeddable":true,"href":"https:\/\/odewinery.com\/pt\/wp-json\/wp\/v2\/product_brand?post=1014"},{"taxonomy":"product_cat","embeddable":true,"href":"https:\/\/odewinery.com\/pt\/wp-json\/wp\/v2\/product_cat?post=1014"},{"taxonomy":"product_tag","embeddable":true,"href":"https:\/\/odewinery.com\/pt\/wp-json\/wp\/v2\/product_tag?post=1014"}],"curies":[{"name":"wp","href":"https:\/\/api.w.org\/{rel}","templated":true}]}}