{"id":1013,"date":"2023-05-01T22:48:01","date_gmt":"2023-05-01T22:48:01","guid":{"rendered":"https:\/\/odewinery.com\/?post_type=product&#038;p=1013"},"modified":"2026-04-01T15:51:27","modified_gmt":"2026-04-01T15:51:27","slug":"ode-viognier-2023","status":"publish","type":"product","link":"https:\/\/odewinery.com\/pt\/produto\/ode-viognier-2023\/","title":{"rendered":"ODE Viognier 2023"},"content":{"rendered":"","protected":false},"excerpt":{"rendered":"<div class=\"page\" title=\"Page 2\">\n<div class=\"layoutArea\">\n<div class=\"column\">\n<h3 style=\"text-align: left;\">NOTAS DE PROVA<\/h3>\n<p>Viognier \u00e9 uma casta francesa que apresenta uma grande capacidade de adapta\u00e7\u00e3o a esta regi\u00e3o.<\/p>\n<p>Este vinho \u00e9 um \u201cunoaked\u201d que se manteve em contacto com borras finas durante 5 meses ap\u00f3s a fermenta\u00e7\u00e3o.<\/p>\n<p>Esta t\u00e9cnica permitiu-nos dar corpo e uma maior intensidade de boca, retendo as conhecidas caracter\u00edsticas da casta como a sua frescura e o seu lado frutado. Notas de p\u00eassego, nectarinas, damascos e frutos tropicais e at\u00e9 mesmo gengibre e especiarias. gengibre e especiarias.<\/p>\n<h3 style=\"text-align: left;\">SUGEST\u00d5ES DE HARMONIZA\u00c7\u00c3O<\/h3>\n<div class=\"page\" title=\"Page 2\">\n<div class=\"layoutArea\">\n<div class=\"column\">\n<p style=\"text-align: left;\">Este vinho \u00e9 uma boa op\u00e7\u00e3o para uma grande variedade de cozinhas, mas harmoniza particularmente bem com sushi e sashimi, comida indiana picante e caril tailand\u00eas.<\/p>\n<h3 style=\"text-align: left;\">POTENCIAL DE ENVELHECIMENTO<\/h3>\n<div class=\"page\" title=\"Page 2\">\n<div class=\"layoutArea\">\n<div class=\"column\">\n<p style=\"text-align: left;\">Este vinho est\u00e1 pronto a beber jovem e deve ser consumido nos primeiros 3 anos.<\/p>\n<\/div>\n<\/div>\n<\/div>\n<\/div>\n<\/div>\n<\/div>\n<\/div>\n<\/div>\n<\/div>","protected":false},"featured_media":3338,"template":"","meta":{"inline_featured_image":false,"_exactmetrics_skip_tracking":false,"_exactmetrics_sitenote_active":false,"_exactmetrics_sitenote_note":"","_exactmetrics_sitenote_category":0},"product_brand":[],"product_cat":[33],"product_tag":[],"class_list":{"0":"post-1013","1":"product","2":"type-product","3":"status-publish","4":"has-post-thumbnail","6":"product_cat-white-wine","7":"has-subscription-plans","8":"member-discount","9":"discount-restricted","11":"first","12":"instock","13":"shipping-taxable","14":"purchasable","15":"product-type-simple"},"group_of_quantity":0,"min_quantity":0,"max_quantity":"","exclude_order_quantity_value_rules":"no","exclude_category_quantity_rules":"no","combine_variations":"no","jetpack_sharing_enabled":true,"_links":{"self":[{"href":"https:\/\/odewinery.com\/pt\/wp-json\/wp\/v2\/product\/1013","targetHints":{"allow":["GET"]}}],"collection":[{"href":"https:\/\/odewinery.com\/pt\/wp-json\/wp\/v2\/product"}],"about":[{"href":"https:\/\/odewinery.com\/pt\/wp-json\/wp\/v2\/types\/product"}],"wp:featuredmedia":[{"embeddable":true,"href":"https:\/\/odewinery.com\/pt\/wp-json\/wp\/v2\/media\/3338"}],"wp:attachment":[{"href":"https:\/\/odewinery.com\/pt\/wp-json\/wp\/v2\/media?parent=1013"}],"wp:term":[{"taxonomy":"product_brand","embeddable":true,"href":"https:\/\/odewinery.com\/pt\/wp-json\/wp\/v2\/product_brand?post=1013"},{"taxonomy":"product_cat","embeddable":true,"href":"https:\/\/odewinery.com\/pt\/wp-json\/wp\/v2\/product_cat?post=1013"},{"taxonomy":"product_tag","embeddable":true,"href":"https:\/\/odewinery.com\/pt\/wp-json\/wp\/v2\/product_tag?post=1013"}],"curies":[{"name":"wp","href":"https:\/\/api.w.org\/{rel}","templated":true}]}}