{"id":943,"date":"2023-04-26T16:29:03","date_gmt":"2023-04-26T16:29:03","guid":{"rendered":"https:\/\/odewinery.com\/?page_id=943"},"modified":"2025-08-18T11:00:16","modified_gmt":"2025-08-18T11:00:16","slug":"restaurant","status":"publish","type":"page","link":"https:\/\/odewinery.com\/pt\/restaurant\/","title":{"rendered":"Restaurante"},"content":{"rendered":"<div id=\"fws_69df132d066fb\"  data-column-margin=\"default\" data-midnight=\"light\"  class=\"wpb_row vc_row-fluid vc_row full-width-content  vc_row-o-equal-height vc_row-flex  vc_row-o-content-middle parallax_section  bottom_padding_phone_50pct\"  style=\"padding-top: 240px; padding-bottom: 240px; \"><div class=\"row-bg-wrap\" data-bg-animation=\"fade-in\" data-bg-overlay=\"false\"><div class=\"inner-wrap using-image\"><div class=\"row-bg using-image\" data-parallax-speed=\"fast\" style=\"background-image: url(https:\/\/odewinery.com\/wp-content\/uploads\/2024\/08\/ODE-Cellar-Door-9-Cozy-copy.jpg); background-position: center center; background-repeat: no-repeat; \"><\/div><\/div><\/div><div class=\"row_col_wrap_12 col span_12 light left\">\n\t<div  class=\"vc_col-sm-12 wpb_column column_container vc_column_container col has-animation no-extra-padding inherit_tablet inherit_phone\"  data-padding-pos=\"all\" data-has-bg-color=\"false\" data-bg-color=\"\" data-bg-opacity=\"1\" data-animation=\"fade-in-from-bottom\" data-delay=\"0\" >\n\t\t<div class=\"vc_column-inner\" >\n\t\t\t<div class=\"wpb_wrapper\">\n\t\t\t\t\n\t\t\t<\/div> \n\t\t<\/div>\n\t<\/div> \n<\/div><\/div>\r\n\t\t<div id=\"contact\"  data-column-margin=\"default\" data-midnight=\"dark\" data-top-percent=\"5%\"  class=\"wpb_row vc_row-fluid vc_row  fullpage\"  style=\"padding-top: calc(100vw * 0.05); padding-bottom: 0px; \"><div class=\"row-bg-wrap\" data-bg-animation=\"none\" data-bg-overlay=\"false\"><div class=\"inner-wrap\"><div class=\"row-bg\"  style=\"\"><\/div><\/div><\/div><div class=\"row_col_wrap_12 col span_12 dark left\">\n\t<div  class=\"vc_col-sm-12 wpb_column column_container vc_column_container col centered-text no-extra-padding inherit_tablet inherit_phone\"  data-padding-pos=\"all\" data-has-bg-color=\"false\" data-bg-color=\"\" data-bg-opacity=\"1\" data-animation=\"\" data-delay=\"0\" >\n\t\t<div class=\"vc_column-inner\" >\n\t\t\t<div class=\"wpb_wrapper\">\n\t\t\t\t<h2 style=\"text-align: center\" class=\"vc_custom_heading\" >RESTAURANTE ODE CELLAR DOOR<\/h2>\n\t\t\t<\/div> \n\t\t<\/div>\n\t<\/div> \n<\/div><\/div>\r\n\t\t<div id=\"contact\"  data-column-margin=\"default\" data-midnight=\"dark\" data-top-percent=\"2%\" data-bottom-percent=\"2%\"  class=\"wpb_row vc_row-fluid vc_row  fullpage\"  style=\"padding-top: calc(100vw * 0.02); padding-bottom: calc(100vw * 0.02); \"><div class=\"row-bg-wrap\" data-bg-animation=\"none\" data-bg-overlay=\"false\"><div class=\"inner-wrap\"><div class=\"row-bg\"  style=\"\"><\/div><\/div><\/div><div class=\"row_col_wrap_12 col span_12 dark left\">\n\t<div  class=\"vc_col-sm-12 wpb_column column_container vc_column_container col padding-3-percent inherit_tablet inherit_phone\"  data-padding-pos=\"bottom\" data-has-bg-color=\"false\" data-bg-color=\"\" data-bg-opacity=\"1\" data-animation=\"\" data-delay=\"0\" >\n\t\t<div class=\"vc_column-inner\" >\n\t\t\t<div class=\"wpb_wrapper\">\n\t\t\t\t<div class=\"divider-wrap\" data-alignment=\"default\"><div style=\"margin-top: 0.5px; height: 1px; margin-bottom: 0.5px;\" data-width=\"100%\" data-animate=\"yes\" data-animation-delay=\"\" data-color=\"default\" class=\"divider-border\"><\/div><\/div>\n\t\t\t<\/div> \n\t\t<\/div>\n\t<\/div> \n<\/div><\/div>\r\n\t\t<div id=\"contact\"  data-column-margin=\"default\" data-midnight=\"dark\" data-top-percent=\"2%\" data-bottom-percent=\"2%\"  class=\"wpb_row vc_row-fluid vc_row  fullpage\"  style=\"padding-top: calc(100vw * 0.02); padding-bottom: calc(100vw * 0.02); \"><div class=\"row-bg-wrap\" data-bg-animation=\"none\" data-bg-overlay=\"false\"><div class=\"inner-wrap\"><div class=\"row-bg\"  style=\"\"><\/div><\/div><\/div><div class=\"row_col_wrap_12 col span_12 dark left\">\n\t<div  class=\"vc_col-sm-8 wpb_column column_container vc_column_container col padding-3-percent inherit_tablet inherit_phone\"  data-padding-pos=\"bottom\" data-has-bg-color=\"false\" data-bg-color=\"\" data-bg-opacity=\"1\" data-animation=\"\" data-delay=\"0\" >\n\t\t<div class=\"vc_column-inner\" >\n\t\t\t<div class=\"wpb_wrapper\">\n\t\t\t\t\r\n<div class=\"wpb_text_column wpb_content_element  text-justify\" >\r\n\t<div class=\"wpb_wrapper\">\r\n\t\t<p>A nossa cozinha aplica t\u00e9cnicas de todo o mundo aos produtos locais, incluindo ingredientes cultivados e desenvolvidos na Ode Farm, numa aut\u00eantica experi\u00eancia &#8220;farm-to-table&#8221;. Com um conceito de partilha que incentiva a socializa\u00e7\u00e3o e a celebra\u00e7\u00e3o de cada momento, o menu est\u00e1 em constante evolu\u00e7\u00e3o, procurando sempre combinar o melhor do conhecimento internacional com os produtos locais.<br \/>\nO menu atual, com inspira\u00e7\u00e3o asi\u00e1tica, combina ingredientes do Ribatejo com o rigor e a mestria da culin\u00e1ria asi\u00e1tica, numa harmoniza\u00e7\u00e3o perfeita com os vinhos da Ode. Esta fus\u00e3o comprova a simbiose existente entre as diferentes t\u00e9cnicas culin\u00e1rias, os produtos locais e os vinhos portugueses.<\/p>\n\t<\/div>\r\n<\/div>\r\n\r\n\r\n\r\n<div class=\"divider-wrap\" data-alignment=\"default\"><div style=\"height: 1px;\" class=\"divider\"><\/div><\/div><div class=\"nectar-cta  alignment_tablet_center alignment_phone_center\" data-color=\"default\" data-using-bg=\"false\" data-style=\"see-through\" data-display=\"block\" data-alignment=\"center\" data-text-color=\"std\" ><h6> <span class=\"text\"> <\/span><span class=\"link_wrap\" ><a target=\"_blank\" class=\"link_text\" href=\"https:\/\/odewinery.com\/CellarDoor\/MenuPT.pdf\">https:\/\/odewinery.com\/wp-content\/uploads\/2024\/11\/Menu-CD-PT-24.11.07.pdf<span class=\"arrow\"><\/span><\/a><\/span><\/h6><\/div><div class=\"divider-wrap\" data-alignment=\"default\"><div style=\"height: 1px;\" class=\"divider\"><\/div><\/div>\r\n<div class=\"wpb_text_column wpb_content_element\" >\r\n\t<div class=\"wpb_wrapper\">\r\n\t\t<p>Tamb\u00e9m organizamos eventos \u00fanicos para tornar a sua experi\u00eancia inesquec\u00edvel. Descubra os nossos <a href=\"https:\/\/odewinery.com\/pt\/upcoming-events\/\">Pr\u00f3ximos Eventos<\/a>.<\/p>\n\t<\/div>\r\n<\/div>\r\n\r\n\r\n\r\n\n\t\t\t<\/div> \n\t\t<\/div>\n\t<\/div> \n\n\t<div  class=\"vc_col-sm-4 carousel-header wpb_column column_container vc_column_container col no-extra-padding inherit_tablet inherit_phone\"  data-padding-pos=\"all\" data-has-bg-color=\"false\" data-bg-color=\"\" data-bg-opacity=\"1\" data-animation=\"\" data-delay=\"0\" >\n\t\t<div class=\"vc_column-inner\" >\n\t\t\t<div class=\"wpb_wrapper\">\n\t\t\t\t<div class=\"owl-carousel\" data-enable-animation=\"\" data-loop=\"true\"  data-animation-delay=\"0\" data-autorotate=\"true\" data-autorotation-speed=\"5000\" data-column-padding=\"0\" data-desktop-cols=\"1\" data-desktop-small-cols=\"1\" data-tablet-cols=\"1\" data-mobile-cols=\"1\"><div class=\"carousel-item\"><div class=\"img-with-aniamtion-wrap\" data-max-width=\"100%\" data-max-width-mobile=\"default\" data-shadow=\"none\" data-animation=\"fade-in\" >\r\n      <div class=\"inner\">\r\n        <div class=\"hover-wrap\"> \r\n          <div class=\"hover-wrap-inner\">\r\n            <img loading=\"lazy\" decoding=\"async\" class=\"img-with-animation skip-lazy\" data-delay=\"0\" height=\"1200\" width=\"1600\" data-animation=\"fade-in\" src=\"https:\/\/odewinery.com\/wp-content\/uploads\/2024\/08\/PHOTO-2024-08-28-16-09-57.jpg\" alt=\"\" srcset=\"https:\/\/odewinery.com\/wp-content\/uploads\/2024\/08\/PHOTO-2024-08-28-16-09-57.jpg 1600w, https:\/\/odewinery.com\/wp-content\/uploads\/2024\/08\/PHOTO-2024-08-28-16-09-57-768x576.jpg 768w, https:\/\/odewinery.com\/wp-content\/uploads\/2024\/08\/PHOTO-2024-08-28-16-09-57-1536x1152.jpg 1536w, https:\/\/odewinery.com\/wp-content\/uploads\/2024\/08\/PHOTO-2024-08-28-16-09-57-1320x990.jpg 1320w, https:\/\/odewinery.com\/wp-content\/uploads\/2024\/08\/PHOTO-2024-08-28-16-09-57-1250x938.jpg 1250w\" sizes=\"auto, (min-width: 1450px) 75vw, (min-width: 1000px) 85vw, 100vw\" \/>\r\n          <\/div>\r\n        <\/div>\r\n      <\/div>\r\n    <\/div><\/div><div class=\"carousel-item\"><div class=\"img-with-aniamtion-wrap\" data-max-width=\"100%\" data-max-width-mobile=\"default\" data-shadow=\"none\" data-animation=\"fade-in\" >\r\n      <div class=\"inner\">\r\n        <div class=\"hover-wrap\"> \r\n          <div class=\"hover-wrap-inner\">\r\n            <img loading=\"lazy\" decoding=\"async\" class=\"img-with-animation skip-lazy\" data-delay=\"0\" height=\"2000\" width=\"3000\" data-animation=\"fade-in\" src=\"https:\/\/odewinery.com\/wp-content\/uploads\/2024\/08\/ODE-Cellar-Door-10-Cozy-copy.jpg\" alt=\"\" srcset=\"https:\/\/odewinery.com\/wp-content\/uploads\/2024\/08\/ODE-Cellar-Door-10-Cozy-copy.jpg 3000w, https:\/\/odewinery.com\/wp-content\/uploads\/2024\/08\/ODE-Cellar-Door-10-Cozy-copy-768x512.jpg 768w, https:\/\/odewinery.com\/wp-content\/uploads\/2024\/08\/ODE-Cellar-Door-10-Cozy-copy-1536x1024.jpg 1536w, https:\/\/odewinery.com\/wp-content\/uploads\/2024\/08\/ODE-Cellar-Door-10-Cozy-copy-2048x1365.jpg 2048w, https:\/\/odewinery.com\/wp-content\/uploads\/2024\/08\/ODE-Cellar-Door-10-Cozy-copy-900x600.jpg 900w, https:\/\/odewinery.com\/wp-content\/uploads\/2024\/08\/ODE-Cellar-Door-10-Cozy-copy-1320x880.jpg 1320w, https:\/\/odewinery.com\/wp-content\/uploads\/2024\/08\/ODE-Cellar-Door-10-Cozy-copy-1250x833.jpg 1250w\" sizes=\"auto, (min-width: 1450px) 75vw, (min-width: 1000px) 85vw, 100vw\" \/>\r\n          <\/div>\r\n        <\/div>\r\n      <\/div>\r\n    <\/div><\/div><div class=\"carousel-item\"><div class=\"img-with-aniamtion-wrap\" data-max-width=\"100%\" data-max-width-mobile=\"default\" data-shadow=\"none\" data-animation=\"fade-in\" >\r\n      <div class=\"inner\">\r\n        <div class=\"hover-wrap\"> \r\n          <div class=\"hover-wrap-inner\">\r\n            <img loading=\"lazy\" decoding=\"async\" class=\"img-with-animation skip-lazy\" data-delay=\"0\" height=\"2250\" width=\"3000\" data-animation=\"fade-in\" src=\"https:\/\/odewinery.com\/wp-content\/uploads\/2024\/08\/ODE-Cellar-Door-18-Joao-Carlos-copy.jpg\" alt=\"\" srcset=\"https:\/\/odewinery.com\/wp-content\/uploads\/2024\/08\/ODE-Cellar-Door-18-Joao-Carlos-copy.jpg 3000w, https:\/\/odewinery.com\/wp-content\/uploads\/2024\/08\/ODE-Cellar-Door-18-Joao-Carlos-copy-768x576.jpg 768w, https:\/\/odewinery.com\/wp-content\/uploads\/2024\/08\/ODE-Cellar-Door-18-Joao-Carlos-copy-1536x1152.jpg 1536w, https:\/\/odewinery.com\/wp-content\/uploads\/2024\/08\/ODE-Cellar-Door-18-Joao-Carlos-copy-2048x1536.jpg 2048w, https:\/\/odewinery.com\/wp-content\/uploads\/2024\/08\/ODE-Cellar-Door-18-Joao-Carlos-copy-1320x990.jpg 1320w, https:\/\/odewinery.com\/wp-content\/uploads\/2024\/08\/ODE-Cellar-Door-18-Joao-Carlos-copy-1250x938.jpg 1250w\" sizes=\"auto, (min-width: 1450px) 75vw, (min-width: 1000px) 85vw, 100vw\" \/>\r\n          <\/div>\r\n        <\/div>\r\n      <\/div>\r\n    <\/div><\/div><div class=\"carousel-item\"><div class=\"img-with-aniamtion-wrap\" data-max-width=\"100%\" data-max-width-mobile=\"default\" data-shadow=\"none\" data-animation=\"fade-in\" >\r\n      <div class=\"inner\">\r\n        <div class=\"hover-wrap\"> \r\n          <div class=\"hover-wrap-inner\">\r\n            <img loading=\"lazy\" decoding=\"async\" class=\"img-with-animation skip-lazy\" data-delay=\"0\" height=\"2250\" width=\"3000\" data-animation=\"fade-in\" src=\"https:\/\/odewinery.com\/wp-content\/uploads\/2024\/08\/ODE-Cellar-Door-22-Joao-Carlos-copy.jpg\" alt=\"\" srcset=\"https:\/\/odewinery.com\/wp-content\/uploads\/2024\/08\/ODE-Cellar-Door-22-Joao-Carlos-copy.jpg 3000w, https:\/\/odewinery.com\/wp-content\/uploads\/2024\/08\/ODE-Cellar-Door-22-Joao-Carlos-copy-768x576.jpg 768w, https:\/\/odewinery.com\/wp-content\/uploads\/2024\/08\/ODE-Cellar-Door-22-Joao-Carlos-copy-1536x1152.jpg 1536w, https:\/\/odewinery.com\/wp-content\/uploads\/2024\/08\/ODE-Cellar-Door-22-Joao-Carlos-copy-2048x1536.jpg 2048w, https:\/\/odewinery.com\/wp-content\/uploads\/2024\/08\/ODE-Cellar-Door-22-Joao-Carlos-copy-1320x990.jpg 1320w, https:\/\/odewinery.com\/wp-content\/uploads\/2024\/08\/ODE-Cellar-Door-22-Joao-Carlos-copy-1250x938.jpg 1250w\" sizes=\"auto, (min-width: 1450px) 75vw, (min-width: 1000px) 85vw, 100vw\" \/>\r\n          <\/div>\r\n        <\/div>\r\n      <\/div>\r\n    <\/div><\/div><\/div>\n\t\t\t<\/div> \n\t\t<\/div>\n\t<\/div> \n<\/div><\/div>\r\n\t\t<div id=\"fws_69df132d130f8\"  data-column-margin=\"default\" data-midnight=\"dark\" data-top-percent=\"5%\"  class=\"wpb_row vc_row-fluid vc_row\"  style=\"padding-top: calc(100vw * 0.05); padding-bottom: 0px; \"><div class=\"row-bg-wrap\" data-bg-animation=\"none\" data-bg-overlay=\"false\"><div class=\"inner-wrap\"><div class=\"row-bg\"  style=\"\"><\/div><\/div><\/div><div class=\"row_col_wrap_12 col span_12 dark left\">\n\t<div  class=\"vc_col-sm-12 wpb_column column_container vc_column_container col no-extra-padding inherit_tablet inherit_phone\"  data-padding-pos=\"all\" data-has-bg-color=\"false\" data-bg-color=\"\" data-bg-opacity=\"1\" data-animation=\"\" data-delay=\"0\" >\n\t\t<div class=\"vc_column-inner\" >\n\t\t\t<div class=\"wpb_wrapper\">\n\t\t\t\t<h2 style=\"text-align: center\" class=\"vc_custom_heading\" >RESERVAS<\/h2><div class=\"divider-wrap\" data-alignment=\"default\"><div style=\"height: 40px;\" class=\"divider\"><\/div><\/div>\n\t<div class=\"wpb_raw_code wpb_content_element wpb_raw_html\" >\n\t\t<div class=\"wpb_wrapper\">\n\t\t\t<iframe\n        src=\"https:\/\/widget.thefork.com\/f9a44a59-b6da-4bc8-aad9-6ab950fcb9e8\"\n        allow=\"payment *\"\n        style=\"width: 100%; min-height:600px; border:none; overflow:scroll;\"\n      ><\/iframe>\n\t\t<\/div>\n\t<\/div>\n\n\t\t\t<\/div> \n\t\t<\/div>\n\t<\/div> \n<\/div><\/div>\r\n\t\t<div id=\"fws_69df132d1439a\"  data-column-margin=\"default\" data-midnight=\"dark\" data-top-percent=\"3%\" data-bottom-percent=\"3%\"  class=\"wpb_row vc_row-fluid vc_row  vc_row-o-equal-height vc_row-flex\"  style=\"padding-top: calc(100vw * 0.03); padding-bottom: calc(100vw * 0.03); \"><div class=\"row-bg-wrap\" data-bg-animation=\"none\" data-bg-overlay=\"false\"><div class=\"inner-wrap\"><div class=\"row-bg\"  style=\"\"><\/div><\/div><\/div><div class=\"row_col_wrap_12 col span_12 dark left\">\n\t<div  class=\"vc_col-sm-1\/5 wpb_column column_container vc_column_container col no-extra-padding inherit_tablet inherit_phone\"  data-padding-pos=\"all\" data-has-bg-color=\"false\" data-bg-color=\"\" data-bg-opacity=\"1\" data-animation=\"\" data-delay=\"0\" >\n\t\t<div class=\"vc_column-inner\" >\n\t\t\t<div class=\"wpb_wrapper\">\n\t\t\t\t\n\t\t\t<\/div> \n\t\t<\/div>\n\t<\/div> \n\n\t<div  class=\"vc_col-sm-1\/5 wpb_column column_container vc_column_container col no-extra-padding inherit_tablet inherit_phone\"  data-padding-pos=\"all\" data-has-bg-color=\"false\" data-bg-color=\"\" data-bg-opacity=\"1\" data-animation=\"\" data-delay=\"0\" >\n\t\t<div class=\"vc_column-inner\" >\n\t\t\t<div class=\"wpb_wrapper\">\n\t\t\t\t<div class=\"img-with-aniamtion-wrap center\" data-max-width=\"none\" data-max-width-mobile=\"default\" data-border-radius=\"20px\" data-shadow=\"none\" data-animation=\"fade-in\" >\r\n      <div class=\"inner\">\r\n        <div class=\"hover-wrap\"> \r\n          <div class=\"hover-wrap-inner\">\r\n            <a href=\"https:\/\/odewinery.com\/pt\/upcoming-events\/\" target=\"_self\" class=\"center\">\r\n              <img loading=\"lazy\" decoding=\"async\" class=\"img-with-animation skip-lazy  nectar-lazy\" data-delay=\"0\" height=\"1200\" width=\"1200\" data-animation=\"fade-in\" data-nectar-img-src=\"https:\/\/odewinery.com\/wp-content\/uploads\/2024\/07\/btn-plan-your-event.jpg\" src=\"data:image\/svg+xml;charset=utf-8,%3Csvg%20xmlns%3D'http%3A%2F%2Fwww.w3.org%2F2000%2Fsvg'%20viewBox%3D'0%200%201200%201200'%2F%3E\" alt=\"\" data-nectar-img-srcset=\"https:\/\/odewinery.com\/wp-content\/uploads\/2024\/07\/btn-plan-your-event.jpg 1200w, https:\/\/odewinery.com\/wp-content\/uploads\/2024\/07\/btn-plan-your-event-768x768.jpg 768w, https:\/\/odewinery.com\/wp-content\/uploads\/2024\/07\/btn-plan-your-event-100x100.jpg 100w, https:\/\/odewinery.com\/wp-content\/uploads\/2024\/07\/btn-plan-your-event-140x140.jpg 140w, https:\/\/odewinery.com\/wp-content\/uploads\/2024\/07\/btn-plan-your-event-500x500.jpg 500w, https:\/\/odewinery.com\/wp-content\/uploads\/2024\/07\/btn-plan-your-event-350x350.jpg 350w, https:\/\/odewinery.com\/wp-content\/uploads\/2024\/07\/btn-plan-your-event-1000x1000.jpg 1000w, https:\/\/odewinery.com\/wp-content\/uploads\/2024\/07\/btn-plan-your-event-800x800.jpg 800w, https:\/\/odewinery.com\/wp-content\/uploads\/2024\/07\/btn-plan-your-event-150x150.jpg 150w\" sizes=\"auto, (min-width: 1450px) 75vw, (min-width: 1000px) 85vw, 100vw\" \/>\r\n            <\/a>\r\n          <\/div>\r\n        <\/div>\r\n      <\/div>\r\n      <\/div><div class=\"divider-wrap height_tablet_20px height_phone_0px\" data-alignment=\"default\"><div  class=\"divider\"><\/div><\/div><h1 style=\"text-align: center\" class=\"vc_custom_heading\" ><a href=\"https:\/\/odewinery.com\/pt\/upcoming-events\/\" title=\"Upcoming Events\">Pr\u00f3ximos Eventos<\/a><\/h1>\n\t\t\t<\/div> \n\t\t<\/div>\n\t<\/div> \n\n\t<div  class=\"vc_col-sm-1\/5 wpb_column column_container vc_column_container col no-extra-padding inherit_tablet inherit_phone\"  data-padding-pos=\"all\" data-has-bg-color=\"false\" data-bg-color=\"\" data-bg-opacity=\"1\" data-animation=\"\" data-delay=\"0\" >\n\t\t<div class=\"vc_column-inner\" >\n\t\t\t<div class=\"wpb_wrapper\">\n\t\t\t\t\n\t\t\t<\/div> \n\t\t<\/div>\n\t<\/div> \n\n\t<div  class=\"vc_col-sm-1\/5 wpb_column column_container vc_column_container col no-extra-padding inherit_tablet inherit_phone\"  data-padding-pos=\"all\" data-has-bg-color=\"false\" data-bg-color=\"\" data-bg-opacity=\"1\" data-animation=\"\" data-delay=\"0\" >\n\t\t<div class=\"vc_column-inner\" >\n\t\t\t<div class=\"wpb_wrapper\">\n\t\t\t\t<div class=\"img-with-aniamtion-wrap center\" data-max-width=\"none\" data-max-width-mobile=\"default\" data-border-radius=\"20px\" data-shadow=\"none\" data-animation=\"fade-in\" >\r\n      <div class=\"inner\">\r\n        <div class=\"hover-wrap\"> \r\n          <div class=\"hover-wrap-inner\">\r\n            <a href=\"https:\/\/odewinery.com\/pt\/wines\/\" target=\"_self\" class=\"center\">\r\n              <img loading=\"lazy\" decoding=\"async\" class=\"img-with-animation skip-lazy  nectar-lazy\" data-delay=\"0\" height=\"1200\" width=\"1200\" data-animation=\"fade-in\" data-nectar-img-src=\"https:\/\/odewinery.com\/wp-content\/uploads\/2024\/07\/btn-wines.jpg\" src=\"data:image\/svg+xml;charset=utf-8,%3Csvg%20xmlns%3D'http%3A%2F%2Fwww.w3.org%2F2000%2Fsvg'%20viewBox%3D'0%200%201200%201200'%2F%3E\" alt=\"\" data-nectar-img-srcset=\"https:\/\/odewinery.com\/wp-content\/uploads\/2024\/07\/btn-wines.jpg 1200w, https:\/\/odewinery.com\/wp-content\/uploads\/2024\/07\/btn-wines-768x768.jpg 768w, https:\/\/odewinery.com\/wp-content\/uploads\/2024\/07\/btn-wines-100x100.jpg 100w, https:\/\/odewinery.com\/wp-content\/uploads\/2024\/07\/btn-wines-140x140.jpg 140w, https:\/\/odewinery.com\/wp-content\/uploads\/2024\/07\/btn-wines-500x500.jpg 500w, https:\/\/odewinery.com\/wp-content\/uploads\/2024\/07\/btn-wines-350x350.jpg 350w, https:\/\/odewinery.com\/wp-content\/uploads\/2024\/07\/btn-wines-1000x1000.jpg 1000w, https:\/\/odewinery.com\/wp-content\/uploads\/2024\/07\/btn-wines-800x800.jpg 800w, https:\/\/odewinery.com\/wp-content\/uploads\/2024\/07\/btn-wines-150x150.jpg 150w\" sizes=\"auto, (min-width: 1450px) 75vw, (min-width: 1000px) 85vw, 100vw\" \/>\r\n            <\/a>\r\n          <\/div>\r\n        <\/div>\r\n      <\/div>\r\n      <\/div><div class=\"divider-wrap height_tablet_10px height_phone_0px\" data-alignment=\"default\"><div  class=\"divider\"><\/div><\/div><h1 style=\"text-align: center\" class=\"vc_custom_heading\" id=\"wines\"><a href=\"https:\/\/odewinery.com\/pt\/wines\/\" title=\"Vinhos\">Vinhos<\/a><\/h1>\n\t\t\t<\/div> \n\t\t<\/div>\n\t<\/div> \n\n\t<div  class=\"vc_col-sm-1\/5 wpb_column column_container vc_column_container col no-extra-padding inherit_tablet inherit_phone\"  data-padding-pos=\"all\" data-has-bg-color=\"false\" data-bg-color=\"\" data-bg-opacity=\"1\" data-animation=\"\" data-delay=\"0\" >\n\t\t<div class=\"vc_column-inner\" >\n\t\t\t<div class=\"wpb_wrapper\">\n\t\t\t\t\n\t\t\t<\/div> \n\t\t<\/div>\n\t<\/div> \n<\/div><\/div>\r\n\t\t<div id=\"contact\"  data-column-margin=\"default\" data-midnight=\"dark\" data-top-percent=\"3%\" data-bottom-percent=\"3%\"  class=\"wpb_row vc_row-fluid vc_row  fullpage\"  style=\"padding-top: calc(100vw * 0.03); padding-bottom: calc(100vw * 0.03); \"><div class=\"row-bg-wrap\" data-bg-animation=\"none\" data-bg-overlay=\"false\"><div class=\"inner-wrap\"><div class=\"row-bg\"  style=\"\"><\/div><\/div><\/div><div class=\"row_col_wrap_12 col span_12 dark left\">\n\t<div  class=\"vc_col-sm-12 wpb_column column_container vc_column_container col padding-5-percent inherit_tablet inherit_phone\"  data-padding-pos=\"bottom\" data-has-bg-color=\"false\" data-bg-color=\"\" data-bg-opacity=\"1\" data-animation=\"\" data-delay=\"0\" >\n\t\t<div class=\"vc_column-inner\" >\n\t\t\t<div class=\"wpb_wrapper\">\n\t\t\t\t<div class=\"divider-wrap\" data-alignment=\"default\"><div style=\"margin-top: 0.5px; height: 1px; margin-bottom: 0.5px;\" data-width=\"100%\" data-animate=\"yes\" data-animation-delay=\"\" data-color=\"default\" class=\"divider-border\"><\/div><\/div><div class=\"divider-wrap\" data-alignment=\"default\"><div style=\"height: 40px;\" class=\"divider\"><\/div><\/div><div id=\"fws_69df132d1c7e0\" data-midnight=\"\" data-column-margin=\"default\" class=\"wpb_row vc_row-fluid vc_row inner_row\"  style=\"\"><div class=\"row-bg-wrap\"> <div class=\"row-bg\" ><\/div> <\/div><div class=\"row_col_wrap_12_inner col span_12  left\">\n\t<div  class=\"vc_col-sm-12 wpb_column column_container vc_column_container col child_column no-extra-padding inherit_tablet inherit_phone\"   data-padding-pos=\"all\" data-has-bg-color=\"false\" data-bg-color=\"\" data-bg-opacity=\"1\" data-animation=\"\" data-delay=\"0\">\n\t\t<div class=\"vc_column-inner\" >\n\t\t<div class=\"wpb_wrapper\">\n\t\t\t<div class=\"img-with-aniamtion-wrap center custom-width-250px\" data-max-width=\"custom\" data-max-width-mobile=\"default\" data-shadow=\"none\" data-animation=\"fade-in\" >\r\n      <div class=\"inner\">\r\n        <div class=\"hover-wrap\"> \r\n          <div class=\"hover-wrap-inner\">\r\n            <img loading=\"lazy\" decoding=\"async\" class=\"img-with-animation skip-lazy\" data-delay=\"0\" height=\"24\" width=\"88\" data-animation=\"fade-in\" src=\"https:\/\/odewinery.com\/wp-content\/uploads\/2022\/11\/logo-black.svg\" alt=\"\"  \/>\r\n          <\/div>\r\n        <\/div>\r\n      <\/div>\r\n    <\/div><div class=\"divider-wrap\" data-alignment=\"default\"><div style=\"height: 25px;\" class=\"divider\"><\/div><\/div>\r\n<div class=\"wpb_text_column wpb_content_element\" >\r\n\t<div class=\"wpb_wrapper\">\r\n\t\t<p style=\"text-align: center;\">ODE Cellar Door restaurante &amp; wine shop<\/p>\n<p style=\"text-align: center;\">Hor\u00e1rio de Funcionamento<\/p>\n<p style=\"text-align: center;\">Ter\u00e7a a Quinta: 12h \u00e0s 16h<\/p>\n<p style=\"text-align: center;\">Sexta e S\u00e1bado: 12h \u00e0s 22h<\/p>\n<p style=\"text-align: center;\">Domingo: 12h \u00e0s 16h<\/p>\n<p style=\"text-align: center;\">(Fechado Segunda)<\/p>\n<p style=\"text-align: center;\">Telefone: +351 243 142 209<\/p>\n\t<\/div>\r\n<\/div>\r\n\r\n\r\n\r\n\n\t\t<\/div> \n\t<\/div>\n\t<\/div> \n<\/div><\/div>\n\t\t\t<\/div> \n\t\t<\/div>\n\t<\/div> \n<\/div><\/div>\r\n\t\t<div id=\"fws_69df132d1efee\"  data-column-margin=\"default\" data-midnight=\"dark\"  class=\"wpb_row vc_row-fluid vc_row\"  style=\"padding-top: 0px; padding-bottom: 0px; \"><div class=\"row-bg-wrap\" data-bg-animation=\"none\" data-bg-overlay=\"false\"><div class=\"inner-wrap\"><div class=\"row-bg\"  style=\"\"><\/div><\/div><\/div><div class=\"row_col_wrap_12 col span_12 dark left\">\n\t<div  class=\"vc_col-sm-12 wpb_column column_container vc_column_container col no-extra-padding inherit_tablet inherit_phone\"  data-padding-pos=\"all\" data-has-bg-color=\"false\" data-bg-color=\"\" data-bg-opacity=\"1\" data-animation=\"\" data-delay=\"0\" >\n\t\t<div class=\"vc_column-inner\" >\n\t\t\t<div class=\"wpb_wrapper\">\n\t\t\t\t<a class=\"nectar-button small regular accent-color  regular-button button-sticky\"  style=\"color: #ffffff; background-color: #b7752c;\"  href=\"\/pt\/experiences\/\" data-color-override=\"#b7752c\" data-hover-color-override=\"false\" data-hover-text-color-override=\"#fff\"><span>Marque a Sua Visita<\/span><\/a>\n\t\t\t<\/div> \n\t\t<\/div>\n\t<\/div> \n<\/div><\/div>","protected":false},"excerpt":{"rendered":"ODE CELLAR DOOR RESTAURANT A nossa cozinha aplica t\u00e9cnicas de todo o mundo aos produtos locais, incluindo ingredientes cultivados e desenvolvidos na Ode Farm, numa aut\u00eantica experi\u00eancia \"farm-to-table\". Com um...","protected":false},"author":1,"featured_media":0,"parent":0,"menu_order":6,"comment_status":"closed","ping_status":"closed","template":"","meta":{"inline_featured_image":false,"_exactmetrics_skip_tracking":false,"_exactmetrics_sitenote_active":false,"_exactmetrics_sitenote_note":"","_exactmetrics_sitenote_category":0,"footnotes":""},"class_list":["post-943","page","type-page","status-publish"],"jetpack_sharing_enabled":true,"_links":{"self":[{"href":"https:\/\/odewinery.com\/pt\/wp-json\/wp\/v2\/pages\/943","targetHints":{"allow":["GET"]}}],"collection":[{"href":"https:\/\/odewinery.com\/pt\/wp-json\/wp\/v2\/pages"}],"about":[{"href":"https:\/\/odewinery.com\/pt\/wp-json\/wp\/v2\/types\/page"}],"author":[{"embeddable":true,"href":"https:\/\/odewinery.com\/pt\/wp-json\/wp\/v2\/users\/1"}],"replies":[{"embeddable":true,"href":"https:\/\/odewinery.com\/pt\/wp-json\/wp\/v2\/comments?post=943"}],"version-history":[{"count":64,"href":"https:\/\/odewinery.com\/pt\/wp-json\/wp\/v2\/pages\/943\/revisions"}],"predecessor-version":[{"id":2821,"href":"https:\/\/odewinery.com\/pt\/wp-json\/wp\/v2\/pages\/943\/revisions\/2821"}],"wp:attachment":[{"href":"https:\/\/odewinery.com\/pt\/wp-json\/wp\/v2\/media?parent=943"}],"curies":[{"name":"wp","href":"https:\/\/api.w.org\/{rel}","templated":true}]}}