{"id":626,"date":"2023-01-26T11:22:23","date_gmt":"2023-01-26T11:22:23","guid":{"rendered":"https:\/\/odewinery.com\/?page_id=626"},"modified":"2025-03-18T17:24:36","modified_gmt":"2025-03-18T17:24:36","slug":"living","status":"publish","type":"page","link":"https:\/\/odewinery.com\/pt\/living\/","title":{"rendered":"Living"},"content":{"rendered":"<div id=\"fws_69e58b2293b43\"  data-column-margin=\"default\" data-midnight=\"light\"  class=\"wpb_row vc_row-fluid vc_row full-width-content  vc_row-o-equal-height vc_row-flex  vc_row-o-content-middle parallax_section  bottom_padding_phone_50pct\"  style=\"padding-top: 240px; padding-bottom: 240px; \"><div class=\"row-bg-wrap\" data-bg-animation=\"fade-in\" data-bg-overlay=\"false\"><div class=\"inner-wrap using-image\"><div class=\"row-bg using-image\" data-parallax-speed=\"fast\" style=\"background-image: url(https:\/\/odewinery.com\/wp-content\/uploads\/2023\/01\/image-21.jpg); background-position: center center; background-repeat: no-repeat; \"><\/div><\/div><\/div><div class=\"row_col_wrap_12 col span_12 light left\">\n\t<div  class=\"vc_col-sm-12 wpb_column column_container vc_column_container col has-animation no-extra-padding inherit_tablet inherit_phone\"  data-padding-pos=\"all\" data-has-bg-color=\"false\" data-bg-color=\"\" data-bg-opacity=\"1\" data-animation=\"fade-in-from-bottom\" data-delay=\"0\" >\n\t\t<div class=\"vc_column-inner\" >\n\t\t\t<div class=\"wpb_wrapper\">\n\t\t\t\t\n\t\t\t<\/div> \n\t\t<\/div>\n\t<\/div> \n<\/div><\/div>\r\n\t\t<div id=\"fws_69e58b2296ceb\"  data-column-margin=\"default\" data-midnight=\"dark\" data-top-percent=\"5%\" data-bottom-percent=\"1%\"  class=\"wpb_row vc_row-fluid vc_row\"  style=\"padding-top: calc(100vw * 0.05); padding-bottom: calc(100vw * 0.01); \"><div class=\"row-bg-wrap\" data-bg-animation=\"none\" data-bg-overlay=\"false\"><div class=\"inner-wrap\"><div class=\"row-bg\"  style=\"\"><\/div><\/div><\/div><div class=\"row_col_wrap_12 col span_12 dark left\">\n\t<div  class=\"vc_col-sm-12 wpb_column column_container vc_column_container col centered-text no-extra-padding inherit_tablet inherit_phone\"  data-padding-pos=\"all\" data-has-bg-color=\"false\" data-bg-color=\"\" data-bg-opacity=\"1\" data-animation=\"\" data-delay=\"0\" >\n\t\t<div class=\"vc_column-inner\" >\n\t\t\t<div class=\"wpb_wrapper\">\n\t\t\t\t<h1 style=\"text-align: center\" class=\"vc_custom_heading\" >ODE LIVING<\/h1><div class=\"divider-wrap\" data-alignment=\"default\"><div style=\"height: 40px;\" class=\"divider\"><\/div><\/div>\r\n<div class=\"wpb_text_column wpb_content_element\" >\r\n\t<div class=\"wpb_wrapper\">\r\n\t\t<p>Ode Living \u00e9 um convite \u00e0 vida e \u00e0 intera\u00e7\u00e3o com os outros e com o espa\u00e7o envolvente, de forma consciente, positiva e inovadora.<\/p>\n<p>O restaurante Cellar Door nasce sob esta filosofia, com um conceito de partilha que estimula a convivialidade e atrav\u00e9s de um calend\u00e1rio de eventos \u00fanicos para celebrar cada momento da vida.<\/p>\n<p>O menu, com inspira\u00e7\u00e3o asi\u00e1tica, est\u00e1 em constante mudan\u00e7a, procurando sempre combinar o melhor do conhecimento internacional com os produtos locais, incluindo ingredientes cultivados na Ode Farm, numa aut\u00eantica experi\u00eancia &#8220;farm-to-table&#8221;. O menu sazonal \u00e9 desenvolvido em perfeita harmonia com os vinhos da Ode.<\/p>\n<p>\u00c9 tamb\u00e9m no Ode Living que vive o espa\u00e7o para eventos da Ode Winery, Farm &amp; Living. Para al\u00e9m da sala de barricas, que cria uma atmosfera \u00fanica, dispomos de espa\u00e7o para eventos at\u00e9 750m2, preparados para acolher diferentes tipos de eventos, desde reuni\u00f5es profissionais a cerim\u00f3nias e ocasi\u00f5es especiais. Este espa\u00e7o interior \u00e9 complementado pelo p\u00e1tio exterior da adega.<\/p>\n<p>Para dar apoio a estas val\u00eancias, est\u00e1 tamb\u00e9m previsto um resort de luxo, com abertura prevista para 2027. Descubra mais em <strong><a href=\"https:\/\/odewinery.com\/pt\/future-developments\/\">Projeto de Desenvolvimento Futuro<\/a><\/strong>.<\/p>\n\t<\/div>\r\n<\/div>\r\n\r\n\r\n\r\n\n\t\t\t<\/div> \n\t\t<\/div>\n\t<\/div> \n<\/div><\/div>\r\n\t\t<div id=\"fws_69e58b229827b\"  data-column-margin=\"default\" data-midnight=\"dark\" data-top-percent=\"3%\" data-bottom-percent=\"8%\"  class=\"wpb_row vc_row-fluid vc_row  vc_row-o-equal-height vc_row-flex\"  style=\"padding-top: calc(100vw * 0.03); padding-bottom: calc(100vw * 0.08); \"><div class=\"row-bg-wrap\" data-bg-animation=\"none\" data-bg-overlay=\"false\"><div class=\"inner-wrap\"><div class=\"row-bg\"  style=\"\"><\/div><\/div><\/div><div class=\"row_col_wrap_12 col span_12 dark left\">\n\t<div  class=\"vc_col-sm-1\/5 wpb_column column_container vc_column_container col no-extra-padding inherit_tablet inherit_phone\"  data-padding-pos=\"all\" data-has-bg-color=\"false\" data-bg-color=\"\" data-bg-opacity=\"1\" data-animation=\"\" data-delay=\"0\" >\n\t\t<div class=\"vc_column-inner\" >\n\t\t\t<div class=\"wpb_wrapper\">\n\t\t\t\t<div class=\"img-with-aniamtion-wrap center\" data-max-width=\"none\" data-max-width-mobile=\"default\" data-border-radius=\"20px\" data-shadow=\"none\" data-animation=\"fade-in\" >\r\n      <div class=\"inner\">\r\n        <div class=\"hover-wrap\"> \r\n          <div class=\"hover-wrap-inner\">\r\n            <a href=\"https:\/\/odewinery.com\/pt\/experiences\/\" target=\"_self\" class=\"center\">\r\n              <img loading=\"lazy\" decoding=\"async\" class=\"img-with-animation skip-lazy  nectar-lazy\" data-delay=\"0\" height=\"1200\" width=\"1200\" data-animation=\"fade-in\" data-nectar-img-src=\"https:\/\/odewinery.com\/wp-content\/uploads\/2024\/07\/btn-experiences.jpg\" src=\"data:image\/svg+xml;charset=utf-8,%3Csvg%20xmlns%3D'http%3A%2F%2Fwww.w3.org%2F2000%2Fsvg'%20viewBox%3D'0%200%201200%201200'%2F%3E\" alt=\"\" data-nectar-img-srcset=\"https:\/\/odewinery.com\/wp-content\/uploads\/2024\/07\/btn-experiences.jpg 1200w, https:\/\/odewinery.com\/wp-content\/uploads\/2024\/07\/btn-experiences-768x768.jpg 768w, https:\/\/odewinery.com\/wp-content\/uploads\/2024\/07\/btn-experiences-100x100.jpg 100w, https:\/\/odewinery.com\/wp-content\/uploads\/2024\/07\/btn-experiences-140x140.jpg 140w, https:\/\/odewinery.com\/wp-content\/uploads\/2024\/07\/btn-experiences-500x500.jpg 500w, https:\/\/odewinery.com\/wp-content\/uploads\/2024\/07\/btn-experiences-350x350.jpg 350w, https:\/\/odewinery.com\/wp-content\/uploads\/2024\/07\/btn-experiences-1000x1000.jpg 1000w, https:\/\/odewinery.com\/wp-content\/uploads\/2024\/07\/btn-experiences-800x800.jpg 800w, https:\/\/odewinery.com\/wp-content\/uploads\/2024\/07\/btn-experiences-150x150.jpg 150w\" sizes=\"auto, (min-width: 1450px) 75vw, (min-width: 1000px) 85vw, 100vw\" \/>\r\n            <\/a>\r\n          <\/div>\r\n        <\/div>\r\n      <\/div>\r\n      <\/div><div class=\"divider-wrap height_tablet_20px height_phone_0px\" data-alignment=\"default\"><div  class=\"divider\"><\/div><\/div><h1 style=\"text-align: center\" class=\"vc_custom_heading\" ><a href=\"https:\/\/odewinery.com\/pt\/experiences\/\" title=\"Experi\u00eancias\">Experi\u00eancias<\/a><\/h1>\n\t\t\t<\/div> \n\t\t<\/div>\n\t<\/div> \n\n\t<div  class=\"vc_col-sm-1\/5 wpb_column column_container vc_column_container col no-extra-padding inherit_tablet inherit_phone\"  data-padding-pos=\"all\" data-has-bg-color=\"false\" data-bg-color=\"\" data-bg-opacity=\"1\" data-animation=\"\" data-delay=\"0\" >\n\t\t<div class=\"vc_column-inner\" >\n\t\t\t<div class=\"wpb_wrapper\">\n\t\t\t\t\n\t\t\t<\/div> \n\t\t<\/div>\n\t<\/div> \n\n\t<div  class=\"vc_col-sm-1\/5 wpb_column column_container vc_column_container col no-extra-padding inherit_tablet inherit_phone\"  data-padding-pos=\"all\" data-has-bg-color=\"false\" data-bg-color=\"\" data-bg-opacity=\"1\" data-animation=\"\" data-delay=\"0\" >\n\t\t<div class=\"vc_column-inner\" >\n\t\t\t<div class=\"wpb_wrapper\">\n\t\t\t\t<div class=\"img-with-aniamtion-wrap center\" data-max-width=\"none\" data-max-width-mobile=\"default\" data-border-radius=\"20px\" data-shadow=\"none\" data-animation=\"fade-in\" >\r\n      <div class=\"inner\">\r\n        <div class=\"hover-wrap\"> \r\n          <div class=\"hover-wrap-inner\">\r\n            <a href=\"https:\/\/odewinery.com\/pt\/restaurant\/\" target=\"_self\" class=\"center\">\r\n              <img loading=\"lazy\" decoding=\"async\" class=\"img-with-animation skip-lazy  nectar-lazy\" data-delay=\"0\" height=\"1200\" width=\"1200\" data-animation=\"fade-in\" data-nectar-img-src=\"https:\/\/odewinery.com\/wp-content\/uploads\/2024\/07\/btn-restaurant.jpg\" src=\"data:image\/svg+xml;charset=utf-8,%3Csvg%20xmlns%3D'http%3A%2F%2Fwww.w3.org%2F2000%2Fsvg'%20viewBox%3D'0%200%201200%201200'%2F%3E\" alt=\"\" data-nectar-img-srcset=\"https:\/\/odewinery.com\/wp-content\/uploads\/2024\/07\/btn-restaurant.jpg 1200w, https:\/\/odewinery.com\/wp-content\/uploads\/2024\/07\/btn-restaurant-768x768.jpg 768w, https:\/\/odewinery.com\/wp-content\/uploads\/2024\/07\/btn-restaurant-100x100.jpg 100w, https:\/\/odewinery.com\/wp-content\/uploads\/2024\/07\/btn-restaurant-140x140.jpg 140w, https:\/\/odewinery.com\/wp-content\/uploads\/2024\/07\/btn-restaurant-500x500.jpg 500w, https:\/\/odewinery.com\/wp-content\/uploads\/2024\/07\/btn-restaurant-350x350.jpg 350w, https:\/\/odewinery.com\/wp-content\/uploads\/2024\/07\/btn-restaurant-1000x1000.jpg 1000w, https:\/\/odewinery.com\/wp-content\/uploads\/2024\/07\/btn-restaurant-800x800.jpg 800w, https:\/\/odewinery.com\/wp-content\/uploads\/2024\/07\/btn-restaurant-150x150.jpg 150w\" sizes=\"auto, (min-width: 1450px) 75vw, (min-width: 1000px) 85vw, 100vw\" \/>\r\n            <\/a>\r\n          <\/div>\r\n        <\/div>\r\n      <\/div>\r\n      <\/div><div class=\"divider-wrap height_tablet_10px height_phone_0px\" data-alignment=\"default\"><div  class=\"divider\"><\/div><\/div><h1 style=\"text-align: center\" class=\"vc_custom_heading\" ><a href=\"https:\/\/odewinery.com\/pt\/restaurant\/\" title=\"Restaurante\">Restaurante<\/a><\/h1>\n\t\t\t<\/div> \n\t\t<\/div>\n\t<\/div> \n\n\t<div  class=\"vc_col-sm-1\/5 wpb_column column_container vc_column_container col no-extra-padding inherit_tablet inherit_phone\"  data-padding-pos=\"all\" data-has-bg-color=\"false\" data-bg-color=\"\" data-bg-opacity=\"1\" data-animation=\"\" data-delay=\"0\" >\n\t\t<div class=\"vc_column-inner\" >\n\t\t\t<div class=\"wpb_wrapper\">\n\t\t\t\t\n\t\t\t<\/div> \n\t\t<\/div>\n\t<\/div> \n\n\t<div  class=\"vc_col-sm-1\/5 wpb_column column_container vc_column_container col no-extra-padding inherit_tablet inherit_phone\"  data-padding-pos=\"all\" data-has-bg-color=\"false\" data-bg-color=\"\" data-bg-opacity=\"1\" data-animation=\"\" data-delay=\"0\" >\n\t\t<div class=\"vc_column-inner\" >\n\t\t\t<div class=\"wpb_wrapper\">\n\t\t\t\t<div class=\"img-with-aniamtion-wrap center\" data-max-width=\"none\" data-max-width-mobile=\"default\" data-border-radius=\"20px\" data-shadow=\"none\" data-animation=\"fade-in\" >\r\n      <div class=\"inner\">\r\n        <div class=\"hover-wrap\"> \r\n          <div class=\"hover-wrap-inner\">\r\n            <a href=\"https:\/\/odewinery.com\/pt\/future-developments\/\" target=\"_self\" class=\"center\">\r\n              <img loading=\"lazy\" decoding=\"async\" class=\"img-with-animation skip-lazy  nectar-lazy\" data-delay=\"0\" height=\"1200\" width=\"1200\" data-animation=\"fade-in\" data-nectar-img-src=\"https:\/\/odewinery.com\/wp-content\/uploads\/2024\/07\/btn-future-developments.jpg\" src=\"data:image\/svg+xml;charset=utf-8,%3Csvg%20xmlns%3D'http%3A%2F%2Fwww.w3.org%2F2000%2Fsvg'%20viewBox%3D'0%200%201200%201200'%2F%3E\" alt=\"\" data-nectar-img-srcset=\"https:\/\/odewinery.com\/wp-content\/uploads\/2024\/07\/btn-future-developments.jpg 1200w, https:\/\/odewinery.com\/wp-content\/uploads\/2024\/07\/btn-future-developments-768x768.jpg 768w, https:\/\/odewinery.com\/wp-content\/uploads\/2024\/07\/btn-future-developments-100x100.jpg 100w, https:\/\/odewinery.com\/wp-content\/uploads\/2024\/07\/btn-future-developments-140x140.jpg 140w, https:\/\/odewinery.com\/wp-content\/uploads\/2024\/07\/btn-future-developments-500x500.jpg 500w, https:\/\/odewinery.com\/wp-content\/uploads\/2024\/07\/btn-future-developments-350x350.jpg 350w, https:\/\/odewinery.com\/wp-content\/uploads\/2024\/07\/btn-future-developments-1000x1000.jpg 1000w, https:\/\/odewinery.com\/wp-content\/uploads\/2024\/07\/btn-future-developments-800x800.jpg 800w, https:\/\/odewinery.com\/wp-content\/uploads\/2024\/07\/btn-future-developments-150x150.jpg 150w\" sizes=\"auto, (min-width: 1450px) 75vw, (min-width: 1000px) 85vw, 100vw\" \/>\r\n            <\/a>\r\n          <\/div>\r\n        <\/div>\r\n      <\/div>\r\n      <\/div><div class=\"divider-wrap height_tablet_10px height_phone_0px\" data-alignment=\"default\"><div  class=\"divider\"><\/div><\/div><h1 style=\"text-align: center\" class=\"vc_custom_heading\" id=\"wines\"><a href=\"https:\/\/odewinery.com\/pt\/future-developments\/\" title=\"Projeto de Desenvolvimento Futuro\">Projeto de Desenvolvimento Futuro<\/a><\/h1>\n\t\t\t<\/div> \n\t\t<\/div>\n\t<\/div> \n<\/div><\/div>\r\n\t\t<div id=\"fws_69e58b22a073d\"  data-column-margin=\"default\" data-midnight=\"dark\"  class=\"wpb_row vc_row-fluid vc_row\"  style=\"padding-top: 0px; padding-bottom: 0px; \"><div class=\"row-bg-wrap\" data-bg-animation=\"none\" data-bg-overlay=\"false\"><div class=\"inner-wrap\"><div class=\"row-bg\"  style=\"\"><\/div><\/div><\/div><div class=\"row_col_wrap_12 col span_12 dark left\">\n\t<div  class=\"vc_col-sm-12 wpb_column column_container vc_column_container col no-extra-padding inherit_tablet inherit_phone\"  data-padding-pos=\"all\" data-has-bg-color=\"false\" data-bg-color=\"\" data-bg-opacity=\"1\" data-animation=\"\" data-delay=\"0\" >\n\t\t<div class=\"vc_column-inner\" >\n\t\t\t<div class=\"wpb_wrapper\">\n\t\t\t\t<a class=\"nectar-button small regular accent-color  regular-button button-sticky\"  style=\"color: #ffffff; background-color: #b7752c;\"  href=\"\/pt\/experiences\/\" data-color-override=\"#b7752c\" data-hover-color-override=\"false\" data-hover-text-color-override=\"#fff\"><span>Marque a Sua Visita<\/span><\/a>\n\t\t\t<\/div> \n\t\t<\/div>\n\t<\/div> \n<\/div><\/div>","protected":false},"excerpt":{"rendered":"ODE LIVING Ode Living \u00e9 um convite \u00e0 vida e \u00e0 intera\u00e7\u00e3o com os outros e com o espa\u00e7o envolvente, de forma consciente, positiva e inovadora. O restaurante Cellar Door...","protected":false},"author":1,"featured_media":0,"parent":0,"menu_order":4,"comment_status":"closed","ping_status":"closed","template":"","meta":{"inline_featured_image":false,"_exactmetrics_skip_tracking":false,"_exactmetrics_sitenote_active":false,"_exactmetrics_sitenote_note":"","_exactmetrics_sitenote_category":0,"footnotes":""},"class_list":["post-626","page","type-page","status-publish"],"jetpack_sharing_enabled":true,"_links":{"self":[{"href":"https:\/\/odewinery.com\/pt\/wp-json\/wp\/v2\/pages\/626","targetHints":{"allow":["GET"]}}],"collection":[{"href":"https:\/\/odewinery.com\/pt\/wp-json\/wp\/v2\/pages"}],"about":[{"href":"https:\/\/odewinery.com\/pt\/wp-json\/wp\/v2\/types\/page"}],"author":[{"embeddable":true,"href":"https:\/\/odewinery.com\/pt\/wp-json\/wp\/v2\/users\/1"}],"replies":[{"embeddable":true,"href":"https:\/\/odewinery.com\/pt\/wp-json\/wp\/v2\/comments?post=626"}],"version-history":[{"count":36,"href":"https:\/\/odewinery.com\/pt\/wp-json\/wp\/v2\/pages\/626\/revisions"}],"predecessor-version":[{"id":2452,"href":"https:\/\/odewinery.com\/pt\/wp-json\/wp\/v2\/pages\/626\/revisions\/2452"}],"wp:attachment":[{"href":"https:\/\/odewinery.com\/pt\/wp-json\/wp\/v2\/media?parent=626"}],"curies":[{"name":"wp","href":"https:\/\/api.w.org\/{rel}","templated":true}]}}