{"id":2236,"date":"2024-11-28T15:51:40","date_gmt":"2024-11-28T15:51:40","guid":{"rendered":"https:\/\/odewinery.com\/?page_id=2236"},"modified":"2025-07-10T15:39:49","modified_gmt":"2025-07-10T15:39:49","slug":"wine-club","status":"publish","type":"page","link":"https:\/\/odewinery.com\/pt\/wine-club\/","title":{"rendered":"Wine Club"},"content":{"rendered":"<div id=\"fws_69e06856d0aed\"  data-column-margin=\"default\" data-midnight=\"light\"  class=\"wpb_row vc_row-fluid vc_row full-width-content  vc_row-o-equal-height vc_row-flex  vc_row-o-content-middle parallax_section  bottom_padding_phone_50pct\"  style=\"padding-top: 240px; padding-bottom: 240px; \"><div class=\"row-bg-wrap\" data-bg-animation=\"fade-in\" data-bg-overlay=\"false\"><div class=\"inner-wrap using-image\"><div class=\"row-bg using-image\" data-parallax-speed=\"fast\" style=\"background-image: url(https:\/\/odewinery.com\/wp-content\/uploads\/2025\/01\/ODE-Wines-43-Joao-Carlos.jpg); background-position: center center; background-repeat: no-repeat; \"><\/div><\/div><\/div><div class=\"row_col_wrap_12 col span_12 light left\">\n\t<div  class=\"vc_col-sm-12 wpb_column column_container vc_column_container col centered-text has-animation no-extra-padding inherit_tablet inherit_phone\"  data-padding-pos=\"all\" data-has-bg-color=\"false\" data-bg-color=\"\" data-bg-opacity=\"1\" data-animation=\"fade-in-from-bottom\" data-delay=\"0\" >\n\t\t<div class=\"vc_column-inner\" >\n\t\t\t<div class=\"wpb_wrapper\">\n\t\t\t\t<h1 style=\"text-align: center\" class=\"vc_custom_heading\" >ODE Wine Club!<\/h1>\n\t\t\t<\/div> \n\t\t<\/div>\n\t<\/div> \n<\/div><\/div>\r\n\t\t<div id=\"fws_69e06856d18ef\"  data-column-margin=\"default\" data-midnight=\"dark\" data-top-percent=\"5%\" data-bottom-percent=\"8%\"  class=\"wpb_row vc_row-fluid vc_row\"  style=\"padding-top: calc(100vw * 0.05); padding-bottom: calc(100vw * 0.08); \"><div class=\"row-bg-wrap\" data-bg-animation=\"none\" data-bg-overlay=\"false\"><div class=\"inner-wrap\"><div class=\"row-bg\"  style=\"\"><\/div><\/div><\/div><div class=\"row_col_wrap_12 col span_12 dark left\">\n\t<div  class=\"vc_col-sm-12 wpb_column column_container vc_column_container col no-extra-padding inherit_tablet inherit_phone\"  data-padding-pos=\"all\" data-has-bg-color=\"false\" data-bg-color=\"\" data-bg-opacity=\"1\" data-animation=\"\" data-delay=\"0\" >\n\t\t<div class=\"vc_column-inner\" >\n\t\t\t<div class=\"wpb_wrapper\">\n\t\t\t\t\r\n<div class=\"wpb_text_column wpb_content_element\" >\r\n\t<div class=\"wpb_wrapper\">\r\n\t\t<p>Junte-se hoje ao ODE Wine Club e torne-se parte do nosso \u201ccirculo restrito\u201d. Receber\u00e1 pre\u00e7os especiais com desconto em todos os vinhos, acesso a edi\u00e7\u00f5es limitadas e de cole\u00e7\u00e3o, bem como convites para eventos especiais da ODE. Tudo isto simplesmente ao fazer algo que adora\u2026 desfrutar de um bom copo de vinho.<\/p>\n\t<\/div>\r\n<\/div>\r\n\r\n\r\n\r\n<div class=\"divider-wrap\" data-alignment=\"default\"><div style=\"height: 25px;\" class=\"divider\"><\/div><\/div>\r\n<div class=\"wpb_text_column wpb_content_element\" >\r\n\t<div class=\"wpb_wrapper\">\r\n\t\t<p>O ODE Wine Club possibilita aos seus membros um conjunto de vantagens exclusivas para que possam usufruir de uma experi\u00eancia completa ODE.<\/p>\n\t<\/div>\r\n<\/div>\r\n\r\n\r\n\r\n<div class=\"divider-wrap\" data-alignment=\"center\"><div style=\"margin-top: 20px; width: 20%px; height: 1px; margin-bottom: 20px;\" data-width=\"20%\" data-animate=\"\" data-animation-delay=\"\" data-color=\"default\" class=\"divider-small-border\"><\/div><\/div><div class=\"nectar-fancy-ul\" data-list-icon=\"none\" data-animation=\"false\" data-animation-delay=\"0\" data-color=\"accent-color\" data-spacing=\"default\" data-alignment=\"center\"> \n<h4 style=\"text-align: center;\">\u00a020% Desconto na Compra de Vinhos ODE<\/h4>\n<p style=\"text-align: center;\"><small>Aproveite sempre o melhor pre\u00e7o, com 20% de desconto em qualquer vinho comprado na nossa loja online.<\/small><\/p>\n <\/div><div class=\"nectar-fancy-ul\" data-list-icon=\"none\" data-animation=\"false\" data-animation-delay=\"0\" data-color=\"accent-color\" data-spacing=\"default\" data-alignment=\"center\"> \n<h4 dir=\"ltr\" style=\"text-align: center;\">Mergulhe no universo do vinho com uma visita exclusiva para si e at\u00e9 3 convidados<\/h4>\n<p style=\"text-align: center;\"><small>1 visita anual com prova de vinhos.<\/small><\/p>\n <\/div><div class=\"nectar-fancy-ul\" data-list-icon=\"none\" data-animation=\"false\" data-animation-delay=\"0\" data-color=\"accent-color\" data-spacing=\"default\" data-alignment=\"center\"> \n<h4 style=\"text-align: center;\">Acesso Antecipado a Novos Lan\u00e7amentos<\/h4>\n<p style=\"text-align: center;\"><small>Garanta vinhos especiais antes do lan\u00e7amento oficial.<\/small><\/p>\n <\/div><div class=\"nectar-fancy-ul\" data-list-icon=\"none\" data-animation=\"false\" data-animation-delay=\"0\" data-color=\"accent-color\" data-spacing=\"default\" data-alignment=\"center\"> \n<h4 dir=\"ltr\" style=\"text-align: center;\">Eventos Exclusivos para Associados<\/h4>\n<p style=\"text-align: center;\"><small>Participe em eventos \u00fanicos, desenhados para os membros do clube.<\/small><\/p>\n <\/div><div class=\"nectar-fancy-ul\" data-list-icon=\"none\" data-animation=\"false\" data-animation-delay=\"0\" data-color=\"accent-color\" data-spacing=\"default\" data-alignment=\"center\"> \n<h4 dir=\"ltr\" style=\"text-align: center;\">Brindes e ofertas em datas especiais<\/h4>\n <\/div><div class=\"divider-wrap\" data-alignment=\"center\"><div style=\"margin-top: 20px; width: 20%px; height: 1px; margin-bottom: 20px;\" data-width=\"20%\" data-animate=\"\" data-animation-delay=\"\" data-color=\"default\" class=\"divider-small-border\"><\/div><\/div><div class=\"divider-wrap\" data-alignment=\"default\"><div style=\"height: 25px;\" class=\"divider\"><\/div><\/div><h3 style=\"text-align: center\" class=\"vc_custom_heading\" >Junte-se ao ODE Wine Club<\/h3>\r\n<div class=\"wpb_text_column wpb_content_element\" >\r\n\t<div class=\"wpb_wrapper\">\r\n\t\t<p dir=\"ltr\" style=\"text-align: center;\"><small>Subscri\u00e7\u00e3o v\u00e1lida por um ano, pass\u00edvel de renova\u00e7\u00e3o<\/small><\/p>\n\t<\/div>\r\n<\/div>\r\n\r\n\r\n\r\n<div class=\"divider-wrap\" data-alignment=\"default\"><div style=\"height: 25px;\" class=\"divider\"><\/div><\/div><div class=\"divider-wrap\" data-alignment=\"default\"><div style=\"height: 25px;\" class=\"divider\"><\/div><\/div><div class=\"nectar-cta button_ode alignment_tablet_default alignment_phone_default\" data-color=\"default\" data-using-bg=\"false\" data-style=\"basic\" data-display=\"block\" data-alignment=\"center\" data-text-color=\"std\" ><p><span class=\"link_wrap\" ><a  class=\"link_text\" href=\"\/pt\/wine-club\/?add-to-cart=2530\"><span class=\"text\">Assinar<\/span><\/a><\/span><\/p><\/div>\n\t\t\t<\/div> \n\t\t<\/div>\n\t<\/div> \n<\/div><\/div>","protected":false},"excerpt":{"rendered":"ODE Wine Club! Junte-se hoje ao ODE Wine Club e torne-se parte do nosso \u201ccirculo restrito\u201d. Receber\u00e1 pre\u00e7os especiais com desconto em todos os vinhos, acesso a edi\u00e7\u00f5es limitadas e...","protected":false},"author":1,"featured_media":0,"parent":0,"menu_order":0,"comment_status":"closed","ping_status":"closed","template":"","meta":{"inline_featured_image":false,"_exactmetrics_skip_tracking":false,"_exactmetrics_sitenote_active":false,"_exactmetrics_sitenote_note":"","_exactmetrics_sitenote_category":0,"footnotes":""},"class_list":["post-2236","page","type-page","status-publish"],"jetpack_sharing_enabled":true,"_links":{"self":[{"href":"https:\/\/odewinery.com\/pt\/wp-json\/wp\/v2\/pages\/2236","targetHints":{"allow":["GET"]}}],"collection":[{"href":"https:\/\/odewinery.com\/pt\/wp-json\/wp\/v2\/pages"}],"about":[{"href":"https:\/\/odewinery.com\/pt\/wp-json\/wp\/v2\/types\/page"}],"author":[{"embeddable":true,"href":"https:\/\/odewinery.com\/pt\/wp-json\/wp\/v2\/users\/1"}],"replies":[{"embeddable":true,"href":"https:\/\/odewinery.com\/pt\/wp-json\/wp\/v2\/comments?post=2236"}],"version-history":[{"count":50,"href":"https:\/\/odewinery.com\/pt\/wp-json\/wp\/v2\/pages\/2236\/revisions"}],"predecessor-version":[{"id":2718,"href":"https:\/\/odewinery.com\/pt\/wp-json\/wp\/v2\/pages\/2236\/revisions\/2718"}],"wp:attachment":[{"href":"https:\/\/odewinery.com\/pt\/wp-json\/wp\/v2\/media?parent=2236"}],"curies":[{"name":"wp","href":"https:\/\/api.w.org\/{rel}","templated":true}]}}