{"id":2076,"date":"2024-08-20T03:02:48","date_gmt":"2024-08-20T03:02:48","guid":{"rendered":"https:\/\/odewinery.com\/?page_id=2076"},"modified":"2024-11-01T19:03:04","modified_gmt":"2024-11-01T19:03:04","slug":"experiences","status":"publish","type":"page","link":"https:\/\/odewinery.com\/pt\/experiences\/","title":{"rendered":"Experi\u00eancias"},"content":{"rendered":"<div id=\"fws_69e1481d92967\"  data-column-margin=\"default\" data-midnight=\"light\"  class=\"wpb_row vc_row-fluid vc_row full-width-content  vc_row-o-equal-height vc_row-flex  vc_row-o-content-middle   bottom_padding_phone_50pct\"  style=\"padding-top: 240px; padding-bottom: 240px; \"><div class=\"row-bg-wrap\" data-bg-animation=\"none\" data-bg-overlay=\"false\"><div class=\"inner-wrap using-image\"><div class=\"row-bg using-image\"  style=\"background-image: url(https:\/\/odewinery.com\/wp-content\/uploads\/2024\/05\/Plan-Banner.jpg); background-position: center center; background-repeat: no-repeat; \"><\/div><\/div><\/div><div class=\"row_col_wrap_12 col span_12 light left\">\n\t<div  class=\"vc_col-sm-12 wpb_column column_container vc_column_container col no-extra-padding inherit_tablet inherit_phone\"  data-padding-pos=\"all\" data-has-bg-color=\"false\" data-bg-color=\"\" data-bg-opacity=\"1\" data-animation=\"\" data-delay=\"0\" >\n\t\t<div class=\"vc_column-inner\" >\n\t\t\t<div class=\"wpb_wrapper\">\n\t\t\t\t\n\t\t\t<\/div> \n\t\t<\/div>\n\t<\/div> \n<\/div><\/div>\r\n\t\t<div id=\"fws_69e1481d93b2a\"  data-column-margin=\"default\" data-midnight=\"dark\" data-top-percent=\"5%\" data-bottom-percent=\"1%\"  class=\"wpb_row vc_row-fluid vc_row\"  style=\"padding-top: calc(100vw * 0.05); padding-bottom: calc(100vw * 0.01); \"><div class=\"row-bg-wrap\" data-bg-animation=\"none\" data-bg-overlay=\"false\"><div class=\"inner-wrap\"><div class=\"row-bg\"  style=\"\"><\/div><\/div><\/div><div class=\"row_col_wrap_12 col span_12 dark left\">\n\t<div  class=\"vc_col-sm-12 wpb_column column_container vc_column_container col no-extra-padding inherit_tablet inherit_phone\"  data-padding-pos=\"all\" data-has-bg-color=\"false\" data-bg-color=\"\" data-bg-opacity=\"1\" data-animation=\"\" data-delay=\"0\" >\n\t\t<div class=\"vc_column-inner\" >\n\t\t\t<div class=\"wpb_wrapper\">\n\t\t\t\t<h1 style=\"text-align: center\" class=\"vc_custom_heading\" >EXPERI\u00caNCIAS<\/h1><div class=\"divider-wrap height_tablet_20px\" data-alignment=\"default\"><div style=\"height: 40px;\" class=\"divider\"><\/div><\/div>\r\n<div class=\"wpb_text_column wpb_content_element\" >\r\n\t<div class=\"wpb_wrapper\">\r\n\t\t<p>Para aqueles que est\u00e3o sempre \u00e0 procura do que fazer, estamos felizes em ajudar a preencher o seu calend\u00e1rio com eventos inesquec\u00edveis.<\/p>\n<p>Desde fins de tarde a ocasi\u00f5es especiais, os nossos eventos s\u00e3o algo pelo qual pode ansiar.<\/p>\n\t<\/div>\r\n<\/div>\r\n\r\n\r\n\r\n\n\t\t\t<\/div> \n\t\t<\/div>\n\t<\/div> \n<\/div><\/div>\r\n\t\t<div id=\"fws_69e1481d9501f\"  data-column-margin=\"default\" data-midnight=\"dark\"  class=\"wpb_row vc_row-fluid vc_row  custom-tabs\"  style=\"padding-top: 0px; padding-bottom: 0px; \"><div class=\"row-bg-wrap\" data-bg-animation=\"none\" data-bg-overlay=\"false\"><div class=\"inner-wrap\"><div class=\"row-bg\"  style=\"\"><\/div><\/div><\/div><div class=\"row_col_wrap_12 col span_12 dark left\">\n\t<div  class=\"vc_col-sm-6 wpb_column column_container vc_column_container col no-extra-padding inherit_tablet inherit_phone\"  data-padding-pos=\"all\" data-has-bg-color=\"false\" data-bg-color=\"\" data-bg-opacity=\"1\" data-animation=\"\" data-delay=\"0\" >\n\t\t<div class=\"vc_column-inner\" >\n\t\t\t<div class=\"wpb_wrapper\">\n\t\t\t\t<p style=\"text-align: center\" class=\"vc_custom_heading custom-tab-item active-tab\" ><a href=\"https:\/\/odewinery.com\/pt\/experiences\/\" title=\"Experi\u00eancias\">Enoturismo<\/a><\/p>\n\t\t\t<\/div> \n\t\t<\/div>\n\t<\/div> \n\n\t<div  class=\"vc_col-sm-6 wpb_column column_container vc_column_container col no-extra-padding inherit_tablet inherit_phone\"  data-padding-pos=\"all\" data-has-bg-color=\"false\" data-bg-color=\"\" data-bg-opacity=\"1\" data-animation=\"\" data-delay=\"0\" >\n\t\t<div class=\"vc_column-inner\" >\n\t\t\t<div class=\"wpb_wrapper\">\n\t\t\t\t<p style=\"text-align: center\" class=\"vc_custom_heading custom-tab-item\" ><a href=\"https:\/\/odewinery.com\/pt\/upcoming-events\/\" title=\"Upcoming Events\">Pr\u00f3ximos Eventos<\/a><\/p>\n\t\t\t<\/div> \n\t\t<\/div>\n\t<\/div> \n<\/div><\/div>\r\n\t\t<div id=\"fws_69e1481d961b1\"  data-column-margin=\"default\" data-midnight=\"dark\"  class=\"wpb_row vc_row-fluid vc_row\"  style=\"padding-top: 0px; padding-bottom: 0px; \"><div class=\"row-bg-wrap\" data-bg-animation=\"none\" data-bg-overlay=\"false\"><div class=\"inner-wrap\"><div class=\"row-bg\"  style=\"\"><\/div><\/div><\/div><div class=\"row_col_wrap_12 col span_12 dark left\">\n\t<div  class=\"vc_col-sm-12 wpb_column column_container vc_column_container col no-extra-padding inherit_tablet inherit_phone\"  data-padding-pos=\"all\" data-has-bg-color=\"false\" data-bg-color=\"\" data-bg-opacity=\"1\" data-animation=\"\" data-delay=\"0\" >\n\t\t<div class=\"vc_column-inner\" >\n\t\t\t<div class=\"wpb_wrapper\">\n\t\t\t\t<div class=\"divider-wrap\" data-alignment=\"default\"><div style=\"height: 25px;\" class=\"divider\"><\/div><\/div>\r\n<div class=\"wpb_text_column wpb_content_element\" >\r\n\t<div class=\"wpb_wrapper\">\r\n\t\t<div class=\"event_listings\" data-location=\"\" data-keywords=\"\" data-show_filters=\"false\" data-show_pagination=\"false\" data-per_page=\"10\" data-orderby=\"event_start_date\" data-order=\"ASC\/DESC\" data-datetimes=\"\" data-categories=\"wine-tourism\" data-event_types=\"\" data-ticket_prices=\"\" data-event_online=\"\" ><div class=\"wpem-main wpem-event-listings-header\">\r\n    <div class=\"wpem-row\">\r\n        <div class=\"wpem-col wpem-col-12 wpem-col-sm-6 wpem-col-md-6 wpem-col-lg-8\">\r\n            <div class=\"wpem-event-listing-header-title\">\r\n                                    <h2 class=\"wpem-heading-text\">Eventos<\/h2>\r\n                            <\/div>\r\n        <\/div>\r\n        <div class=\"wpem-col wpem-col-12 wpem-col-sm-6 wpem-col-md-6 wpem-col-lg-4\">\r\n            <div class=\"wpem-event-layout-action-wrapper\">\r\n                <div class=\"wpem-event-layout-action\">\r\n                                    <\/div>\r\n            <\/div>\r\n        <\/div>\r\n    <\/div>\r\n<\/div>\r\n\r\n<!-- Event listing view -->\r\n<div class=\"event_listings_main\">\r\n    <div id=\"event-listing-view\" class=\"wpem-main wpem-event-listings event_listings wpem-row wpem-event-listing-box-view\" data-id=\"box\">\r\n<div class=\"wpem-event-box-col wpem-col wpem-col-12 wpem-col-md-6 wpem-col-lg-4\">\r\n    <!----- wpem-col-lg-4 value can be change by admin settings ------->\r\n    <div class=\"wpem-event-layout-wrapper\">\r\n        <div class=\"event_listing post-1678 type-event_listing status-publish has-post-thumbnail event_listing_category-wine-tourism\">\r\n            <a href=\"https:\/\/odewinery.com\/pt\/event\/winemaker-for-a-day\/\" class=\"wpem-event-action-url event-style-color\">\r\n                <div class=\"wpem-event-banner\">\r\n                    <div class=\"wpem-event-banner-img\" style=\"background-image: url(https:\/\/odewinery.com\/wp-content\/uploads\/2024\/05\/IMG_2414-1.jpg)\">\r\n                        <!-- Hide in list View \/\/ Show in Box View -->\r\n                                                <div class=\"wpem-event-date\">\r\n                            <div class=\"wpem-event-date-type\">\r\n                                                            <\/div>\r\n                        <\/div>\r\n                        <!-- Hide in list View \/\/ Show in Box View -->\r\n                    <\/div>\r\n                <\/div>\r\n\r\n                <div class=\"wpem-event-infomation\">\r\n                    <div class=\"wpem-event-date\">\r\n                        <div class=\"wpem-event-date-type\">\r\n                                                    <\/div>\r\n                    <\/div>\r\n\r\n                    <div class=\"wpem-event-details\">\r\n                                                <div class=\"wpem-event-title\">\r\n                            <h3 class=\"wpem-heading-text\">En\u00f3logo por um Dia<\/h3>\r\n                        <\/div>\r\n\r\n                        <div class=\"wpem-event-date-time\">\r\n                                                            <span class=\"wpem-event-date-time-text\">\r\n                                    Duration: 3h                                <\/span>\r\n                            <\/span>\r\n                                                    <\/div>\r\n                                                    <div class=\"wpem-event-price-type\">\r\n                                <span class=\"wpem-event-price-type-text\">\r\n                                                                            Price: \u20ac100 per person                                                                    <\/span>\r\n                            <\/div>\r\n                                                                            <div class=\"wpem-event-footer\">\r\n                                                    <a class=\"button_ode\" href=\"https:\/\/odewinery.com\/pt\/event\/winemaker-for-a-day\/\">\r\n                                <span class=\"text\">VER MAIS<\/span>\r\n                            <\/a>\r\n                        <\/div>\r\n                        <!-- Show in list View \/\/ Hide in Box View -->\r\n                                            <\/div>\r\n                <\/div>\r\n            <\/a>\r\n        <\/div>\r\n    <\/div>\r\n<\/div>\r\n\r\n<div class=\"wpem-event-box-col wpem-col wpem-col-12 wpem-col-md-6 wpem-col-lg-4\">\r\n    <!----- wpem-col-lg-4 value can be change by admin settings ------->\r\n    <div class=\"wpem-event-layout-wrapper\">\r\n        <div class=\"event_listing post-1680 type-event_listing status-publish has-post-thumbnail event_listing_category-wine-tourism\">\r\n            <a href=\"https:\/\/odewinery.com\/pt\/event\/winery-visit-with-paired-lunch\/\" class=\"wpem-event-action-url event-style-color\">\r\n                <div class=\"wpem-event-banner\">\r\n                    <div class=\"wpem-event-banner-img\" style=\"background-image: url(https:\/\/odewinery.com\/wp-content\/uploads\/2024\/05\/Experiences-Visit-Lunch.jpg)\">\r\n                        <!-- Hide in list View \/\/ Show in Box View -->\r\n                                                <div class=\"wpem-event-date\">\r\n                            <div class=\"wpem-event-date-type\">\r\n                                                            <\/div>\r\n                        <\/div>\r\n                        <!-- Hide in list View \/\/ Show in Box View -->\r\n                    <\/div>\r\n                <\/div>\r\n\r\n                <div class=\"wpem-event-infomation\">\r\n                    <div class=\"wpem-event-date\">\r\n                        <div class=\"wpem-event-date-type\">\r\n                                                    <\/div>\r\n                    <\/div>\r\n\r\n                    <div class=\"wpem-event-details\">\r\n                                                <div class=\"wpem-event-title\">\r\n                            <h3 class=\"wpem-heading-text\">Visita \u00e0 Adega com Almo\u00e7o<\/h3>\r\n                        <\/div>\r\n\r\n                        <div class=\"wpem-event-date-time\">\r\n                                                            <span class=\"wpem-event-date-time-text\">\r\n                                    Duration: 1h + lunch                                <\/span>\r\n                            <\/span>\r\n                                                    <\/div>\r\n                                                    <div class=\"wpem-event-price-type\">\r\n                                <span class=\"wpem-event-price-type-text\">\r\n                                                                            Price: \u20ac65 per person                                                                    <\/span>\r\n                            <\/div>\r\n                                                                            <div class=\"wpem-event-footer\">\r\n                                                    <a class=\"button_ode\" href=\"https:\/\/odewinery.com\/pt\/event\/winery-visit-with-paired-lunch\/\">\r\n                                <span class=\"text\">VER MAIS<\/span>\r\n                            <\/a>\r\n                        <\/div>\r\n                        <!-- Show in list View \/\/ Hide in Box View -->\r\n                                            <\/div>\r\n                <\/div>\r\n            <\/a>\r\n        <\/div>\r\n    <\/div>\r\n<\/div>\r\n\r\n<div class=\"wpem-event-box-col wpem-col wpem-col-12 wpem-col-md-6 wpem-col-lg-4\">\r\n    <!----- wpem-col-lg-4 value can be change by admin settings ------->\r\n    <div class=\"wpem-event-layout-wrapper\">\r\n        <div class=\"event_listing post-1682 type-event_listing status-publish has-post-thumbnail event_listing_category-wine-tourism\">\r\n            <a href=\"https:\/\/odewinery.com\/pt\/event\/winery-visit-wine-tasting-with-the-winemaker\/\" class=\"wpem-event-action-url event-style-color\">\r\n                <div class=\"wpem-event-banner\">\r\n                    <div class=\"wpem-event-banner-img\" style=\"background-image: url(https:\/\/odewinery.com\/wp-content\/uploads\/2024\/05\/Maria-Vicente.jpg)\">\r\n                        <!-- Hide in list View \/\/ Show in Box View -->\r\n                                                <div class=\"wpem-event-date\">\r\n                            <div class=\"wpem-event-date-type\">\r\n                                                            <\/div>\r\n                        <\/div>\r\n                        <!-- Hide in list View \/\/ Show in Box View -->\r\n                    <\/div>\r\n                <\/div>\r\n\r\n                <div class=\"wpem-event-infomation\">\r\n                    <div class=\"wpem-event-date\">\r\n                        <div class=\"wpem-event-date-type\">\r\n                                                    <\/div>\r\n                    <\/div>\r\n\r\n                    <div class=\"wpem-event-details\">\r\n                                                <div class=\"wpem-event-title\">\r\n                            <h3 class=\"wpem-heading-text\">Winery Visit &#038; Wine Tasting with the Winemaker<\/h3>\r\n                        <\/div>\r\n\r\n                        <div class=\"wpem-event-date-time\">\r\n                                                            <span class=\"wpem-event-date-time-text\">\r\n                                    Duration: 2h                                <\/span>\r\n                            <\/span>\r\n                                                    <\/div>\r\n                                                    <div class=\"wpem-event-price-type\">\r\n                                <span class=\"wpem-event-price-type-text\">\r\n                                                                            Price: \u20ac100 per person                                                                    <\/span>\r\n                            <\/div>\r\n                                                                            <div class=\"wpem-event-footer\">\r\n                                                    <a class=\"button_ode\" href=\"https:\/\/odewinery.com\/pt\/event\/winery-visit-wine-tasting-with-the-winemaker\/\">\r\n                                <span class=\"text\">VER MAIS<\/span>\r\n                            <\/a>\r\n                        <\/div>\r\n                        <!-- Show in list View \/\/ Hide in Box View -->\r\n                                            <\/div>\r\n                <\/div>\r\n            <\/a>\r\n        <\/div>\r\n    <\/div>\r\n<\/div>\r\n\r\n<div class=\"wpem-event-box-col wpem-col wpem-col-12 wpem-col-md-6 wpem-col-lg-4\">\r\n    <!----- wpem-col-lg-4 value can be change by admin settings ------->\r\n    <div class=\"wpem-event-layout-wrapper\">\r\n        <div class=\"event_listing post-1684 type-event_listing status-publish has-post-thumbnail event_listing_category-wine-tourism\">\r\n            <a href=\"https:\/\/odewinery.com\/pt\/event\/winery-visit-with-wine-tasting\/\" class=\"wpem-event-action-url event-style-color\">\r\n                <div class=\"wpem-event-banner\">\r\n                    <div class=\"wpem-event-banner-img\" style=\"background-image: url(https:\/\/odewinery.com\/wp-content\/uploads\/2024\/05\/Experiences-Visit.jpg)\">\r\n                        <!-- Hide in list View \/\/ Show in Box View -->\r\n                                                <div class=\"wpem-event-date\">\r\n                            <div class=\"wpem-event-date-type\">\r\n                                                            <\/div>\r\n                        <\/div>\r\n                        <!-- Hide in list View \/\/ Show in Box View -->\r\n                    <\/div>\r\n                <\/div>\r\n\r\n                <div class=\"wpem-event-infomation\">\r\n                    <div class=\"wpem-event-date\">\r\n                        <div class=\"wpem-event-date-type\">\r\n                                                    <\/div>\r\n                    <\/div>\r\n\r\n                    <div class=\"wpem-event-details\">\r\n                                                <div class=\"wpem-event-title\">\r\n                            <h3 class=\"wpem-heading-text\">Winery Visit with Wine Tasting<\/h3>\r\n                        <\/div>\r\n\r\n                        <div class=\"wpem-event-date-time\">\r\n                                                            <span class=\"wpem-event-date-time-text\">\r\n                                    Duration: 1h30                                <\/span>\r\n                            <\/span>\r\n                                                    <\/div>\r\n                                                    <div class=\"wpem-event-price-type\">\r\n                                <span class=\"wpem-event-price-type-text\">\r\n                                                                            Price: \u20ac20 per person                                                                    <\/span>\r\n                            <\/div>\r\n                                                                            <div class=\"wpem-event-footer\">\r\n                                                    <a class=\"button_ode\" href=\"https:\/\/odewinery.com\/pt\/event\/winery-visit-with-wine-tasting\/\">\r\n                                <span class=\"text\">VER MAIS<\/span>\r\n                            <\/a>\r\n                        <\/div>\r\n                        <!-- Show in list View \/\/ Hide in Box View -->\r\n                                            <\/div>\r\n                <\/div>\r\n            <\/a>\r\n        <\/div>\r\n    <\/div>\r\n<\/div>\r\n\r\n<div class=\"wpem-event-box-col wpem-col wpem-col-12 wpem-col-md-6 wpem-col-lg-4\">\r\n    <!----- wpem-col-lg-4 value can be change by admin settings ------->\r\n    <div class=\"wpem-event-layout-wrapper\">\r\n        <div class=\"event_listing post-3381 type-event_listing status-publish has-post-thumbnail event_listing_category-wine-tourism\">\r\n            <a href=\"https:\/\/odewinery.com\/pt\/event\/winery-visit-with-premium-tasting-and-lunch\/\" class=\"wpem-event-action-url event-style-color\">\r\n                <div class=\"wpem-event-banner\">\r\n                    <div class=\"wpem-event-banner-img\" style=\"background-image: url(https:\/\/odewinery.com\/wp-content\/uploads\/2026\/02\/Enologas.jpg)\">\r\n                        <!-- Hide in list View \/\/ Show in Box View -->\r\n                                                <div class=\"wpem-event-date\">\r\n                            <div class=\"wpem-event-date-type\">\r\n                                                            <\/div>\r\n                        <\/div>\r\n                        <!-- Hide in list View \/\/ Show in Box View -->\r\n                    <\/div>\r\n                <\/div>\r\n\r\n                <div class=\"wpem-event-infomation\">\r\n                    <div class=\"wpem-event-date\">\r\n                        <div class=\"wpem-event-date-type\">\r\n                                                    <\/div>\r\n                    <\/div>\r\n\r\n                    <div class=\"wpem-event-details\">\r\n                                                <div class=\"wpem-event-title\">\r\n                            <h3 class=\"wpem-heading-text\">Winery Visit With Premium Tasting and Lunch<\/h3>\r\n                        <\/div>\r\n\r\n                        <div class=\"wpem-event-date-time\">\r\n                                                            <span class=\"wpem-event-date-time-text\">\r\n                                    Duration: 1h + lunch                                <\/span>\r\n                            <\/span>\r\n                                                    <\/div>\r\n                                                    <div class=\"wpem-event-price-type\">\r\n                                <span class=\"wpem-event-price-type-text\">\r\n                                                                            Price: \u20ac120 per person                                                                    <\/span>\r\n                            <\/div>\r\n                                                                            <div class=\"wpem-event-footer\">\r\n                                                    <a class=\"button_ode\" href=\"https:\/\/odewinery.com\/pt\/event\/winery-visit-with-premium-tasting-and-lunch\/\">\r\n                                <span class=\"text\">VER MAIS<\/span>\r\n                            <\/a>\r\n                        <\/div>\r\n                        <!-- Show in list View \/\/ Hide in Box View -->\r\n                                            <\/div>\r\n                <\/div>\r\n            <\/a>\r\n        <\/div>\r\n    <\/div>\r\n<\/div>\r\n<\/div>\n<\/div><\/div>\n\t<\/div>\r\n<\/div>\r\n\r\n\r\n\r\n\n\t\t\t<\/div> \n\t\t<\/div>\n\t<\/div> \n<\/div><\/div>","protected":false},"excerpt":{"rendered":"Tuesday to Sunday \u2013 Available upon request Discover the story behind ODE with a guided tour through our winery. Learn about the history of the building, the vision behind the...","protected":false},"author":2,"featured_media":0,"parent":0,"menu_order":0,"comment_status":"closed","ping_status":"closed","template":"","meta":{"inline_featured_image":false,"_exactmetrics_skip_tracking":false,"_exactmetrics_sitenote_active":false,"_exactmetrics_sitenote_note":"","_exactmetrics_sitenote_category":0,"footnotes":""},"class_list":["post-2076","page","type-page","status-publish"],"jetpack_sharing_enabled":true,"_links":{"self":[{"href":"https:\/\/odewinery.com\/pt\/wp-json\/wp\/v2\/pages\/2076","targetHints":{"allow":["GET"]}}],"collection":[{"href":"https:\/\/odewinery.com\/pt\/wp-json\/wp\/v2\/pages"}],"about":[{"href":"https:\/\/odewinery.com\/pt\/wp-json\/wp\/v2\/types\/page"}],"author":[{"embeddable":true,"href":"https:\/\/odewinery.com\/pt\/wp-json\/wp\/v2\/users\/2"}],"replies":[{"embeddable":true,"href":"https:\/\/odewinery.com\/pt\/wp-json\/wp\/v2\/comments?post=2076"}],"version-history":[{"count":4,"href":"https:\/\/odewinery.com\/pt\/wp-json\/wp\/v2\/pages\/2076\/revisions"}],"predecessor-version":[{"id":2169,"href":"https:\/\/odewinery.com\/pt\/wp-json\/wp\/v2\/pages\/2076\/revisions\/2169"}],"wp:attachment":[{"href":"https:\/\/odewinery.com\/pt\/wp-json\/wp\/v2\/media?parent=2076"}],"curies":[{"name":"wp","href":"https:\/\/api.w.org\/{rel}","templated":true}]}}