{"id":1929,"date":"2023-01-26T11:21:36","date_gmt":"2023-01-26T11:21:36","guid":{"rendered":"https:\/\/staging.odewinery.com\/?page_id=619"},"modified":"2024-11-01T18:41:35","modified_gmt":"2024-11-01T18:41:35","slug":"farm","status":"publish","type":"page","link":"https:\/\/odewinery.com\/pt\/farm\/","title":{"rendered":"Quinta"},"content":{"rendered":"<div id=\"fws_69eb58c92c473\"  data-column-margin=\"default\" data-midnight=\"light\"  class=\"wpb_row vc_row-fluid vc_row full-width-content  vc_row-o-equal-height vc_row-flex  vc_row-o-content-middle parallax_section  bottom_padding_phone_50pct\"  style=\"padding-top: 240px; padding-bottom: 240px; \"><div class=\"row-bg-wrap\" data-bg-animation=\"fade-in\" data-bg-overlay=\"false\"><div class=\"inner-wrap using-image\"><div class=\"row-bg using-image\" data-parallax-speed=\"fast\" style=\"background-image: url(https:\/\/odewinery.com\/wp-content\/uploads\/2023\/01\/farm-04.jpg); background-position: center center; background-repeat: no-repeat; \"><\/div><\/div><\/div><div class=\"row_col_wrap_12 col span_12 light left\">\n\t<div  class=\"vc_col-sm-12 wpb_column column_container vc_column_container col has-animation no-extra-padding inherit_tablet inherit_phone\"  data-padding-pos=\"all\" data-has-bg-color=\"false\" data-bg-color=\"\" data-bg-opacity=\"1\" data-animation=\"fade-in-from-bottom\" data-delay=\"0\" >\n\t\t<div class=\"vc_column-inner\" >\n\t\t\t<div class=\"wpb_wrapper\">\n\t\t\t\t\n\t\t\t<\/div> \n\t\t<\/div>\n\t<\/div> \n<\/div><\/div>\r\n\t\t<div id=\"fws_69eb58c92cdd7\"  data-column-margin=\"default\" data-midnight=\"dark\" data-top-percent=\"5%\" data-bottom-percent=\"1%\"  class=\"wpb_row vc_row-fluid vc_row\"  style=\"padding-top: calc(100vw * 0.05); padding-bottom: calc(100vw * 0.01); \"><div class=\"row-bg-wrap\" data-bg-animation=\"none\" data-bg-overlay=\"false\"><div class=\"inner-wrap\"><div class=\"row-bg\"  style=\"\"><\/div><\/div><\/div><div class=\"row_col_wrap_12 col span_12 dark left\">\n\t<div  class=\"vc_col-sm-12 wpb_column column_container vc_column_container col centered-text no-extra-padding inherit_tablet inherit_phone\"  data-padding-pos=\"all\" data-has-bg-color=\"false\" data-bg-color=\"\" data-bg-opacity=\"1\" data-animation=\"\" data-delay=\"0\" >\n\t\t<div class=\"vc_column-inner\" >\n\t\t\t<div class=\"wpb_wrapper\">\n\t\t\t\t<h1 style=\"text-align: center\" class=\"vc_custom_heading\" >ODE FARM<\/h1><div class=\"divider-wrap height_tablet_20px height_phone_0px\" data-alignment=\"default\"><div style=\"height: 40px;\" class=\"divider\"><\/div><\/div>\r\n<div class=\"wpb_text_column wpb_content_element\" >\r\n\t<div class=\"wpb_wrapper\">\r\n\t\t<p>Na ODE Farm, o nosso compromisso com a sustentabilidade reflete-se numa abordagem cuidadosamente selecionada \u00e0 viticultura e \u00e0 agricultura biol\u00f3gica. Implementamos pr\u00e1ticas sustent\u00e1veis e ecol\u00f3gicas em todos os nossos processos. Desde a gest\u00e3o do solo at\u00e9 ao controlo de pragas, dando prioridade a m\u00e9todos que minimizem o impacto ambiental, garantindo ao mesmo tempo a sa\u00fade e vitalidade das vinhas, legumes e animais.<\/p>\n\t<\/div>\r\n<\/div>\r\n\r\n\r\n\r\n\n\t\t\t<\/div> \n\t\t<\/div>\n\t<\/div> \n<\/div><\/div>\r\n\t\t<div id=\"fws_69eb58c92da7a\"  data-column-margin=\"default\" data-midnight=\"dark\" data-top-percent=\"3%\" data-bottom-percent=\"8%\"  class=\"wpb_row vc_row-fluid vc_row\"  style=\"padding-top: calc(100vw * 0.03); padding-bottom: calc(100vw * 0.08); \"><div class=\"row-bg-wrap\" data-bg-animation=\"none\" data-bg-overlay=\"false\"><div class=\"inner-wrap\"><div class=\"row-bg\"  style=\"\"><\/div><\/div><\/div><div class=\"row_col_wrap_12 col span_12 dark left\">\n\t<div  class=\"vc_col-sm-1\/5 wpb_column column_container vc_column_container col no-extra-padding inherit_tablet inherit_phone\"  data-padding-pos=\"all\" data-has-bg-color=\"false\" data-bg-color=\"\" data-bg-opacity=\"1\" data-animation=\"\" data-delay=\"0\" >\n\t\t<div class=\"vc_column-inner\" >\n\t\t\t<div class=\"wpb_wrapper\">\n\t\t\t\t\n\t\t\t<\/div> \n\t\t<\/div>\n\t<\/div> \n\n\t<div  class=\"vc_col-sm-1\/5 wpb_column column_container vc_column_container col no-extra-padding inherit_tablet inherit_phone\"  data-padding-pos=\"all\" data-has-bg-color=\"false\" data-bg-color=\"\" data-bg-opacity=\"1\" data-animation=\"\" data-delay=\"0\" >\n\t\t<div class=\"vc_column-inner\" >\n\t\t\t<div class=\"wpb_wrapper\">\n\t\t\t\t\n\t\t\t<\/div> \n\t\t<\/div>\n\t<\/div> \n\n\t<div  class=\"vc_col-sm-1\/5 wpb_column column_container vc_column_container col no-extra-padding inherit_tablet inherit_phone\"  data-padding-pos=\"all\" data-has-bg-color=\"false\" data-bg-color=\"\" data-bg-opacity=\"1\" data-animation=\"\" data-delay=\"0\" >\n\t\t<div class=\"vc_column-inner\" >\n\t\t\t<div class=\"wpb_wrapper\">\n\t\t\t\t<div class=\"img-with-aniamtion-wrap center\" data-max-width=\"100%\" data-max-width-mobile=\"default\" data-border-radius=\"20px\" data-shadow=\"none\" data-animation=\"fade-in\" >\r\n      <div class=\"inner\">\r\n        <div class=\"hover-wrap\"> \r\n          <div class=\"hover-wrap-inner\">\r\n            <a href=\"https:\/\/odewinery.com\/pt\/vineyards\/\" target=\"_self\" class=\"center\">\r\n              <img loading=\"lazy\" decoding=\"async\" class=\"img-with-animation skip-lazy  nectar-lazy\" data-delay=\"0\" height=\"1200\" width=\"1200\" data-animation=\"fade-in\" data-nectar-img-src=\"https:\/\/odewinery.com\/wp-content\/uploads\/2024\/07\/btn-vineyards.jpg\" src=\"data:image\/svg+xml;charset=utf-8,%3Csvg%20xmlns%3D'http%3A%2F%2Fwww.w3.org%2F2000%2Fsvg'%20viewBox%3D'0%200%201200%201200'%2F%3E\" alt=\"\" data-nectar-img-srcset=\"https:\/\/odewinery.com\/wp-content\/uploads\/2024\/07\/btn-vineyards.jpg 1200w, https:\/\/odewinery.com\/wp-content\/uploads\/2024\/07\/btn-vineyards-768x768.jpg 768w, https:\/\/odewinery.com\/wp-content\/uploads\/2024\/07\/btn-vineyards-100x100.jpg 100w, https:\/\/odewinery.com\/wp-content\/uploads\/2024\/07\/btn-vineyards-140x140.jpg 140w, https:\/\/odewinery.com\/wp-content\/uploads\/2024\/07\/btn-vineyards-500x500.jpg 500w, https:\/\/odewinery.com\/wp-content\/uploads\/2024\/07\/btn-vineyards-350x350.jpg 350w, https:\/\/odewinery.com\/wp-content\/uploads\/2024\/07\/btn-vineyards-1000x1000.jpg 1000w, https:\/\/odewinery.com\/wp-content\/uploads\/2024\/07\/btn-vineyards-800x800.jpg 800w, https:\/\/odewinery.com\/wp-content\/uploads\/2024\/07\/btn-vineyards-150x150.jpg 150w\" sizes=\"auto, (min-width: 1450px) 75vw, (min-width: 1000px) 85vw, 100vw\" \/>\r\n            <\/a>\r\n          <\/div>\r\n        <\/div>\r\n      <\/div>\r\n      <\/div><div class=\"divider-wrap height_tablet_10px height_phone_0px\" data-alignment=\"default\"><div  class=\"divider\"><\/div><\/div><h1 style=\"text-align: center\" class=\"vc_custom_heading\" ><a href=\"https:\/\/odewinery.com\/pt\/vineyards\/\" title=\"Vinhas\">Vinhas<\/a><\/h1>\n\t\t\t<\/div> \n\t\t<\/div>\n\t<\/div> \n\n\t<div  class=\"vc_col-sm-1\/5 wpb_column column_container vc_column_container col no-extra-padding inherit_tablet inherit_phone\"  data-padding-pos=\"all\" data-has-bg-color=\"false\" data-bg-color=\"\" data-bg-opacity=\"1\" data-animation=\"\" data-delay=\"0\" >\n\t\t<div class=\"vc_column-inner\" >\n\t\t\t<div class=\"wpb_wrapper\">\n\t\t\t\t\n\t\t\t<\/div> \n\t\t<\/div>\n\t<\/div> \n\n\t<div  class=\"vc_col-sm-1\/5 wpb_column column_container vc_column_container col no-extra-padding inherit_tablet inherit_phone\"  data-padding-pos=\"all\" data-has-bg-color=\"false\" data-bg-color=\"\" data-bg-opacity=\"1\" data-animation=\"\" data-delay=\"0\" >\n\t\t<div class=\"vc_column-inner\" >\n\t\t\t<div class=\"wpb_wrapper\">\n\t\t\t\t\n\t\t\t<\/div> \n\t\t<\/div>\n\t<\/div> \n<\/div><\/div>\r\n\t\t<div id=\"fws_69eb58c92f5d6\"  data-column-margin=\"default\" data-midnight=\"dark\"  class=\"wpb_row vc_row-fluid vc_row\"  style=\"padding-top: 0px; padding-bottom: 0px; \"><div class=\"row-bg-wrap\" data-bg-animation=\"none\" data-bg-overlay=\"false\"><div class=\"inner-wrap\"><div class=\"row-bg\"  style=\"\"><\/div><\/div><\/div><div class=\"row_col_wrap_12 col span_12 dark left\">\n\t<div  class=\"vc_col-sm-12 wpb_column column_container vc_column_container col no-extra-padding inherit_tablet inherit_phone\"  data-padding-pos=\"all\" data-has-bg-color=\"false\" data-bg-color=\"\" data-bg-opacity=\"1\" data-animation=\"\" data-delay=\"0\" >\n\t\t<div class=\"vc_column-inner\" >\n\t\t\t<div class=\"wpb_wrapper\">\n\t\t\t\t<a class=\"nectar-button small regular accent-color  regular-button button-sticky\"  style=\"color: #ffffff; background-color: #b7752c;\"  href=\"\/pt\/experiences\/\" data-color-override=\"#b7752c\" data-hover-color-override=\"false\" data-hover-text-color-override=\"#fff\"><span>Marque a Sua Visita<\/span><\/a>\n\t\t\t<\/div> \n\t\t<\/div>\n\t<\/div> \n<\/div><\/div>","protected":false},"excerpt":{"rendered":"ODE FARM Na ODE Farm, o nosso compromisso com a sustentabilidade reflete-se numa abordagem cuidadosamente selecionada \u00e0 viticultura e \u00e0 agricultura biol\u00f3gica. Implementamos pr\u00e1ticas sustent\u00e1veis e ecol\u00f3gicas em todos os...","protected":false},"author":1,"featured_media":0,"parent":0,"menu_order":3,"comment_status":"closed","ping_status":"closed","template":"","meta":{"inline_featured_image":false,"_exactmetrics_skip_tracking":false,"_exactmetrics_sitenote_active":false,"_exactmetrics_sitenote_note":"","_exactmetrics_sitenote_category":0,"footnotes":""},"class_list":["post-1929","page","type-page","status-publish"],"jetpack_sharing_enabled":true,"_links":{"self":[{"href":"https:\/\/odewinery.com\/pt\/wp-json\/wp\/v2\/pages\/1929","targetHints":{"allow":["GET"]}}],"collection":[{"href":"https:\/\/odewinery.com\/pt\/wp-json\/wp\/v2\/pages"}],"about":[{"href":"https:\/\/odewinery.com\/pt\/wp-json\/wp\/v2\/types\/page"}],"author":[{"embeddable":true,"href":"https:\/\/odewinery.com\/pt\/wp-json\/wp\/v2\/users\/1"}],"replies":[{"embeddable":true,"href":"https:\/\/odewinery.com\/pt\/wp-json\/wp\/v2\/comments?post=1929"}],"version-history":[{"count":4,"href":"https:\/\/odewinery.com\/pt\/wp-json\/wp\/v2\/pages\/1929\/revisions"}],"predecessor-version":[{"id":2156,"href":"https:\/\/odewinery.com\/pt\/wp-json\/wp\/v2\/pages\/1929\/revisions\/2156"}],"wp:attachment":[{"href":"https:\/\/odewinery.com\/pt\/wp-json\/wp\/v2\/media?parent=1929"}],"curies":[{"name":"wp","href":"https:\/\/api.w.org\/{rel}","templated":true}]}}