{"id":1880,"date":"2022-04-06T17:10:28","date_gmt":"2022-04-06T17:10:28","guid":{"rendered":"https:\/\/staging.odewinery.com\/?page_id=85"},"modified":"2024-11-01T18:31:33","modified_gmt":"2024-11-01T18:31:33","slug":"winery","status":"publish","type":"page","link":"https:\/\/odewinery.com\/pt\/winery\/","title":{"rendered":"Adega"},"content":{"rendered":"<div id=\"fws_69e58b40b0b81\"  data-column-margin=\"default\" data-midnight=\"light\"  class=\"wpb_row vc_row-fluid vc_row full-width-content  vc_row-o-equal-height vc_row-flex  vc_row-o-content-middle parallax_section  bottom_padding_phone_50pct\"  style=\"padding-top: 240px; padding-bottom: 240px; \"><div class=\"row-bg-wrap\" data-bg-animation=\"fade-in\" data-bg-overlay=\"false\"><div class=\"inner-wrap using-image\"><div class=\"row-bg using-image\" data-parallax-speed=\"fast\" style=\"background-image: url(https:\/\/odewinery.com\/wp-content\/uploads\/2023\/02\/Landscape__Location_23-1-1.png); background-position: center center; background-repeat: no-repeat; \"><\/div><\/div><\/div><div class=\"row_col_wrap_12 col span_12 light left\">\n\t<div  class=\"vc_col-sm-12 wpb_column column_container vc_column_container col centered-text has-animation no-extra-padding inherit_tablet inherit_phone\"  data-padding-pos=\"all\" data-has-bg-color=\"false\" data-bg-color=\"\" data-bg-opacity=\"1\" data-animation=\"fade-in-from-bottom\" data-delay=\"0\" >\n\t\t<div class=\"vc_column-inner\" >\n\t\t\t<div class=\"wpb_wrapper\">\n\t\t\t\t\n\t\t\t<\/div> \n\t\t<\/div>\n\t<\/div> \n<\/div><\/div>\r\n\t\t<div id=\"fws_69e58b40b1df1\"  data-column-margin=\"default\" data-midnight=\"dark\" data-top-percent=\"5%\" data-bottom-percent=\"1%\"  class=\"wpb_row vc_row-fluid vc_row\"  style=\"padding-top: calc(100vw * 0.05); padding-bottom: calc(100vw * 0.01); \"><div class=\"row-bg-wrap\" data-bg-animation=\"none\" data-bg-overlay=\"false\"><div class=\"inner-wrap\"><div class=\"row-bg\"  style=\"\"><\/div><\/div><\/div><div class=\"row_col_wrap_12 col span_12 dark left\">\n\t<div  class=\"vc_col-sm-12 wpb_column column_container vc_column_container col centered-text no-extra-padding inherit_tablet inherit_phone\"  data-padding-pos=\"all\" data-has-bg-color=\"false\" data-bg-color=\"\" data-bg-opacity=\"1\" data-animation=\"\" data-delay=\"0\" >\n\t\t<div class=\"vc_column-inner\" >\n\t\t\t<div class=\"wpb_wrapper\">\n\t\t\t\t<h1 style=\"text-align: center\" class=\"vc_custom_heading\" >Ode Winery<\/h1><div class=\"divider-wrap\" data-alignment=\"default\"><div style=\"height: 40px;\" class=\"divider\"><\/div><\/div>\r\n<div class=\"wpb_text_column wpb_content_element\" >\r\n\t<div class=\"wpb_wrapper\">\r\n\t\t<p>Constru\u00edda em 1902, a adega tem um significado hist\u00f3rico para a regi\u00e3o. A ODE Winery iniciou as suas opera\u00e7\u00f5es em dezembro de 2021, trazendo uma nova vitalidade esta estrutura hist\u00f3rica. Com o compromisso de produzir vinhos com m\u00ednima interven\u00e7\u00e3o, a ODE Winery combina harmoniosamente a hist\u00f3ria desta adega com uma abordagem inovadora \u00e0 produ\u00e7\u00e3o de vinhos.<\/p>\n<p>A beleza arquitet\u00f3nica do edif\u00edcio surpreende os visitantes, que dificilmente conseguem perceber a sua magnitude atrav\u00e9s da fachada s\u00f3bria. Oferecemos uma variedade de experi\u00eancias tur\u00edsticas, incluindo visitas e provas de vinhos, para os amantes de vinho mas tamb\u00e9m para os que ainda est\u00e3o a dar os primeiros passos neste mundo dos vinhos.<\/p>\n<p>Apesar de ter capacidade para produzir 1 milh\u00e3o de garrafas por ano, a ODE Winery escolheu priorizar uma aten\u00e7\u00e3o meticulosa aos detalhes, garantindo a produ\u00e7\u00e3o de vinhos premium que personificam a excel\u00eancia.<\/p>\n<p>Experiencie tradi\u00e7\u00e3o e inova\u00e7\u00e3o na ODE Winery, onde o passado encontra o presente em cada garrafa.<\/p>\n\t<\/div>\r\n<\/div>\r\n\r\n\r\n\r\n\n\t\t\t<\/div> \n\t\t<\/div>\n\t<\/div> \n<\/div><\/div>\r\n\t\t<div id=\"fws_69e58b40b2d70\"  data-column-margin=\"default\" data-midnight=\"dark\" data-top-percent=\"3%\" data-bottom-percent=\"3%\"  class=\"wpb_row vc_row-fluid vc_row\"  style=\"padding-top: calc(100vw * 0.03); padding-bottom: calc(100vw * 0.03); \"><div class=\"row-bg-wrap\" data-bg-animation=\"none\" data-bg-overlay=\"false\"><div class=\"inner-wrap\"><div class=\"row-bg\"  style=\"\"><\/div><\/div><\/div><div class=\"row_col_wrap_12 col span_12 dark left\">\n\t<div  class=\"vc_col-sm-5 vc_hidden-sm vc_hidden-xs wpb_column column_container vc_column_container col no-extra-padding inherit_tablet inherit_phone\"  data-padding-pos=\"all\" data-has-bg-color=\"false\" data-bg-color=\"\" data-bg-opacity=\"1\" data-animation=\"\" data-delay=\"0\" >\n\t\t<div class=\"vc_column-inner\" >\n\t\t\t<div class=\"wpb_wrapper\">\n\t\t\t\t<div class=\"img-with-aniamtion-wrap\" data-max-width=\"100%\" data-max-width-mobile=\"default\" data-shadow=\"none\" data-animation=\"fade-in\" >\r\n      <div class=\"inner\">\r\n        <div class=\"hover-wrap\"> \r\n          <div class=\"hover-wrap-inner\">\r\n            <img loading=\"lazy\" decoding=\"async\" class=\"img-with-animation skip-lazy  nectar-lazy\" data-delay=\"0\" height=\"1600\" width=\"1200\" data-animation=\"fade-in\" data-nectar-img-src=\"https:\/\/odewinery.com\/wp-content\/uploads\/2024\/07\/WhatsApp-Image-2024-07-26-at-13.42.55.jpeg\" src=\"data:image\/svg+xml;charset=utf-8,%3Csvg%20xmlns%3D'http%3A%2F%2Fwww.w3.org%2F2000%2Fsvg'%20viewBox%3D'0%200%201200%201600'%2F%3E\" alt=\"\" data-nectar-img-srcset=\"https:\/\/odewinery.com\/wp-content\/uploads\/2024\/07\/WhatsApp-Image-2024-07-26-at-13.42.55.jpeg 1200w, https:\/\/odewinery.com\/wp-content\/uploads\/2024\/07\/WhatsApp-Image-2024-07-26-at-13.42.55-768x1024.jpeg 768w, https:\/\/odewinery.com\/wp-content\/uploads\/2024\/07\/WhatsApp-Image-2024-07-26-at-13.42.55-1152x1536.jpeg 1152w\" sizes=\"auto, (min-width: 1450px) 75vw, (min-width: 1000px) 85vw, 100vw\" \/>\r\n          <\/div>\r\n        <\/div>\r\n      <\/div>\r\n    <\/div>\n\t\t\t<\/div> \n\t\t<\/div>\n\t<\/div> \n\n\t<div  class=\"vc_col-sm-1 vc_hidden-sm vc_hidden-xs wpb_column column_container vc_column_container col no-extra-padding inherit_tablet inherit_phone\"  data-padding-pos=\"all\" data-has-bg-color=\"false\" data-bg-color=\"\" data-bg-opacity=\"1\" data-animation=\"\" data-delay=\"0\" >\n\t\t<div class=\"vc_column-inner\" >\n\t\t\t<div class=\"wpb_wrapper\">\n\t\t\t\t\n\t\t\t<\/div> \n\t\t<\/div>\n\t<\/div> \n\n\t<div  class=\"vc_col-sm-6 wpb_column column_container vc_column_container col no-extra-padding inherit_tablet inherit_phone\"  data-padding-pos=\"all\" data-has-bg-color=\"false\" data-bg-color=\"\" data-bg-opacity=\"1\" data-animation=\"\" data-delay=\"0\" >\n\t\t<div class=\"vc_column-inner\" >\n\t\t\t<div class=\"wpb_wrapper\">\n\t\t\t\t<h1 style=\"text-align: left\" class=\"vc_custom_heading\" >A EN\u00d3LOGA<\/h1><div class=\"divider-wrap height_tablet_20px height_phone_0px\" data-alignment=\"default\"><div  class=\"divider\"><\/div><\/div><div class=\"img-with-aniamtion-wrap\" data-max-width=\"none\" data-max-width-mobile=\"default\" data-shadow=\"none\" data-animation=\"fade-in\" >\r\n      <div class=\"inner\">\r\n        <div class=\"hover-wrap\"> \r\n          <div class=\"hover-wrap-inner\">\r\n            <img loading=\"lazy\" decoding=\"async\" class=\"img-with-animation skip-lazy hide-lg nectar-lazy\" data-delay=\"0\" height=\"1600\" width=\"1200\" data-animation=\"fade-in\" data-nectar-img-src=\"https:\/\/odewinery.com\/wp-content\/uploads\/2024\/07\/WhatsApp-Image-2024-07-26-at-13.42.55.jpeg\" src=\"data:image\/svg+xml;charset=utf-8,%3Csvg%20xmlns%3D'http%3A%2F%2Fwww.w3.org%2F2000%2Fsvg'%20viewBox%3D'0%200%201200%201600'%2F%3E\" alt=\"\" data-nectar-img-srcset=\"https:\/\/odewinery.com\/wp-content\/uploads\/2024\/07\/WhatsApp-Image-2024-07-26-at-13.42.55.jpeg 1200w, https:\/\/odewinery.com\/wp-content\/uploads\/2024\/07\/WhatsApp-Image-2024-07-26-at-13.42.55-768x1024.jpeg 768w, https:\/\/odewinery.com\/wp-content\/uploads\/2024\/07\/WhatsApp-Image-2024-07-26-at-13.42.55-1152x1536.jpeg 1152w\" sizes=\"auto, (min-width: 1450px) 75vw, (min-width: 1000px) 85vw, 100vw\" \/>\r\n          <\/div>\r\n        <\/div>\r\n      <\/div>\r\n    <\/div><div class=\"divider-wrap height_tablet_20px height_phone_0px\" data-alignment=\"default\"><div style=\"height: 20px;\" class=\"divider\"><\/div><\/div>\r\n<div class=\"wpb_text_column wpb_content_element\" >\r\n\t<div class=\"wpb_wrapper\">\r\n\t\t<p>Quando conhece Maria Vicente, natural do Alentejo, \u00e9 dif\u00edcil acreditar que j\u00e1 tenha mais de 20 colheitas no seu curr\u00edculo. Uma en\u00f3loga talentosa, com vasta experi\u00eancia enol\u00f3gica e um profundo conhecimento da regi\u00e3o e das castas mais adequadas. A Maria \u00e9 a respons\u00e1vel pela &#8220;magia&#8221; na ODE Winery.<\/p>\n<p>Mas a paix\u00e3o de Maria pelo vinho n\u00e3o se fica por aqui. Ela \u00e9 tamb\u00e9m uma entusiasta e certificada educadora de vinhos da Madeira e do Porto, professora do WSET, e membro de j\u00fari em variadas competi\u00e7\u00f5es de vinhos regionais e internacionais.<\/p>\n\t<\/div>\r\n<\/div>\r\n\r\n\r\n\r\n\n\t\t\t<\/div> \n\t\t<\/div>\n\t<\/div> \n<\/div><\/div>\r\n\t\t<div id=\"fws_69e58b40b4d1d\"  data-column-margin=\"default\" data-midnight=\"dark\" data-top-percent=\"3%\" data-bottom-percent=\"8%\"  class=\"wpb_row vc_row-fluid vc_row  vc_row-o-equal-height vc_row-flex\"  style=\"padding-top: calc(100vw * 0.03); padding-bottom: calc(100vw * 0.08); \"><div class=\"row-bg-wrap\" data-bg-animation=\"none\" data-bg-overlay=\"false\"><div class=\"inner-wrap\"><div class=\"row-bg\"  style=\"\"><\/div><\/div><\/div><div class=\"row_col_wrap_12 col span_12 dark left\">\n\t<div  class=\"vc_col-sm-1\/5 wpb_column column_container vc_column_container col no-extra-padding inherit_tablet inherit_phone\"  data-padding-pos=\"all\" data-has-bg-color=\"false\" data-bg-color=\"\" data-bg-opacity=\"1\" data-animation=\"\" data-delay=\"0\" >\n\t\t<div class=\"vc_column-inner\" >\n\t\t\t<div class=\"wpb_wrapper\">\n\t\t\t\t<div class=\"img-with-aniamtion-wrap center\" data-max-width=\"none\" data-max-width-mobile=\"default\" data-border-radius=\"20px\" data-shadow=\"none\" data-animation=\"fade-in\" >\r\n      <div class=\"inner\">\r\n        <div class=\"hover-wrap\"> \r\n          <div class=\"hover-wrap-inner\">\r\n            <a href=\"\/pt\/vineyards\/\" target=\"_self\" class=\"center\">\r\n              <img loading=\"lazy\" decoding=\"async\" class=\"img-with-animation skip-lazy  nectar-lazy\" data-delay=\"0\" height=\"1200\" width=\"1200\" data-animation=\"fade-in\" data-nectar-img-src=\"https:\/\/odewinery.com\/wp-content\/uploads\/2024\/07\/btn-vineyards.jpg\" src=\"data:image\/svg+xml;charset=utf-8,%3Csvg%20xmlns%3D'http%3A%2F%2Fwww.w3.org%2F2000%2Fsvg'%20viewBox%3D'0%200%201200%201200'%2F%3E\" alt=\"\" data-nectar-img-srcset=\"https:\/\/odewinery.com\/wp-content\/uploads\/2024\/07\/btn-vineyards.jpg 1200w, https:\/\/odewinery.com\/wp-content\/uploads\/2024\/07\/btn-vineyards-768x768.jpg 768w, https:\/\/odewinery.com\/wp-content\/uploads\/2024\/07\/btn-vineyards-100x100.jpg 100w, https:\/\/odewinery.com\/wp-content\/uploads\/2024\/07\/btn-vineyards-140x140.jpg 140w, https:\/\/odewinery.com\/wp-content\/uploads\/2024\/07\/btn-vineyards-500x500.jpg 500w, https:\/\/odewinery.com\/wp-content\/uploads\/2024\/07\/btn-vineyards-350x350.jpg 350w, https:\/\/odewinery.com\/wp-content\/uploads\/2024\/07\/btn-vineyards-1000x1000.jpg 1000w, https:\/\/odewinery.com\/wp-content\/uploads\/2024\/07\/btn-vineyards-800x800.jpg 800w, https:\/\/odewinery.com\/wp-content\/uploads\/2024\/07\/btn-vineyards-150x150.jpg 150w\" sizes=\"auto, (min-width: 1450px) 75vw, (min-width: 1000px) 85vw, 100vw\" \/>\r\n            <\/a>\r\n          <\/div>\r\n        <\/div>\r\n      <\/div>\r\n      <\/div><div class=\"divider-wrap height_tablet_20px height_phone_0px\" data-alignment=\"default\"><div  class=\"divider\"><\/div><\/div><h1 style=\"text-align: center\" class=\"vc_custom_heading\" ><a href=\"https:\/\/odewinery.com\/pt\/vineyards\/\" title=\"Vinhas\">Vinhas<\/a><\/h1>\n\t\t\t<\/div> \n\t\t<\/div>\n\t<\/div> \n\n\t<div  class=\"vc_col-sm-1\/5 wpb_column column_container vc_column_container col no-extra-padding inherit_tablet inherit_phone\"  data-padding-pos=\"all\" data-has-bg-color=\"false\" data-bg-color=\"\" data-bg-opacity=\"1\" data-animation=\"\" data-delay=\"0\" >\n\t\t<div class=\"vc_column-inner\" >\n\t\t\t<div class=\"wpb_wrapper\">\n\t\t\t\t\n\t\t\t<\/div> \n\t\t<\/div>\n\t<\/div> \n\n\t<div  class=\"vc_col-sm-1\/5 wpb_column column_container vc_column_container col no-extra-padding inherit_tablet inherit_phone\"  data-padding-pos=\"all\" data-has-bg-color=\"false\" data-bg-color=\"\" data-bg-opacity=\"1\" data-animation=\"\" data-delay=\"0\" >\n\t\t<div class=\"vc_column-inner\" >\n\t\t\t<div class=\"wpb_wrapper\">\n\t\t\t\t<div class=\"img-with-aniamtion-wrap center\" data-max-width=\"none\" data-max-width-mobile=\"default\" data-border-radius=\"20px\" data-shadow=\"none\" data-animation=\"fade-in\" >\r\n      <div class=\"inner\">\r\n        <div class=\"hover-wrap\"> \r\n          <div class=\"hover-wrap-inner\">\r\n            <a href=\"\/pt\/experiences\/\" target=\"_self\" class=\"center\">\r\n              <img loading=\"lazy\" decoding=\"async\" class=\"img-with-animation skip-lazy  nectar-lazy\" data-delay=\"0\" height=\"1200\" width=\"1200\" data-animation=\"fade-in\" data-nectar-img-src=\"https:\/\/odewinery.com\/wp-content\/uploads\/2024\/07\/btn-experiences.jpg\" src=\"data:image\/svg+xml;charset=utf-8,%3Csvg%20xmlns%3D'http%3A%2F%2Fwww.w3.org%2F2000%2Fsvg'%20viewBox%3D'0%200%201200%201200'%2F%3E\" alt=\"\" data-nectar-img-srcset=\"https:\/\/odewinery.com\/wp-content\/uploads\/2024\/07\/btn-experiences.jpg 1200w, https:\/\/odewinery.com\/wp-content\/uploads\/2024\/07\/btn-experiences-768x768.jpg 768w, https:\/\/odewinery.com\/wp-content\/uploads\/2024\/07\/btn-experiences-100x100.jpg 100w, https:\/\/odewinery.com\/wp-content\/uploads\/2024\/07\/btn-experiences-140x140.jpg 140w, https:\/\/odewinery.com\/wp-content\/uploads\/2024\/07\/btn-experiences-500x500.jpg 500w, https:\/\/odewinery.com\/wp-content\/uploads\/2024\/07\/btn-experiences-350x350.jpg 350w, https:\/\/odewinery.com\/wp-content\/uploads\/2024\/07\/btn-experiences-1000x1000.jpg 1000w, https:\/\/odewinery.com\/wp-content\/uploads\/2024\/07\/btn-experiences-800x800.jpg 800w, https:\/\/odewinery.com\/wp-content\/uploads\/2024\/07\/btn-experiences-150x150.jpg 150w\" sizes=\"auto, (min-width: 1450px) 75vw, (min-width: 1000px) 85vw, 100vw\" \/>\r\n            <\/a>\r\n          <\/div>\r\n        <\/div>\r\n      <\/div>\r\n      <\/div><div class=\"divider-wrap height_tablet_10px height_phone_0px\" data-alignment=\"default\"><div  class=\"divider\"><\/div><\/div><h1 style=\"text-align: center\" class=\"vc_custom_heading\" ><a href=\"https:\/\/odewinery.com\/pt\/experiences\/\" title=\"Experi\u00eancias\">Experi\u00eancias<\/a><\/h1>\n\t\t\t<\/div> \n\t\t<\/div>\n\t<\/div> \n\n\t<div  class=\"vc_col-sm-1\/5 wpb_column column_container vc_column_container col no-extra-padding inherit_tablet inherit_phone\"  data-padding-pos=\"all\" data-has-bg-color=\"false\" data-bg-color=\"\" data-bg-opacity=\"1\" data-animation=\"\" data-delay=\"0\" >\n\t\t<div class=\"vc_column-inner\" >\n\t\t\t<div class=\"wpb_wrapper\">\n\t\t\t\t\n\t\t\t<\/div> \n\t\t<\/div>\n\t<\/div> \n\n\t<div  class=\"vc_col-sm-1\/5 wpb_column column_container vc_column_container col no-extra-padding inherit_tablet inherit_phone\"  data-padding-pos=\"all\" data-has-bg-color=\"false\" data-bg-color=\"\" data-bg-opacity=\"1\" data-animation=\"\" data-delay=\"0\" >\n\t\t<div class=\"vc_column-inner\" >\n\t\t\t<div class=\"wpb_wrapper\">\n\t\t\t\t<div class=\"img-with-aniamtion-wrap center\" data-max-width=\"none\" data-max-width-mobile=\"default\" data-border-radius=\"20px\" data-shadow=\"none\" data-animation=\"fade-in\" >\r\n      <div class=\"inner\">\r\n        <div class=\"hover-wrap\"> \r\n          <div class=\"hover-wrap-inner\">\r\n            <a href=\"\/pt\/wines\/\" target=\"_self\" class=\"center\">\r\n              <img loading=\"lazy\" decoding=\"async\" class=\"img-with-animation skip-lazy  nectar-lazy\" data-delay=\"0\" height=\"1200\" width=\"1200\" data-animation=\"fade-in\" data-nectar-img-src=\"https:\/\/odewinery.com\/wp-content\/uploads\/2024\/07\/btn-wines.jpg\" src=\"data:image\/svg+xml;charset=utf-8,%3Csvg%20xmlns%3D'http%3A%2F%2Fwww.w3.org%2F2000%2Fsvg'%20viewBox%3D'0%200%201200%201200'%2F%3E\" alt=\"\" data-nectar-img-srcset=\"https:\/\/odewinery.com\/wp-content\/uploads\/2024\/07\/btn-wines.jpg 1200w, https:\/\/odewinery.com\/wp-content\/uploads\/2024\/07\/btn-wines-768x768.jpg 768w, https:\/\/odewinery.com\/wp-content\/uploads\/2024\/07\/btn-wines-100x100.jpg 100w, https:\/\/odewinery.com\/wp-content\/uploads\/2024\/07\/btn-wines-140x140.jpg 140w, https:\/\/odewinery.com\/wp-content\/uploads\/2024\/07\/btn-wines-500x500.jpg 500w, https:\/\/odewinery.com\/wp-content\/uploads\/2024\/07\/btn-wines-350x350.jpg 350w, https:\/\/odewinery.com\/wp-content\/uploads\/2024\/07\/btn-wines-1000x1000.jpg 1000w, https:\/\/odewinery.com\/wp-content\/uploads\/2024\/07\/btn-wines-800x800.jpg 800w, https:\/\/odewinery.com\/wp-content\/uploads\/2024\/07\/btn-wines-150x150.jpg 150w\" sizes=\"auto, (min-width: 1450px) 75vw, (min-width: 1000px) 85vw, 100vw\" \/>\r\n            <\/a>\r\n          <\/div>\r\n        <\/div>\r\n      <\/div>\r\n      <\/div><div class=\"divider-wrap height_tablet_10px height_phone_0px\" data-alignment=\"default\"><div  class=\"divider\"><\/div><\/div><h1 style=\"text-align: center\" class=\"vc_custom_heading\" id=\"wines\"><a href=\"https:\/\/odewinery.com\/pt\/wines\/\" title=\"Vinhos\">Vinhos<\/a><\/h1>\n\t\t\t<\/div> \n\t\t<\/div>\n\t<\/div> \n<\/div><\/div>\r\n\t\t<div id=\"fws_69e58b40b8664\"  data-column-margin=\"default\" data-midnight=\"dark\"  class=\"wpb_row vc_row-fluid vc_row\"  style=\"padding-top: 0px; padding-bottom: 0px; \"><div class=\"row-bg-wrap\" data-bg-animation=\"none\" data-bg-overlay=\"false\"><div class=\"inner-wrap\"><div class=\"row-bg\"  style=\"\"><\/div><\/div><\/div><div class=\"row_col_wrap_12 col span_12 dark left\">\n\t<div  class=\"vc_col-sm-12 wpb_column column_container vc_column_container col no-extra-padding inherit_tablet inherit_phone\"  data-padding-pos=\"all\" data-has-bg-color=\"false\" data-bg-color=\"\" data-bg-opacity=\"1\" data-animation=\"\" data-delay=\"0\" >\n\t\t<div class=\"vc_column-inner\" >\n\t\t\t<div class=\"wpb_wrapper\">\n\t\t\t\t<a class=\"nectar-button small regular accent-color  regular-button button-sticky\"  style=\"color: #ffffff; background-color: #b7752c;\"  href=\"\/pt\/experiences\/\" data-color-override=\"#b7752c\" data-hover-color-override=\"false\" data-hover-text-color-override=\"#fff\"><span>Marque a Sua Visita<\/span><\/a>\n\t\t\t<\/div> \n\t\t<\/div>\n\t<\/div> \n<\/div><\/div>","protected":false},"excerpt":{"rendered":"Ode Winery Constru\u00edda em 1902, a adega tem um significado hist\u00f3rico para a regi\u00e3o. A ODE Winery iniciou as suas opera\u00e7\u00f5es em dezembro de 2021, trazendo uma nova vitalidade esta...","protected":false},"author":1,"featured_media":0,"parent":0,"menu_order":1,"comment_status":"closed","ping_status":"closed","template":"","meta":{"inline_featured_image":false,"_exactmetrics_skip_tracking":false,"_exactmetrics_sitenote_active":false,"_exactmetrics_sitenote_note":"","_exactmetrics_sitenote_category":0,"footnotes":""},"class_list":["post-1880","page","type-page","status-publish"],"jetpack_sharing_enabled":true,"_links":{"self":[{"href":"https:\/\/odewinery.com\/pt\/wp-json\/wp\/v2\/pages\/1880","targetHints":{"allow":["GET"]}}],"collection":[{"href":"https:\/\/odewinery.com\/pt\/wp-json\/wp\/v2\/pages"}],"about":[{"href":"https:\/\/odewinery.com\/pt\/wp-json\/wp\/v2\/types\/page"}],"author":[{"embeddable":true,"href":"https:\/\/odewinery.com\/pt\/wp-json\/wp\/v2\/users\/1"}],"replies":[{"embeddable":true,"href":"https:\/\/odewinery.com\/pt\/wp-json\/wp\/v2\/comments?post=1880"}],"version-history":[{"count":9,"href":"https:\/\/odewinery.com\/pt\/wp-json\/wp\/v2\/pages\/1880\/revisions"}],"predecessor-version":[{"id":2153,"href":"https:\/\/odewinery.com\/pt\/wp-json\/wp\/v2\/pages\/1880\/revisions\/2153"}],"wp:attachment":[{"href":"https:\/\/odewinery.com\/pt\/wp-json\/wp\/v2\/media?parent=1880"}],"curies":[{"name":"wp","href":"https:\/\/api.w.org\/{rel}","templated":true}]}}