{"id":1312,"date":"2024-02-14T00:44:24","date_gmt":"2024-02-14T00:44:24","guid":{"rendered":"https:\/\/staging.odewinery.com\/?page_id=1312"},"modified":"2024-11-01T18:43:48","modified_gmt":"2024-11-01T18:43:48","slug":"vineyards","status":"publish","type":"page","link":"https:\/\/odewinery.com\/pt\/vineyards\/","title":{"rendered":"Vinhas"},"content":{"rendered":"<div id=\"fws_69e58b4adf0ce\"  data-column-margin=\"default\" data-midnight=\"light\"  class=\"wpb_row vc_row-fluid vc_row full-width-content  vc_row-o-equal-height vc_row-flex  vc_row-o-content-middle parallax_section  bottom_padding_phone_50pct\"  style=\"padding-top: 240px; padding-bottom: 240px; \"><div class=\"row-bg-wrap\" data-bg-animation=\"fade-in\" data-bg-overlay=\"false\"><div class=\"inner-wrap using-image\"><div class=\"row-bg using-image\" data-parallax-speed=\"fast\" style=\"background-image: url(https:\/\/odewinery.com\/wp-content\/uploads\/2023\/02\/FARM_2-1-1.png); background-position: center center; background-repeat: no-repeat; \"><\/div><\/div><\/div><div class=\"row_col_wrap_12 col span_12 light left\">\n\t<div  class=\"vc_col-sm-12 wpb_column column_container vc_column_container col centered-text has-animation no-extra-padding inherit_tablet inherit_phone\"  data-padding-pos=\"all\" data-has-bg-color=\"false\" data-bg-color=\"\" data-bg-opacity=\"1\" data-animation=\"fade-in-from-bottom\" data-delay=\"0\" >\n\t\t<div class=\"vc_column-inner\" >\n\t\t\t<div class=\"wpb_wrapper\">\n\t\t\t\t\n\t\t\t<\/div> \n\t\t<\/div>\n\t<\/div> \n<\/div><\/div>\r\n\t\t<div id=\"fws_69e58b4adfd23\"  data-column-margin=\"default\" data-midnight=\"dark\" data-top-percent=\"5%\" data-bottom-percent=\"1%\"  class=\"wpb_row vc_row-fluid vc_row\"  style=\"padding-top: calc(100vw * 0.05); padding-bottom: calc(100vw * 0.01); \"><div class=\"row-bg-wrap\" data-bg-animation=\"none\" data-bg-overlay=\"false\"><div class=\"inner-wrap\"><div class=\"row-bg\"  style=\"\"><\/div><\/div><\/div><div class=\"row_col_wrap_12 col span_12 dark left\">\n\t<div  class=\"vc_col-sm-12 wpb_column column_container vc_column_container col centered-text no-extra-padding inherit_tablet inherit_phone\"  data-padding-pos=\"all\" data-has-bg-color=\"false\" data-bg-color=\"\" data-bg-opacity=\"1\" data-animation=\"\" data-delay=\"0\" >\n\t\t<div class=\"vc_column-inner\" >\n\t\t\t<div class=\"wpb_wrapper\">\n\t\t\t\t<h1 style=\"text-align: center\" class=\"vc_custom_heading\" >Vinhas<\/h1><div class=\"divider-wrap\" data-alignment=\"default\"><div style=\"height: 40px;\" class=\"divider\"><\/div><\/div>\r\n<div class=\"wpb_text_column wpb_content_element\" >\r\n\t<div class=\"wpb_wrapper\">\r\n\t\t<p>Distribu\u00eddas pelos 96 hectares da herdade, as nossas vinhas harmonizam com sobreiros e oliveiras. Para al\u00e9m de vinhos excepcionais, as nossas vinhas oferecem tamb\u00e9m um ref\u00fagio sereno da vida urbana, para os nossos visitantes.<\/p>\n<p>Adotando princ\u00edpios org\u00e2nicos, sustent\u00e1veis e regenerativos, priorizamos a sa\u00fade dos nossos solos, mantemos mat\u00e9ria org\u00e2nica positiva e cultivamos um ambiente livre de doen\u00e7as. O nosso cuidado dedicado assegura que as nossas vinhas produzam consistentemente frutos de alta qualidade ano ap\u00f3s ano.<\/p>\n<p>O rico solo calc\u00e1rio da quinta permite o cultivo de uma vasta gama de variedades de uvas, desde as locais Arinto, Fern\u00e3o Pires, Alvarinho, Touriga Nacional, Tinta Barroca at\u00e9 variedades internacionais como Semillon, Viognier, Pinot Gris, Alicante Bouschet, Cabernet Sauvignon, Merlot e Syrah.<\/p>\n<p>Nas nossas vinhas, as pr\u00e1ticas sustent\u00e1veis e as variedades excecionais de uvas convergem para criar experi\u00eancias de vinho incompar\u00e1veis.<\/p>\n\t<\/div>\r\n<\/div>\r\n\r\n\r\n\r\n\n\t\t\t<\/div> \n\t\t<\/div>\n\t<\/div> \n<\/div><\/div>\r\n\t\t<div id=\"fws_69e58b4ae0d7d\"  data-column-margin=\"default\" data-midnight=\"dark\" data-top-percent=\"3%\" data-bottom-percent=\"8%\"  class=\"wpb_row vc_row-fluid vc_row  vc_row-o-equal-height vc_row-flex\"  style=\"padding-top: calc(100vw * 0.03); padding-bottom: calc(100vw * 0.08); \"><div class=\"row-bg-wrap\" data-bg-animation=\"none\" data-bg-overlay=\"false\"><div class=\"inner-wrap\"><div class=\"row-bg\"  style=\"\"><\/div><\/div><\/div><div class=\"row_col_wrap_12 col span_12 dark left\">\n\t<div  class=\"vc_col-sm-1\/5 wpb_column column_container vc_column_container col no-extra-padding inherit_tablet inherit_phone\"  data-padding-pos=\"all\" data-has-bg-color=\"false\" data-bg-color=\"\" data-bg-opacity=\"1\" data-animation=\"\" data-delay=\"0\" >\n\t\t<div class=\"vc_column-inner\" >\n\t\t\t<div class=\"wpb_wrapper\">\n\t\t\t\t<div class=\"img-with-aniamtion-wrap center\" data-max-width=\"none\" data-max-width-mobile=\"default\" data-border-radius=\"20px\" data-shadow=\"none\" data-animation=\"fade-in\" >\r\n      <div class=\"inner\">\r\n        <div class=\"hover-wrap\"> \r\n          <div class=\"hover-wrap-inner\">\r\n            <a href=\"\/pt\/winery\/\" target=\"_self\" class=\"center\">\r\n              <img loading=\"lazy\" decoding=\"async\" class=\"img-with-animation skip-lazy  nectar-lazy\" data-delay=\"0\" height=\"1200\" width=\"1200\" data-animation=\"fade-in\" data-nectar-img-src=\"https:\/\/odewinery.com\/wp-content\/uploads\/2024\/08\/btn-winery.jpg\" src=\"data:image\/svg+xml;charset=utf-8,%3Csvg%20xmlns%3D'http%3A%2F%2Fwww.w3.org%2F2000%2Fsvg'%20viewBox%3D'0%200%201200%201200'%2F%3E\" alt=\"\" data-nectar-img-srcset=\"https:\/\/odewinery.com\/wp-content\/uploads\/2024\/08\/btn-winery.jpg 1200w, https:\/\/odewinery.com\/wp-content\/uploads\/2024\/08\/btn-winery-768x768.jpg 768w, https:\/\/odewinery.com\/wp-content\/uploads\/2024\/08\/btn-winery-100x100.jpg 100w, https:\/\/odewinery.com\/wp-content\/uploads\/2024\/08\/btn-winery-140x140.jpg 140w, https:\/\/odewinery.com\/wp-content\/uploads\/2024\/08\/btn-winery-500x500.jpg 500w, https:\/\/odewinery.com\/wp-content\/uploads\/2024\/08\/btn-winery-350x350.jpg 350w, https:\/\/odewinery.com\/wp-content\/uploads\/2024\/08\/btn-winery-1000x1000.jpg 1000w, https:\/\/odewinery.com\/wp-content\/uploads\/2024\/08\/btn-winery-800x800.jpg 800w, https:\/\/odewinery.com\/wp-content\/uploads\/2024\/08\/btn-winery-150x150.jpg 150w\" sizes=\"auto, (min-width: 1450px) 75vw, (min-width: 1000px) 85vw, 100vw\" \/>\r\n            <\/a>\r\n          <\/div>\r\n        <\/div>\r\n      <\/div>\r\n      <\/div><div class=\"divider-wrap height_tablet_20px height_phone_0px\" data-alignment=\"default\"><div  class=\"divider\"><\/div><\/div><h1 style=\"text-align: center\" class=\"vc_custom_heading\" ><a href=\"https:\/\/odewinery.com\/pt\/winery\/\" title=\"Adega\">Adega<\/a><\/h1>\n\t\t\t<\/div> \n\t\t<\/div>\n\t<\/div> \n\n\t<div  class=\"vc_col-sm-1\/5 wpb_column column_container vc_column_container col no-extra-padding inherit_tablet inherit_phone\"  data-padding-pos=\"all\" data-has-bg-color=\"false\" data-bg-color=\"\" data-bg-opacity=\"1\" data-animation=\"\" data-delay=\"0\" >\n\t\t<div class=\"vc_column-inner\" >\n\t\t\t<div class=\"wpb_wrapper\">\n\t\t\t\t\n\t\t\t<\/div> \n\t\t<\/div>\n\t<\/div> \n\n\t<div  class=\"vc_col-sm-1\/5 wpb_column column_container vc_column_container col no-extra-padding inherit_tablet inherit_phone\"  data-padding-pos=\"all\" data-has-bg-color=\"false\" data-bg-color=\"\" data-bg-opacity=\"1\" data-animation=\"\" data-delay=\"0\" >\n\t\t<div class=\"vc_column-inner\" >\n\t\t\t<div class=\"wpb_wrapper\">\n\t\t\t\t<div class=\"img-with-aniamtion-wrap center\" data-max-width=\"none\" data-max-width-mobile=\"default\" data-border-radius=\"20px\" data-shadow=\"none\" data-animation=\"fade-in\" >\r\n      <div class=\"inner\">\r\n        <div class=\"hover-wrap\"> \r\n          <div class=\"hover-wrap-inner\">\r\n            <a href=\"\/pt\/experiences\/\" target=\"_self\" class=\"center\">\r\n              <img loading=\"lazy\" decoding=\"async\" class=\"img-with-animation skip-lazy  nectar-lazy\" data-delay=\"0\" height=\"1200\" width=\"1200\" data-animation=\"fade-in\" data-nectar-img-src=\"https:\/\/odewinery.com\/wp-content\/uploads\/2024\/07\/btn-experiences.jpg\" src=\"data:image\/svg+xml;charset=utf-8,%3Csvg%20xmlns%3D'http%3A%2F%2Fwww.w3.org%2F2000%2Fsvg'%20viewBox%3D'0%200%201200%201200'%2F%3E\" alt=\"\" data-nectar-img-srcset=\"https:\/\/odewinery.com\/wp-content\/uploads\/2024\/07\/btn-experiences.jpg 1200w, https:\/\/odewinery.com\/wp-content\/uploads\/2024\/07\/btn-experiences-768x768.jpg 768w, https:\/\/odewinery.com\/wp-content\/uploads\/2024\/07\/btn-experiences-100x100.jpg 100w, https:\/\/odewinery.com\/wp-content\/uploads\/2024\/07\/btn-experiences-140x140.jpg 140w, https:\/\/odewinery.com\/wp-content\/uploads\/2024\/07\/btn-experiences-500x500.jpg 500w, https:\/\/odewinery.com\/wp-content\/uploads\/2024\/07\/btn-experiences-350x350.jpg 350w, https:\/\/odewinery.com\/wp-content\/uploads\/2024\/07\/btn-experiences-1000x1000.jpg 1000w, https:\/\/odewinery.com\/wp-content\/uploads\/2024\/07\/btn-experiences-800x800.jpg 800w, https:\/\/odewinery.com\/wp-content\/uploads\/2024\/07\/btn-experiences-150x150.jpg 150w\" sizes=\"auto, (min-width: 1450px) 75vw, (min-width: 1000px) 85vw, 100vw\" \/>\r\n            <\/a>\r\n          <\/div>\r\n        <\/div>\r\n      <\/div>\r\n      <\/div><div class=\"divider-wrap height_tablet_10px height_phone_0px\" data-alignment=\"default\"><div  class=\"divider\"><\/div><\/div><h1 style=\"text-align: center\" class=\"vc_custom_heading\" ><a href=\"https:\/\/odewinery.com\/pt\/experiences\/\" title=\"Experi\u00eancias\">Experi\u00eancias<\/a><\/h1>\n\t\t\t<\/div> \n\t\t<\/div>\n\t<\/div> \n\n\t<div  class=\"vc_col-sm-1\/5 wpb_column column_container vc_column_container col no-extra-padding inherit_tablet inherit_phone\"  data-padding-pos=\"all\" data-has-bg-color=\"false\" data-bg-color=\"\" data-bg-opacity=\"1\" data-animation=\"\" data-delay=\"0\" >\n\t\t<div class=\"vc_column-inner\" >\n\t\t\t<div class=\"wpb_wrapper\">\n\t\t\t\t\n\t\t\t<\/div> \n\t\t<\/div>\n\t<\/div> \n\n\t<div  class=\"vc_col-sm-1\/5 wpb_column column_container vc_column_container col no-extra-padding inherit_tablet inherit_phone\"  data-padding-pos=\"all\" data-has-bg-color=\"false\" data-bg-color=\"\" data-bg-opacity=\"1\" data-animation=\"\" data-delay=\"0\" >\n\t\t<div class=\"vc_column-inner\" >\n\t\t\t<div class=\"wpb_wrapper\">\n\t\t\t\t<div class=\"img-with-aniamtion-wrap center\" data-max-width=\"none\" data-max-width-mobile=\"default\" data-border-radius=\"20px\" data-shadow=\"none\" data-animation=\"fade-in\" >\r\n      <div class=\"inner\">\r\n        <div class=\"hover-wrap\"> \r\n          <div class=\"hover-wrap-inner\">\r\n            <a href=\"\/pt\/wines\/\" target=\"_self\" class=\"center\">\r\n              <img loading=\"lazy\" decoding=\"async\" class=\"img-with-animation skip-lazy  nectar-lazy\" data-delay=\"0\" height=\"1200\" width=\"1200\" data-animation=\"fade-in\" data-nectar-img-src=\"https:\/\/odewinery.com\/wp-content\/uploads\/2024\/07\/btn-wines.jpg\" src=\"data:image\/svg+xml;charset=utf-8,%3Csvg%20xmlns%3D'http%3A%2F%2Fwww.w3.org%2F2000%2Fsvg'%20viewBox%3D'0%200%201200%201200'%2F%3E\" alt=\"\" data-nectar-img-srcset=\"https:\/\/odewinery.com\/wp-content\/uploads\/2024\/07\/btn-wines.jpg 1200w, https:\/\/odewinery.com\/wp-content\/uploads\/2024\/07\/btn-wines-768x768.jpg 768w, https:\/\/odewinery.com\/wp-content\/uploads\/2024\/07\/btn-wines-100x100.jpg 100w, https:\/\/odewinery.com\/wp-content\/uploads\/2024\/07\/btn-wines-140x140.jpg 140w, https:\/\/odewinery.com\/wp-content\/uploads\/2024\/07\/btn-wines-500x500.jpg 500w, https:\/\/odewinery.com\/wp-content\/uploads\/2024\/07\/btn-wines-350x350.jpg 350w, https:\/\/odewinery.com\/wp-content\/uploads\/2024\/07\/btn-wines-1000x1000.jpg 1000w, https:\/\/odewinery.com\/wp-content\/uploads\/2024\/07\/btn-wines-800x800.jpg 800w, https:\/\/odewinery.com\/wp-content\/uploads\/2024\/07\/btn-wines-150x150.jpg 150w\" sizes=\"auto, (min-width: 1450px) 75vw, (min-width: 1000px) 85vw, 100vw\" \/>\r\n            <\/a>\r\n          <\/div>\r\n        <\/div>\r\n      <\/div>\r\n      <\/div><div class=\"divider-wrap height_tablet_10px height_phone_0px\" data-alignment=\"default\"><div  class=\"divider\"><\/div><\/div><h1 style=\"text-align: center\" class=\"vc_custom_heading\" id=\"wines\"><a href=\"https:\/\/odewinery.com\/pt\/wines\/\" title=\"Vinhos\">Vinhos<\/a><\/h1>\n\t\t\t<\/div> \n\t\t<\/div>\n\t<\/div> \n<\/div><\/div>\r\n\t\t<div id=\"fws_69e58b4ae4531\"  data-column-margin=\"default\" data-midnight=\"dark\"  class=\"wpb_row vc_row-fluid vc_row\"  style=\"padding-top: 0px; padding-bottom: 0px; \"><div class=\"row-bg-wrap\" data-bg-animation=\"none\" data-bg-overlay=\"false\"><div class=\"inner-wrap\"><div class=\"row-bg\"  style=\"\"><\/div><\/div><\/div><div class=\"row_col_wrap_12 col span_12 dark left\">\n\t<div  class=\"vc_col-sm-12 wpb_column column_container vc_column_container col no-extra-padding inherit_tablet inherit_phone\"  data-padding-pos=\"all\" data-has-bg-color=\"false\" data-bg-color=\"\" data-bg-opacity=\"1\" data-animation=\"\" data-delay=\"0\" >\n\t\t<div class=\"vc_column-inner\" >\n\t\t\t<div class=\"wpb_wrapper\">\n\t\t\t\t<a class=\"nectar-button small regular accent-color  regular-button button-sticky\"  style=\"color: #ffffff; background-color: #b7752c;\"  href=\"\/pt\/experiences\/\" data-color-override=\"#b7752c\" data-hover-color-override=\"false\" data-hover-text-color-override=\"#fff\"><span>Marque a Sua Visita<\/span><\/a>\n\t\t\t<\/div> \n\t\t<\/div>\n\t<\/div> \n<\/div><\/div>","protected":false},"excerpt":{"rendered":"Vineyards Distribu\u00eddas pelos 96 hectares da herdade, as nossas vinhas harmonizam com sobreiros e oliveiras. Para al\u00e9m de vinhos excepcionais, as nossas vinhas oferecem tamb\u00e9m um ref\u00fagio sereno da vida...","protected":false},"author":1,"featured_media":0,"parent":0,"menu_order":1,"comment_status":"closed","ping_status":"closed","template":"","meta":{"inline_featured_image":false,"_exactmetrics_skip_tracking":false,"_exactmetrics_sitenote_active":false,"_exactmetrics_sitenote_note":"","_exactmetrics_sitenote_category":0,"footnotes":""},"class_list":["post-1312","page","type-page","status-publish"],"jetpack_sharing_enabled":true,"_links":{"self":[{"href":"https:\/\/odewinery.com\/pt\/wp-json\/wp\/v2\/pages\/1312","targetHints":{"allow":["GET"]}}],"collection":[{"href":"https:\/\/odewinery.com\/pt\/wp-json\/wp\/v2\/pages"}],"about":[{"href":"https:\/\/odewinery.com\/pt\/wp-json\/wp\/v2\/types\/page"}],"author":[{"embeddable":true,"href":"https:\/\/odewinery.com\/pt\/wp-json\/wp\/v2\/users\/1"}],"replies":[{"embeddable":true,"href":"https:\/\/odewinery.com\/pt\/wp-json\/wp\/v2\/comments?post=1312"}],"version-history":[{"count":6,"href":"https:\/\/odewinery.com\/pt\/wp-json\/wp\/v2\/pages\/1312\/revisions"}],"predecessor-version":[{"id":2157,"href":"https:\/\/odewinery.com\/pt\/wp-json\/wp\/v2\/pages\/1312\/revisions\/2157"}],"wp:attachment":[{"href":"https:\/\/odewinery.com\/pt\/wp-json\/wp\/v2\/media?parent=1312"}],"curies":[{"name":"wp","href":"https:\/\/api.w.org\/{rel}","templated":true}]}}